{"id":480,"date":"2015-03-24T17:50:52","date_gmt":"2015-03-24T17:50:52","guid":{"rendered":"http:\/\/www.henkeschreieck.at\/?page_id=480"},"modified":"2015-08-29T19:44:52","modified_gmt":"2015-08-29T19:44:52","slug":"bahnhof-baden","status":"publish","type":"page","link":"https:\/\/www.henkeschreieck.at\/index.php\/projects\/diverse\/bahnhof-baden\/","title":{"rendered":"Bahnhof Baden"},"content":{"rendered":"<p><div id=\"metaslider-id-1043\" style=\"width: 100%;\" class=\"ml-slider-3-62-0 metaslider metaslider-flex metaslider-1043 ml-slider ms-theme-default\" role=\"region\" aria-roledescription=\"Slideshow\" aria-label=\"Banhof Baden\">\n    <div id=\"metaslider_container_1043\">\n        <div id=\"metaslider_1043\" class=\"flexslider\">\n            <ul aria-live=\"polite\" class=\"slides\">\n                <li style=\"display: block; width: 100%;\" class=\"slide-1048 ms-image \" aria-roledescription=\"slide\" aria-label=\"slide-1048\"><img loading=\"lazy\" decoding=\"async\" width=\"1015\" height=\"580\" src=\"https:\/\/www.henkeschreieck.at\/wp-content\/uploads\/2015\/04\/039.jpg\" class=\"slider-1043 slide-1048\" alt=\"\" rel=\"\" title=\"\" srcset=\"https:\/\/www.henkeschreieck.at\/wp-content\/uploads\/2015\/04\/039.jpg 1015w, https:\/\/www.henkeschreieck.at\/wp-content\/uploads\/2015\/04\/039-300x171.jpg 300w\" sizes=\"(max-width: 1015px) 100vw, 1015px\" \/><\/li>\n                <li style=\"display: none; width: 100%;\" class=\"slide-1047 ms-image \" aria-roledescription=\"slide\" aria-label=\"slide-1047\"><img loading=\"lazy\" decoding=\"async\" width=\"1015\" height=\"580\" src=\"https:\/\/www.henkeschreieck.at\/wp-content\/uploads\/2015\/04\/0210.jpg\" class=\"slider-1043 slide-1047\" alt=\"\" rel=\"\" title=\"\" srcset=\"https:\/\/www.henkeschreieck.at\/wp-content\/uploads\/2015\/04\/0210.jpg 1015w, https:\/\/www.henkeschreieck.at\/wp-content\/uploads\/2015\/04\/0210-300x171.jpg 300w\" sizes=\"(max-width: 1015px) 100vw, 1015px\" \/><\/li>\n                <li style=\"display: none; width: 100%;\" class=\"slide-1046 ms-image \" aria-roledescription=\"slide\" aria-label=\"slide-1046\"><img loading=\"lazy\" decoding=\"async\" width=\"1015\" height=\"580\" src=\"https:\/\/www.henkeschreieck.at\/wp-content\/uploads\/2015\/04\/019.jpg\" class=\"slider-1043 slide-1046\" alt=\"\" rel=\"\" title=\"\" srcset=\"https:\/\/www.henkeschreieck.at\/wp-content\/uploads\/2015\/04\/019.jpg 1015w, https:\/\/www.henkeschreieck.at\/wp-content\/uploads\/2015\/04\/019-300x171.jpg 300w\" sizes=\"(max-width: 1015px) 100vw, 1015px\" \/><\/li>\n                <li style=\"display: none; width: 100%;\" class=\"slide-1053 ms-image \" aria-roledescription=\"slide\" aria-label=\"slide-1053\"><img loading=\"lazy\" decoding=\"async\" width=\"1015\" height=\"580\" src=\"https:\/\/www.henkeschreieck.at\/wp-content\/uploads\/2015\/04\/089.jpg\" class=\"slider-1043 slide-1053\" alt=\"\" rel=\"\" title=\"\" srcset=\"https:\/\/www.henkeschreieck.at\/wp-content\/uploads\/2015\/04\/089.jpg 1015w, https:\/\/www.henkeschreieck.at\/wp-content\/uploads\/2015\/04\/089-300x171.jpg 300w\" sizes=\"(max-width: 1015px) 100vw, 1015px\" \/><\/li>\n                <li style=\"display: none; width: 100%;\" class=\"slide-1054 ms-image \" aria-roledescription=\"slide\" aria-label=\"slide-1054\"><img loading=\"lazy\" decoding=\"async\" width=\"1015\" height=\"580\" src=\"https:\/\/www.henkeschreieck.at\/wp-content\/uploads\/2015\/04\/098.jpg\" class=\"slider-1043 slide-1054\" alt=\"\" rel=\"\" title=\"\" srcset=\"https:\/\/www.henkeschreieck.at\/wp-content\/uploads\/2015\/04\/098.jpg 1015w, https:\/\/www.henkeschreieck.at\/wp-content\/uploads\/2015\/04\/098-300x171.jpg 300w\" sizes=\"(max-width: 1015px) 100vw, 1015px\" \/><\/li>\n                <li style=\"display: none; width: 100%;\" class=\"slide-1050 ms-image \" aria-roledescription=\"slide\" aria-label=\"slide-1050\"><img loading=\"lazy\" decoding=\"async\" width=\"1015\" height=\"580\" src=\"https:\/\/www.henkeschreieck.at\/wp-content\/uploads\/2015\/04\/059.jpg\" class=\"slider-1043 slide-1050\" alt=\"\" rel=\"\" title=\"\" srcset=\"https:\/\/www.henkeschreieck.at\/wp-content\/uploads\/2015\/04\/059.jpg 1015w, https:\/\/www.henkeschreieck.at\/wp-content\/uploads\/2015\/04\/059-300x171.jpg 300w\" sizes=\"(max-width: 1015px) 100vw, 1015px\" \/><\/li>\n                <li style=\"display: none; width: 100%;\" class=\"slide-1049 ms-image \" aria-roledescription=\"slide\" aria-label=\"slide-1049\"><img loading=\"lazy\" decoding=\"async\" width=\"1015\" height=\"580\" src=\"https:\/\/www.henkeschreieck.at\/wp-content\/uploads\/2015\/04\/0410.jpg\" class=\"slider-1043 slide-1049\" alt=\"\" rel=\"\" title=\"\" srcset=\"https:\/\/www.henkeschreieck.at\/wp-content\/uploads\/2015\/04\/0410.jpg 1015w, https:\/\/www.henkeschreieck.at\/wp-content\/uploads\/2015\/04\/0410-300x171.jpg 300w\" sizes=\"(max-width: 1015px) 100vw, 1015px\" \/><\/li>\n                <li style=\"display: none; width: 100%;\" class=\"slide-1052 ms-image \" aria-roledescription=\"slide\" aria-label=\"slide-1052\"><img loading=\"lazy\" decoding=\"async\" width=\"1015\" height=\"580\" src=\"https:\/\/www.henkeschreieck.at\/wp-content\/uploads\/2015\/04\/0710.jpg\" class=\"slider-1043 slide-1052\" alt=\"\" rel=\"\" title=\"\" srcset=\"https:\/\/www.henkeschreieck.at\/wp-content\/uploads\/2015\/04\/0710.jpg 1015w, https:\/\/www.henkeschreieck.at\/wp-content\/uploads\/2015\/04\/0710-300x171.jpg 300w\" sizes=\"(max-width: 1015px) 100vw, 1015px\" \/><\/li>\n                <li style=\"display: none; width: 100%;\" class=\"slide-1055 ms-image \" aria-roledescription=\"slide\" aria-label=\"slide-1055\"><img loading=\"lazy\" decoding=\"async\" width=\"1015\" height=\"580\" src=\"https:\/\/www.henkeschreieck.at\/wp-content\/uploads\/2015\/04\/108.jpg\" class=\"slider-1043 slide-1055\" alt=\"\" rel=\"\" title=\"\" srcset=\"https:\/\/www.henkeschreieck.at\/wp-content\/uploads\/2015\/04\/108.jpg 1015w, https:\/\/www.henkeschreieck.at\/wp-content\/uploads\/2015\/04\/108-300x171.jpg 300w\" sizes=\"(max-width: 1015px) 100vw, 1015px\" \/><\/li>\n                <li style=\"display: none; width: 100%;\" class=\"slide-1056 ms-image \" aria-roledescription=\"slide\" aria-label=\"slide-1056\"><img loading=\"lazy\" decoding=\"async\" width=\"1015\" height=\"580\" src=\"https:\/\/www.henkeschreieck.at\/wp-content\/uploads\/2015\/04\/116.jpg\" class=\"slider-1043 slide-1056\" alt=\"\" rel=\"\" title=\"\" srcset=\"https:\/\/www.henkeschreieck.at\/wp-content\/uploads\/2015\/04\/116.jpg 1015w, https:\/\/www.henkeschreieck.at\/wp-content\/uploads\/2015\/04\/116-300x171.jpg 300w\" sizes=\"(max-width: 1015px) 100vw, 1015px\" \/><\/li>\n            <\/ul>\n        <\/div>\n        \n    <\/div>\n<\/div><br \/>\n<div id=\"links-link-480\" class=\"sh-link links-link sh-hide\"><a href=\"#\" onclick=\"showhide_toggle('links', 480, '\u2192 Beschreibung', 'Beschreibung \u2190'); return false;\" aria-expanded=\"false\"><span id=\"links-toggle-480\">\u2192 Beschreibung<\/span><\/a><\/div><div id=\"links-content-480\" class=\"sh-content links-content sh-hide\" style=\"display: none;\"><\/p>\n<p><strong>Bahnhof Badenc + Vorplatz<\/strong><br \/>\nBauherr:\u00d6BB Infrastruktur und Bau AG (ES-AH) ehemals \u00d6BB PE-Planung &amp; Engineering<br \/>\nProjektteam \/ Mitarbeit: DI Kirchmayr, DI Sommer<br \/>\nBauzeit: 1999-2004<\/p>\n<p>Die Idee des Entwurfes basiert auf der Thematisierung des bestehenden Bahndammes.<br \/>\nDie bestehende Mauer des Viadukts als Charakteristikum des Ortes wird zum bestimmenden Element, aus der an gezielten Stellen der neue, nunmehr in den Damm integrierte Bahnhof ausbricht.<br \/>\nIn der Verl\u00e4ngerung des bestehenden Verbindungstunnels zur Park &amp; Ride Anlage \u00f6ffnet sich die neue zweigeschossige Halle zum Vorplatz. Die transparente Gestaltung der Fassade schafft einerseits ein freundliches Ambiente im Service- und Dienstleistungsbereich, andererseits ist ein flie\u00dfender \u00dcbergang vom Vorplatz ins Innere des Bahnhofes zu den Aufg\u00e4ngen der beiden Bahnsteige und in weiterer Folge zur Park &amp; Ride Anlage gegeben.<br \/>\nDie neue Eingangshalle setzt ein signifikantes Zeichen Richtung Stadt und ist Teil einer Raumsequenz, bestehend aus Eingangshalle, Durchgang und Tunnel.<br \/>\nVon dieser r\u00e4umlich differenziert gestalteten lichtdurchfluteten Zone aus erfolgt der direkte Zugang zu den Bahnsteigen und zu den Service- und Dienstleistungsbereichen.<br \/>\nAuf Bahnsteigniveau ist in beiden Richtungen jeweils ein Warteraum mit direktem Zugang zu den Bahnsteigen und Blickbeziehung zur Stadt situiert.<br \/>\nDie Gesch\u00e4fte sind im Bahndamm integriert und sind sowohl von der Eingangshalle als auch vom Vorplatz aus zug\u00e4nglich. Zu deren Belichtung werden die Ausmauerungen der B\u00f6gen entfernt und durch Glasw\u00e4nde ersetzt.<\/p>\n<p><\/div><br \/>\n<div id=\"links2-link-480\" class=\"sh-link links2-link sh-hide\"><a href=\"#\" onclick=\"showhide_toggle('links2', 480, '\u2192 Publikationen', 'Publikationen \u2190'); return false;\" aria-expanded=\"false\"><span id=\"links2-toggle-480\">\u2192 Publikationen<\/span><\/a><\/div><div id=\"links2-content-480\" class=\"sh-content links2-content sh-hide\" style=\"display: none;\"><\/p>\n<ul>\n<li><a href=\"http:\/\/www.henkeschreieck.at\/wp-content\/uploads\/2015\/08\/presse.pdf\" target=\"_blank\">Die Presse Spectrum 2005<\/a><\/li>\n<\/ul>\n<p><\/div><\/p>\n","protected":false},"excerpt":{"rendered":"","protected":false},"author":1,"featured_media":0,"parent":478,"menu_order":1,"comment_status":"closed","ping_status":"closed","template":"page-text.php","meta":{"_seopress_robots_primary_cat":"","_seopress_titles_title":"","_seopress_titles_desc":"","_seopress_robots_index":"","ocean_post_layout":"","ocean_both_sidebars_style":"","ocean_both_sidebars_content_width":0,"ocean_both_sidebars_sidebars_width":0,"ocean_sidebar":"","ocean_second_sidebar":"","ocean_disable_margins":"enable","ocean_add_body_class":"","ocean_shortcode_before_top_bar":"","ocean_shortcode_after_top_bar":"","ocean_shortcode_before_header":"","ocean_shortcode_after_header":"","ocean_has_shortcode":"","ocean_shortcode_after_title":"","ocean_shortcode_before_footer_widgets":"","ocean_shortcode_after_footer_widgets":"","ocean_shortcode_before_footer_bottom":"","ocean_shortcode_after_footer_bottom":"","ocean_display_top_bar":"default","ocean_display_header":"default","ocean_header_style":"","ocean_center_header_left_menu":"","ocean_custom_header_template":"","ocean_custom_logo":0,"ocean_custom_retina_logo":0,"ocean_custom_logo_max_width":0,"ocean_custom_logo_tablet_max_width":0,"ocean_custom_logo_mobile_max_width":0,"ocean_custom_logo_max_height":0,"ocean_custom_logo_tablet_max_height":0,"ocean_custom_logo_mobile_max_height":0,"ocean_header_custom_menu":"","ocean_menu_typo_font_family":"","ocean_menu_typo_font_subset":"","ocean_menu_typo_font_size":0,"ocean_menu_typo_font_size_tablet":0,"ocean_menu_typo_font_size_mobile":0,"ocean_menu_typo_font_size_unit":"px","ocean_menu_typo_font_weight":"","ocean_menu_typo_font_weight_tablet":"","ocean_menu_typo_font_weight_mobile":"","ocean_menu_typo_transform":"","ocean_menu_typo_transform_tablet":"","ocean_menu_typo_transform_mobile":"","ocean_menu_typo_line_height":0,"ocean_menu_typo_line_height_tablet":0,"ocean_menu_typo_line_height_mobile":0,"ocean_menu_typo_line_height_unit":"","ocean_menu_typo_spacing":0,"ocean_menu_typo_spacing_tablet":0,"ocean_menu_typo_spacing_mobile":0,"ocean_menu_typo_spacing_unit":"","ocean_menu_link_color":"","ocean_menu_link_color_hover":"","ocean_menu_link_color_active":"","ocean_menu_link_background":"","ocean_menu_link_hover_background":"","ocean_menu_link_active_background":"","ocean_menu_social_links_bg":"","ocean_menu_social_hover_links_bg":"","ocean_menu_social_links_color":"","ocean_menu_social_hover_links_color":"","ocean_disable_title":"default","ocean_disable_heading":"default","ocean_post_title":"","ocean_post_subheading":"","ocean_post_title_style":"","ocean_post_title_background_color":"","ocean_post_title_background":0,"ocean_post_title_bg_image_position":"","ocean_post_title_bg_image_attachment":"","ocean_post_title_bg_image_repeat":"","ocean_post_title_bg_image_size":"","ocean_post_title_height":0,"ocean_post_title_bg_overlay":0.5,"ocean_post_title_bg_overlay_color":"","ocean_disable_breadcrumbs":"default","ocean_breadcrumbs_color":"","ocean_breadcrumbs_separator_color":"","ocean_breadcrumbs_links_color":"","ocean_breadcrumbs_links_hover_color":"","ocean_display_footer_widgets":"default","ocean_display_footer_bottom":"default","ocean_custom_footer_template":"","footnotes":""},"_links":{"self":[{"href":"https:\/\/www.henkeschreieck.at\/index.php\/wp-json\/wp\/v2\/pages\/480"}],"collection":[{"href":"https:\/\/www.henkeschreieck.at\/index.php\/wp-json\/wp\/v2\/pages"}],"about":[{"href":"https:\/\/www.henkeschreieck.at\/index.php\/wp-json\/wp\/v2\/types\/page"}],"author":[{"embeddable":true,"href":"https:\/\/www.henkeschreieck.at\/index.php\/wp-json\/wp\/v2\/users\/1"}],"replies":[{"embeddable":true,"href":"https:\/\/www.henkeschreieck.at\/index.php\/wp-json\/wp\/v2\/comments?post=480"}],"version-history":[{"count":0,"href":"https:\/\/www.henkeschreieck.at\/index.php\/wp-json\/wp\/v2\/pages\/480\/revisions"}],"up":[{"embeddable":true,"href":"https:\/\/www.henkeschreieck.at\/index.php\/wp-json\/wp\/v2\/pages\/478"}],"wp:attachment":[{"href":"https:\/\/www.henkeschreieck.at\/index.php\/wp-json\/wp\/v2\/media?parent=480"}],"curies":[{"name":"wp","href":"https:\/\/api.w.org\/{rel}","templated":true}]}}