{"id":465,"date":"2015-03-24T17:47:20","date_gmt":"2015-03-24T17:47:20","guid":{"rendered":"http:\/\/www.henkeschreieck.at\/?page_id=465"},"modified":"2015-08-31T12:02:28","modified_gmt":"2015-08-31T12:02:28","slug":"sowi","status":"publish","type":"page","link":"https:\/\/www.henkeschreieck.at\/index.php\/projects\/bildung\/sowi\/","title":{"rendered":"Sowi"},"content":{"rendered":"<p><div id=\"metaslider-id-693\" style=\"width: 100%;\" class=\"ml-slider-3-62-0 metaslider metaslider-flex metaslider-693 ml-slider ms-theme-default\" role=\"region\" aria-roledescription=\"Slideshow\" aria-label=\"SOWI\">\n    <div id=\"metaslider_container_693\">\n        <div id=\"metaslider_693\" class=\"flexslider\">\n            <ul aria-live=\"polite\" class=\"slides\">\n                <li style=\"display: block; width: 100%;\" class=\"slide-2106 ms-image \" aria-roledescription=\"slide\" aria-label=\"slide-2106\"><img loading=\"lazy\" decoding=\"async\" width=\"1015\" height=\"580\" src=\"https:\/\/www.henkeschreieck.at\/wp-content\/uploads\/2015\/08\/01-sowi-h-01-henk_croped.jpg\" class=\"slider-693 slide-2106\" alt=\"\" rel=\"\" title=\"\" srcset=\"https:\/\/www.henkeschreieck.at\/wp-content\/uploads\/2015\/08\/01-sowi-h-01-henk_croped.jpg 1015w, https:\/\/www.henkeschreieck.at\/wp-content\/uploads\/2015\/08\/01-sowi-h-01-henk_croped-300x171.jpg 300w\" sizes=\"(max-width: 1015px) 100vw, 1015px\" \/><\/li>\n                <li style=\"display: none; width: 100%;\" class=\"slide-2107 ms-image \" aria-roledescription=\"slide\" aria-label=\"slide-2107\"><img loading=\"lazy\" decoding=\"async\" width=\"1015\" height=\"580\" src=\"https:\/\/www.henkeschreieck.at\/wp-content\/uploads\/2015\/08\/02-1401_MCI_croped.jpg\" class=\"slider-693 slide-2107\" alt=\"\" rel=\"\" title=\"\" srcset=\"https:\/\/www.henkeschreieck.at\/wp-content\/uploads\/2015\/08\/02-1401_MCI_croped.jpg 1015w, https:\/\/www.henkeschreieck.at\/wp-content\/uploads\/2015\/08\/02-1401_MCI_croped-300x171.jpg 300w\" sizes=\"(max-width: 1015px) 100vw, 1015px\" \/><\/li>\n                <li style=\"display: none; width: 100%;\" class=\"slide-2108 ms-image \" aria-roledescription=\"slide\" aria-label=\"slide-2108\"><img loading=\"lazy\" decoding=\"async\" width=\"1015\" height=\"580\" src=\"https:\/\/www.henkeschreieck.at\/wp-content\/uploads\/2015\/08\/033.jpg\" class=\"slider-693 slide-2108\" alt=\"\" rel=\"\" title=\"\" srcset=\"https:\/\/www.henkeschreieck.at\/wp-content\/uploads\/2015\/08\/033.jpg 1015w, https:\/\/www.henkeschreieck.at\/wp-content\/uploads\/2015\/08\/033-300x171.jpg 300w\" sizes=\"(max-width: 1015px) 100vw, 1015px\" \/><\/li>\n                <li style=\"display: none; width: 100%;\" class=\"slide-2109 ms-image \" aria-roledescription=\"slide\" aria-label=\"slide-2109\"><img loading=\"lazy\" decoding=\"async\" width=\"1015\" height=\"580\" src=\"https:\/\/www.henkeschreieck.at\/wp-content\/uploads\/2015\/08\/04-b-sowi_croped.jpg\" class=\"slider-693 slide-2109\" alt=\"\" rel=\"\" title=\"\" srcset=\"https:\/\/www.henkeschreieck.at\/wp-content\/uploads\/2015\/08\/04-b-sowi_croped.jpg 1015w, https:\/\/www.henkeschreieck.at\/wp-content\/uploads\/2015\/08\/04-b-sowi_croped-300x171.jpg 300w\" sizes=\"(max-width: 1015px) 100vw, 1015px\" \/><\/li>\n                <li style=\"display: none; width: 100%;\" class=\"slide-2479 ms-image \" aria-roledescription=\"slide\" aria-label=\"slide-2479\"><img loading=\"lazy\" decoding=\"async\" width=\"1015\" height=\"580\" src=\"https:\/\/www.henkeschreieck.at\/wp-content\/uploads\/2015\/08\/04-c-Weinberger-Kaefig-05-croped.jpg\" class=\"slider-693 slide-2479\" alt=\"\" rel=\"\" title=\"\" srcset=\"https:\/\/www.henkeschreieck.at\/wp-content\/uploads\/2015\/08\/04-c-Weinberger-Kaefig-05-croped.jpg 1015w, https:\/\/www.henkeschreieck.at\/wp-content\/uploads\/2015\/08\/04-c-Weinberger-Kaefig-05-croped-300x171.jpg 300w\" sizes=\"(max-width: 1015px) 100vw, 1015px\" \/><\/li>\n                <li style=\"display: none; width: 100%;\" class=\"slide-2110 ms-image \" aria-roledescription=\"slide\" aria-label=\"slide-2110\"><img loading=\"lazy\" decoding=\"async\" width=\"1015\" height=\"580\" src=\"https:\/\/www.henkeschreieck.at\/wp-content\/uploads\/2015\/08\/05-sowi-i-10-spil_croped.jpg\" class=\"slider-693 slide-2110\" alt=\"\" rel=\"\" title=\"\" srcset=\"https:\/\/www.henkeschreieck.at\/wp-content\/uploads\/2015\/08\/05-sowi-i-10-spil_croped.jpg 1015w, https:\/\/www.henkeschreieck.at\/wp-content\/uploads\/2015\/08\/05-sowi-i-10-spil_croped-300x171.jpg 300w\" sizes=\"(max-width: 1015px) 100vw, 1015px\" \/><\/li>\n                <li style=\"display: none; width: 100%;\" class=\"slide-2111 ms-image \" aria-roledescription=\"slide\" aria-label=\"slide-2111\"><img loading=\"lazy\" decoding=\"async\" width=\"1015\" height=\"580\" src=\"https:\/\/www.henkeschreieck.at\/wp-content\/uploads\/2015\/08\/06-sowi-i-05-spil_croped.jpg\" class=\"slider-693 slide-2111\" alt=\"\" rel=\"\" title=\"\" srcset=\"https:\/\/www.henkeschreieck.at\/wp-content\/uploads\/2015\/08\/06-sowi-i-05-spil_croped.jpg 1015w, https:\/\/www.henkeschreieck.at\/wp-content\/uploads\/2015\/08\/06-sowi-i-05-spil_croped-300x171.jpg 300w\" sizes=\"(max-width: 1015px) 100vw, 1015px\" \/><\/li>\n                <li style=\"display: none; width: 100%;\" class=\"slide-2112 ms-image \" aria-roledescription=\"slide\" aria-label=\"slide-2112\"><img loading=\"lazy\" decoding=\"async\" width=\"1015\" height=\"580\" src=\"https:\/\/www.henkeschreieck.at\/wp-content\/uploads\/2015\/08\/07-sowi-i-05a-spil.jpg\" class=\"slider-693 slide-2112\" alt=\"\" rel=\"\" title=\"\" srcset=\"https:\/\/www.henkeschreieck.at\/wp-content\/uploads\/2015\/08\/07-sowi-i-05a-spil.jpg 1015w, https:\/\/www.henkeschreieck.at\/wp-content\/uploads\/2015\/08\/07-sowi-i-05a-spil-300x171.jpg 300w\" sizes=\"(max-width: 1015px) 100vw, 1015px\" \/><\/li>\n                <li style=\"display: none; width: 100%;\" class=\"slide-2113 ms-image \" aria-roledescription=\"slide\" aria-label=\"slide-2113\"><img loading=\"lazy\" decoding=\"async\" width=\"1015\" height=\"580\" src=\"https:\/\/www.henkeschreieck.at\/wp-content\/uploads\/2015\/08\/08-a-sowi-i-15-spil_croped.jpg\" class=\"slider-693 slide-2113\" alt=\"\" rel=\"\" title=\"\" srcset=\"https:\/\/www.henkeschreieck.at\/wp-content\/uploads\/2015\/08\/08-a-sowi-i-15-spil_croped.jpg 1015w, https:\/\/www.henkeschreieck.at\/wp-content\/uploads\/2015\/08\/08-a-sowi-i-15-spil_croped-300x171.jpg 300w\" sizes=\"(max-width: 1015px) 100vw, 1015px\" \/><\/li>\n                <li style=\"display: none; width: 100%;\" class=\"slide-2114 ms-image \" aria-roledescription=\"slide\" aria-label=\"slide-2114\"><img loading=\"lazy\" decoding=\"async\" width=\"1015\" height=\"580\" src=\"https:\/\/www.henkeschreieck.at\/wp-content\/uploads\/2015\/08\/08-b-sowi-i-14-spil_croped.jpg\" class=\"slider-693 slide-2114\" alt=\"\" rel=\"\" title=\"\" srcset=\"https:\/\/www.henkeschreieck.at\/wp-content\/uploads\/2015\/08\/08-b-sowi-i-14-spil_croped.jpg 1015w, https:\/\/www.henkeschreieck.at\/wp-content\/uploads\/2015\/08\/08-b-sowi-i-14-spil_croped-300x171.jpg 300w\" sizes=\"(max-width: 1015px) 100vw, 1015px\" \/><\/li>\n                <li style=\"display: none; width: 100%;\" class=\"slide-2115 ms-image \" aria-roledescription=\"slide\" aria-label=\"slide-2115\"><img loading=\"lazy\" decoding=\"async\" width=\"1015\" height=\"580\" src=\"https:\/\/www.henkeschreieck.at\/wp-content\/uploads\/2015\/08\/09-sowi-i-22-spil_croped.jpg\" class=\"slider-693 slide-2115\" alt=\"\" rel=\"\" title=\"\" srcset=\"https:\/\/www.henkeschreieck.at\/wp-content\/uploads\/2015\/08\/09-sowi-i-22-spil_croped.jpg 1015w, https:\/\/www.henkeschreieck.at\/wp-content\/uploads\/2015\/08\/09-sowi-i-22-spil_croped-300x171.jpg 300w\" sizes=\"(max-width: 1015px) 100vw, 1015px\" \/><\/li>\n                <li style=\"display: none; width: 100%;\" class=\"slide-2116 ms-image \" aria-roledescription=\"slide\" aria-label=\"slide-2116\"><img loading=\"lazy\" decoding=\"async\" width=\"1015\" height=\"580\" src=\"https:\/\/www.henkeschreieck.at\/wp-content\/uploads\/2015\/08\/10-sowi-i-24-spil_croped.jpg\" class=\"slider-693 slide-2116\" alt=\"\" rel=\"\" title=\"\" srcset=\"https:\/\/www.henkeschreieck.at\/wp-content\/uploads\/2015\/08\/10-sowi-i-24-spil_croped.jpg 1015w, https:\/\/www.henkeschreieck.at\/wp-content\/uploads\/2015\/08\/10-sowi-i-24-spil_croped-300x171.jpg 300w\" sizes=\"(max-width: 1015px) 100vw, 1015px\" \/><\/li>\n                <li style=\"display: none; width: 100%;\" class=\"slide-2117 ms-image \" aria-roledescription=\"slide\" aria-label=\"slide-2117\"><img loading=\"lazy\" decoding=\"async\" width=\"1015\" height=\"580\" src=\"https:\/\/www.henkeschreieck.at\/wp-content\/uploads\/2015\/08\/11-sowi-a-02-9250-c-spil.jpg\" class=\"slider-693 slide-2117\" alt=\"\" rel=\"\" title=\"\" srcset=\"https:\/\/www.henkeschreieck.at\/wp-content\/uploads\/2015\/08\/11-sowi-a-02-9250-c-spil.jpg 1015w, https:\/\/www.henkeschreieck.at\/wp-content\/uploads\/2015\/08\/11-sowi-a-02-9250-c-spil-300x171.jpg 300w\" sizes=\"(max-width: 1015px) 100vw, 1015px\" \/><\/li>\n                <li style=\"display: none; width: 100%;\" class=\"slide-2118 ms-image \" aria-roledescription=\"slide\" aria-label=\"slide-2118\"><img loading=\"lazy\" decoding=\"async\" width=\"1015\" height=\"580\" src=\"https:\/\/www.henkeschreieck.at\/wp-content\/uploads\/2015\/08\/13-sowi-m-05-henk_croped.jpg\" class=\"slider-693 slide-2118\" alt=\"\" rel=\"\" title=\"\" srcset=\"https:\/\/www.henkeschreieck.at\/wp-content\/uploads\/2015\/08\/13-sowi-m-05-henk_croped.jpg 1015w, https:\/\/www.henkeschreieck.at\/wp-content\/uploads\/2015\/08\/13-sowi-m-05-henk_croped-300x171.jpg 300w\" sizes=\"(max-width: 1015px) 100vw, 1015px\" \/><\/li>\n                <li style=\"display: none; width: 100%;\" class=\"slide-2120 ms-image \" aria-roledescription=\"slide\" aria-label=\"slide-2120\"><img loading=\"lazy\" decoding=\"async\" width=\"1015\" height=\"580\" src=\"https:\/\/www.henkeschreieck.at\/wp-content\/uploads\/2015\/08\/15-sowi-m-04-henk_croped.jpg\" class=\"slider-693 slide-2120\" alt=\"\" rel=\"\" title=\"\" srcset=\"https:\/\/www.henkeschreieck.at\/wp-content\/uploads\/2015\/08\/15-sowi-m-04-henk_croped.jpg 1015w, https:\/\/www.henkeschreieck.at\/wp-content\/uploads\/2015\/08\/15-sowi-m-04-henk_croped-300x171.jpg 300w\" sizes=\"(max-width: 1015px) 100vw, 1015px\" \/><\/li>\n                <li style=\"display: none; width: 100%;\" class=\"slide-2119 ms-image \" aria-roledescription=\"slide\" aria-label=\"slide-2119\"><img loading=\"lazy\" decoding=\"async\" width=\"1015\" height=\"580\" src=\"https:\/\/www.henkeschreieck.at\/wp-content\/uploads\/2015\/08\/14-sowi-m-03-henk_croped.jpg\" class=\"slider-693 slide-2119\" alt=\"\" rel=\"\" title=\"\" srcset=\"https:\/\/www.henkeschreieck.at\/wp-content\/uploads\/2015\/08\/14-sowi-m-03-henk_croped.jpg 1015w, https:\/\/www.henkeschreieck.at\/wp-content\/uploads\/2015\/08\/14-sowi-m-03-henk_croped-300x171.jpg 300w\" sizes=\"(max-width: 1015px) 100vw, 1015px\" \/><\/li>\n                <li style=\"display: none; width: 100%;\" class=\"slide-2121 ms-image \" aria-roledescription=\"slide\" aria-label=\"slide-2121\"><img loading=\"lazy\" decoding=\"async\" width=\"1015\" height=\"580\" src=\"https:\/\/www.henkeschreieck.at\/wp-content\/uploads\/2015\/08\/16-sowi-m-06-henk_croped.jpg\" class=\"slider-693 slide-2121\" alt=\"\" rel=\"\" title=\"\" srcset=\"https:\/\/www.henkeschreieck.at\/wp-content\/uploads\/2015\/08\/16-sowi-m-06-henk_croped.jpg 1015w, https:\/\/www.henkeschreieck.at\/wp-content\/uploads\/2015\/08\/16-sowi-m-06-henk_croped-300x171.jpg 300w\" sizes=\"(max-width: 1015px) 100vw, 1015px\" \/><\/li>\n                <li style=\"display: none; width: 100%;\" class=\"slide-2122 ms-image \" aria-roledescription=\"slide\" aria-label=\"slide-2122\"><img loading=\"lazy\" decoding=\"async\" width=\"1015\" height=\"580\" src=\"https:\/\/www.henkeschreieck.at\/wp-content\/uploads\/2015\/08\/17-sowi-schnitt.jpg\" class=\"slider-693 slide-2122\" alt=\"\" rel=\"\" title=\"\" srcset=\"https:\/\/www.henkeschreieck.at\/wp-content\/uploads\/2015\/08\/17-sowi-schnitt.jpg 1015w, https:\/\/www.henkeschreieck.at\/wp-content\/uploads\/2015\/08\/17-sowi-schnitt-300x171.jpg 300w\" sizes=\"(max-width: 1015px) 100vw, 1015px\" \/><\/li>\n            <\/ul>\n        <\/div>\n        \n    <\/div>\n<\/div><br \/>\n<div id=\"links-link-465\" class=\"sh-link links-link sh-hide\"><a href=\"#\" onclick=\"showhide_toggle('links', 465, '\u2192 Beschreibung', 'Beschreibung \u2190'); return false;\" aria-expanded=\"false\"><span id=\"links-toggle-465\">\u2192 Beschreibung<\/span><\/a><\/div><div id=\"links-content-465\" class=\"sh-content links-content sh-hide\" style=\"display: none;\"><br \/>\n<strong><br \/>\nSOWI SOZIAL UND WIRTSCHAFTSWISSENSCHAFTLICHE<br \/>\nFAKULT\u00c4T DER LEOPOLD FRANZENS UNIVERSIT\u00c4T, INNSBRUCK<\/strong><\/p>\n<p>Bauherr: BIG Bundesimmobilien Gesellschaft mbH<br \/>\nProjektteam: DI Gavin Rae (Projektleiter), DI Regina Freim\u00fcller, DI Sibel Anil<br \/>\nWettbewerb: 1989<br \/>\nBauzeit: 1996 &#8211; 1998<br \/>\nBGF: 25.516 m2<br \/>\nBRI: 101.992 m3<\/p>\n<p>URBANER KONTEXT<br \/>\nDie Sowi-Fakult\u00e4t liegt auf dem Areal der ehemaligen Fenner-Kaserne einem st\u00e4dtebaulich und stadtstrukturell sehr sensiblen Bereich inmitten der Altstadt von Innsbruck, am \u00dcbergang von der historischen Bebauung zum Naturraum des Hofgartens.<br \/>\nAls Bauplatz war der Bereich n\u00f6rdlich der Kaserne entlang der von Norden nach S\u00fcden verlaufenden Hofgartenmauer vorgegeben. Dem entgegen wurde das Fakult\u00e4tsgeb\u00e4ude quer zur denkmalgesch\u00fctzten Mauer situiert, um einerseits die angrenzende Bebauung zu arrondieren und andererseits dem Hofgarten im S\u00fcden durch den betont langgestreckten Bauk\u00f6rper des Institutsgeb\u00e4udes die r\u00e4umliche Fassung zu geben. Damit gewinnt der Hofgarten an Qualit\u00e4t als architektonisch gestalteter Gr\u00fcnraum.<br \/>\n\u201eOFFENE UNIVERSIT\u00c4T\u201c<br \/>\nNeben der st\u00e4dtebaulichen Disposition war die Umsetzung der vom Nutzer formulierten inhaltlichen Idee einer \u201eoffenen Universit\u00e4t\u201c f\u00fcr den Entwurf bestimmend.<br \/>\n\u201eOffene Universit\u00e4t\u201c bedeutet Kommunikation zwischen Wissenschaft und Praxis und Dialog mit der Bev\u00f6lkerung der Stadt. Das neue Institutsgeb\u00e4ude, ein Wohn- B\u00fcro und Gesch\u00e4ftshaus und das Managementzentrum (MCI) bilden zusammen ein Ensemble, einen nach mehreren Seiten offenen durch verschiedene Nutzungen \u00fcberlagerten Stadtraum in dem sich unter Miteinbeziehung der umgebenden Bebauung urbanes Leben entwickeln kann.<br \/>\nFAKULT\u00c4TSGEB\u00c4UDE<br \/>\nVon der Stadt kommend ist der Hauptzugang durch die geschwungene Bibliotheksfassade und die gekr\u00fcmmte Hofgartenmauer akzentuiert. Die Mauer als Leitwand f\u00fchrt in bzw. durch das Geb\u00e4ude und definiert zusammen mit Fakult\u00e4t, MCI und Wohnhaus den neuen Universit\u00e4tshof. Quer zum halb\u00f6ffentlichen Durchgang entwickelt sich die zentrale Erschlie\u00dfungshalle mit durchgehendem Glasdach. Die nach Westen kaskadenartig ansteigende Halle mit ihren Stufenplateaus als Kommunikationsbereiche vor den Instituts- bzw. Unterrichtsr\u00e4umen bildet ein neues universit\u00e4res Forum. Die diagonale Erschlie\u00dfung erm\u00f6glicht eine maximale Orientierung, das gesamte Geb\u00e4ude ist \u00fcberschaubar. Es gibt eine intensive Beziehung der R\u00e4ume zueinander wie zum Au\u00dfenraum. Die attraktive Umgebung (Stadt-Natur) bleibt im Geb\u00e4ude immer pr\u00e4sent. Von au\u00dfen betrachtet wird die gl\u00e4serne Fassade zum Vexierbild. Einerseits dringt das Innere der Universit\u00e4t durch die transparente und durchl\u00e4ssige Bauk\u00f6rpergestaltung nach au\u00dfen, andererseits wird die Fassade zur Reflexionsfl\u00e4che der umgebenen Stadt- und Gebirgslandschaft.<\/p>\n<p><\/div><br \/>\n<div id=\"links2-link-465\" class=\"sh-link links2-link sh-hide\"><a href=\"#\" onclick=\"showhide_toggle('links2', 465, '\u2192 Publikationen', 'Publikationen \u2190'); return false;\" aria-expanded=\"false\"><span id=\"links2-toggle-465\">\u2192 Publikationen<\/span><\/a><\/div><div id=\"links2-content-465\" class=\"sh-content links2-content sh-hide\" style=\"display: none;\"><\/p>\n<ul>\n<li><a href=\"http:\/\/www.henkeschreieck.at\/wp-content\/uploads\/2015\/08\/achleitner.pdf\" target=\"_blank\">Friedrich Achleitner<\/a><\/li>\n<li><a href=\"http:\/\/www.henkeschreieck.at\/wp-content\/uploads\/2015\/08\/rainer.pdf\" target=\"_blank\">Roland Rainer<\/a><\/li>\n<li><a href=\"http:\/\/www.henkeschreieck.at\/wp-content\/uploads\/2015\/08\/bauen-in-tirol.pdf\" target=\"_blank\">Bauen in Tirol seit 1980 2002 Karpfinger<\/a><\/li>\n<li><a href=\"http:\/\/www.henkeschreieck.at\/wp-content\/uploads\/2015\/08\/architektur-aktuell3.pdf\" target=\"_blank\">architektur.aktuell 1999<\/a><\/li>\n<li><a href=\"http:\/\/www.henkeschreieck.at\/wp-content\/uploads\/2015\/08\/baumeister2.pdf\" target=\"_blank\">BAUMEISTER 1999<\/a><\/li>\n<li><a href=\"http:\/\/www.henkeschreieck.at\/wp-content\/uploads\/2015\/08\/bauwelt1.pdf\" target=\"_blank\">Bauwelt 1999<\/a><\/li>\n<li><a href=\"http:\/\/www.henkeschreieck.at\/wp-content\/uploads\/2015\/08\/dbz.pdf\" target=\"_blank\">DBZ 2003<\/a><\/li>\n<li><a href=\"http:\/\/www.henkeschreieck.at\/wp-content\/uploads\/2015\/08\/oris2.pdf\" target=\"_blank\">oris 2000<\/a><\/li>\n<li><a href=\"http:\/\/www.henkeschreieck.at\/wp-content\/uploads\/2015\/08\/presse-spectrum3.pdf\" target=\"_blank\">Die Presse Spectrum 1998<\/a><\/li>\n<\/ul>\n<p><\/div><\/p>\n","protected":false},"excerpt":{"rendered":"","protected":false},"author":1,"featured_media":0,"parent":455,"menu_order":5,"comment_status":"closed","ping_status":"open","template":"page-text.php","meta":{"_seopress_robots_primary_cat":"","_seopress_titles_title":"","_seopress_titles_desc":"","_seopress_robots_index":"","ocean_post_layout":"","ocean_both_sidebars_style":"","ocean_both_sidebars_content_width":0,"ocean_both_sidebars_sidebars_width":0,"ocean_sidebar":"","ocean_second_sidebar":"","ocean_disable_margins":"enable","ocean_add_body_class":"","ocean_shortcode_before_top_bar":"","ocean_shortcode_after_top_bar":"","ocean_shortcode_before_header":"","ocean_shortcode_after_header":"","ocean_has_shortcode":"","ocean_shortcode_after_title":"","ocean_shortcode_before_footer_widgets":"","ocean_shortcode_after_footer_widgets":"","ocean_shortcode_before_footer_bottom":"","ocean_shortcode_after_footer_bottom":"","ocean_display_top_bar":"default","ocean_display_header":"default","ocean_header_style":"","ocean_center_header_left_menu":"","ocean_custom_header_template":"","ocean_custom_logo":0,"ocean_custom_retina_logo":0,"ocean_custom_logo_max_width":0,"ocean_custom_logo_tablet_max_width":0,"ocean_custom_logo_mobile_max_width":0,"ocean_custom_logo_max_height":0,"ocean_custom_logo_tablet_max_height":0,"ocean_custom_logo_mobile_max_height":0,"ocean_header_custom_menu":"","ocean_menu_typo_font_family":"","ocean_menu_typo_font_subset":"","ocean_menu_typo_font_size":0,"ocean_menu_typo_font_size_tablet":0,"ocean_menu_typo_font_size_mobile":0,"ocean_menu_typo_font_size_unit":"px","ocean_menu_typo_font_weight":"","ocean_menu_typo_font_weight_tablet":"","ocean_menu_typo_font_weight_mobile":"","ocean_menu_typo_transform":"","ocean_menu_typo_transform_tablet":"","ocean_menu_typo_transform_mobile":"","ocean_menu_typo_line_height":0,"ocean_menu_typo_line_height_tablet":0,"ocean_menu_typo_line_height_mobile":0,"ocean_menu_typo_line_height_unit":"","ocean_menu_typo_spacing":0,"ocean_menu_typo_spacing_tablet":0,"ocean_menu_typo_spacing_mobile":0,"ocean_menu_typo_spacing_unit":"","ocean_menu_link_color":"","ocean_menu_link_color_hover":"","ocean_menu_link_color_active":"","ocean_menu_link_background":"","ocean_menu_link_hover_background":"","ocean_menu_link_active_background":"","ocean_menu_social_links_bg":"","ocean_menu_social_hover_links_bg":"","ocean_menu_social_links_color":"","ocean_menu_social_hover_links_color":"","ocean_disable_title":"default","ocean_disable_heading":"default","ocean_post_title":"","ocean_post_subheading":"","ocean_post_title_style":"","ocean_post_title_background_color":"","ocean_post_title_background":0,"ocean_post_title_bg_image_position":"","ocean_post_title_bg_image_attachment":"","ocean_post_title_bg_image_repeat":"","ocean_post_title_bg_image_size":"","ocean_post_title_height":0,"ocean_post_title_bg_overlay":0.5,"ocean_post_title_bg_overlay_color":"","ocean_disable_breadcrumbs":"default","ocean_breadcrumbs_color":"","ocean_breadcrumbs_separator_color":"","ocean_breadcrumbs_links_color":"","ocean_breadcrumbs_links_hover_color":"","ocean_display_footer_widgets":"default","ocean_display_footer_bottom":"default","ocean_custom_footer_template":"","footnotes":""},"_links":{"self":[{"href":"https:\/\/www.henkeschreieck.at\/index.php\/wp-json\/wp\/v2\/pages\/465"}],"collection":[{"href":"https:\/\/www.henkeschreieck.at\/index.php\/wp-json\/wp\/v2\/pages"}],"about":[{"href":"https:\/\/www.henkeschreieck.at\/index.php\/wp-json\/wp\/v2\/types\/page"}],"author":[{"embeddable":true,"href":"https:\/\/www.henkeschreieck.at\/index.php\/wp-json\/wp\/v2\/users\/1"}],"replies":[{"embeddable":true,"href":"https:\/\/www.henkeschreieck.at\/index.php\/wp-json\/wp\/v2\/comments?post=465"}],"version-history":[{"count":0,"href":"https:\/\/www.henkeschreieck.at\/index.php\/wp-json\/wp\/v2\/pages\/465\/revisions"}],"up":[{"embeddable":true,"href":"https:\/\/www.henkeschreieck.at\/index.php\/wp-json\/wp\/v2\/pages\/455"}],"wp:attachment":[{"href":"https:\/\/www.henkeschreieck.at\/index.php\/wp-json\/wp\/v2\/media?parent=465"}],"curies":[{"name":"wp","href":"https:\/\/api.w.org\/{rel}","templated":true}]}}