{"id":459,"date":"2015-03-24T17:46:09","date_gmt":"2015-03-24T17:46:09","guid":{"rendered":"http:\/\/www.henkeschreieck.at\/?page_id=459"},"modified":"2015-08-31T08:06:01","modified_gmt":"2015-08-31T08:06:01","slug":"ewz","status":"publish","type":"page","link":"https:\/\/www.henkeschreieck.at\/index.php\/projects\/bildung\/ewz\/","title":{"rendered":"EWZ"},"content":{"rendered":"<p><div id=\"metaslider-id-661\" style=\"width: 100%;\" class=\"ml-slider-3-62-0 metaslider metaslider-flex metaslider-661 ml-slider ms-theme-default\" role=\"region\" aria-roledescription=\"Slideshow\" aria-label=\"EWZ\">\n    <div id=\"metaslider_container_661\">\n        <div id=\"metaslider_661\" class=\"flexslider\">\n            <ul aria-live=\"polite\" class=\"slides\">\n                <li style=\"display: block; width: 100%;\" class=\"slide-2123 ms-image \" aria-roledescription=\"slide\" aria-label=\"slide-2123\"><img loading=\"lazy\" decoding=\"async\" width=\"1015\" height=\"580\" src=\"https:\/\/www.henkeschreieck.at\/wp-content\/uploads\/2015\/08\/01-sth-Allg-00_Luftbild_4_red1_croped.jpg\" class=\"slider-661 slide-2123\" alt=\"\" rel=\"\" title=\"\" srcset=\"https:\/\/www.henkeschreieck.at\/wp-content\/uploads\/2015\/08\/01-sth-Allg-00_Luftbild_4_red1_croped.jpg 1015w, https:\/\/www.henkeschreieck.at\/wp-content\/uploads\/2015\/08\/01-sth-Allg-00_Luftbild_4_red1_croped-300x171.jpg 300w\" sizes=\"(max-width: 1015px) 100vw, 1015px\" \/><\/li>\n                <li style=\"display: none; width: 100%;\" class=\"slide-2126 ms-image \" aria-roledescription=\"slide\" aria-label=\"slide-2126\"><img loading=\"lazy\" decoding=\"async\" width=\"1015\" height=\"580\" src=\"https:\/\/www.henkeschreieck.at\/wp-content\/uploads\/2015\/08\/02-sth-Allg-tccsite_red1_studentenheim_croped.jpg\" class=\"slider-661 slide-2126\" alt=\"\" rel=\"\" title=\"\" srcset=\"https:\/\/www.henkeschreieck.at\/wp-content\/uploads\/2015\/08\/02-sth-Allg-tccsite_red1_studentenheim_croped.jpg 1015w, https:\/\/www.henkeschreieck.at\/wp-content\/uploads\/2015\/08\/02-sth-Allg-tccsite_red1_studentenheim_croped-300x171.jpg 300w\" sizes=\"(max-width: 1015px) 100vw, 1015px\" \/><\/li>\n                <li style=\"display: none; width: 100%;\" class=\"slide-2129 ms-image \" aria-roledescription=\"slide\" aria-label=\"slide-2129\"><img loading=\"lazy\" decoding=\"async\" width=\"1015\" height=\"580\" src=\"https:\/\/www.henkeschreieck.at\/wp-content\/uploads\/2015\/08\/03-sth-a-05-henk_croped.jpg\" class=\"slider-661 slide-2129\" alt=\"\" rel=\"\" title=\"\" srcset=\"https:\/\/www.henkeschreieck.at\/wp-content\/uploads\/2015\/08\/03-sth-a-05-henk_croped.jpg 1015w, https:\/\/www.henkeschreieck.at\/wp-content\/uploads\/2015\/08\/03-sth-a-05-henk_croped-300x171.jpg 300w\" sizes=\"(max-width: 1015px) 100vw, 1015px\" \/><\/li>\n                <li style=\"display: none; width: 100%;\" class=\"slide-2131 ms-image \" aria-roledescription=\"slide\" aria-label=\"slide-2131\"><img loading=\"lazy\" decoding=\"async\" width=\"1015\" height=\"580\" src=\"https:\/\/www.henkeschreieck.at\/wp-content\/uploads\/2015\/08\/04-sth-hs_86200003_croped.jpg\" class=\"slider-661 slide-2131\" alt=\"\" rel=\"\" title=\"\" srcset=\"https:\/\/www.henkeschreieck.at\/wp-content\/uploads\/2015\/08\/04-sth-hs_86200003_croped.jpg 1015w, https:\/\/www.henkeschreieck.at\/wp-content\/uploads\/2015\/08\/04-sth-hs_86200003_croped-300x171.jpg 300w\" sizes=\"(max-width: 1015px) 100vw, 1015px\" \/><\/li>\n                <li style=\"display: none; width: 100%;\" class=\"slide-2132 ms-image \" aria-roledescription=\"slide\" aria-label=\"slide-2132\"><img loading=\"lazy\" decoding=\"async\" width=\"1015\" height=\"580\" src=\"https:\/\/www.henkeschreieck.at\/wp-content\/uploads\/2015\/08\/05-sth-hs_86200031_croped.jpg\" class=\"slider-661 slide-2132\" alt=\"\" rel=\"\" title=\"\" srcset=\"https:\/\/www.henkeschreieck.at\/wp-content\/uploads\/2015\/08\/05-sth-hs_86200031_croped.jpg 1015w, https:\/\/www.henkeschreieck.at\/wp-content\/uploads\/2015\/08\/05-sth-hs_86200031_croped-300x171.jpg 300w\" sizes=\"(max-width: 1015px) 100vw, 1015px\" \/><\/li>\n                <li style=\"display: none; width: 100%;\" class=\"slide-2136 ms-image \" aria-roledescription=\"slide\" aria-label=\"slide-2136\"><img loading=\"lazy\" decoding=\"async\" width=\"1015\" height=\"580\" src=\"https:\/\/www.henkeschreieck.at\/wp-content\/uploads\/2015\/08\/08-sth-a-11-schlet_croped.jpg\" class=\"slider-661 slide-2136\" alt=\"\" rel=\"\" title=\"\" srcset=\"https:\/\/www.henkeschreieck.at\/wp-content\/uploads\/2015\/08\/08-sth-a-11-schlet_croped.jpg 1015w, https:\/\/www.henkeschreieck.at\/wp-content\/uploads\/2015\/08\/08-sth-a-11-schlet_croped-300x171.jpg 300w\" sizes=\"(max-width: 1015px) 100vw, 1015px\" \/><\/li>\n                <li style=\"display: none; width: 100%;\" class=\"slide-2138 ms-image \" aria-roledescription=\"slide\" aria-label=\"slide-2138\"><img loading=\"lazy\" decoding=\"async\" width=\"1015\" height=\"580\" src=\"https:\/\/www.henkeschreieck.at\/wp-content\/uploads\/2015\/08\/09-sth-12_croped.jpg\" class=\"slider-661 slide-2138\" alt=\"\" rel=\"\" title=\"\" srcset=\"https:\/\/www.henkeschreieck.at\/wp-content\/uploads\/2015\/08\/09-sth-12_croped.jpg 1015w, https:\/\/www.henkeschreieck.at\/wp-content\/uploads\/2015\/08\/09-sth-12_croped-300x171.jpg 300w\" sizes=\"(max-width: 1015px) 100vw, 1015px\" \/><\/li>\n                <li style=\"display: none; width: 100%;\" class=\"slide-2140 ms-image \" aria-roledescription=\"slide\" aria-label=\"slide-2140\"><img loading=\"lazy\" decoding=\"async\" width=\"1015\" height=\"580\" src=\"https:\/\/www.henkeschreieck.at\/wp-content\/uploads\/2015\/08\/10-sth-i-06-schlet_croped.jpg\" class=\"slider-661 slide-2140\" alt=\"\" rel=\"\" title=\"\" srcset=\"https:\/\/www.henkeschreieck.at\/wp-content\/uploads\/2015\/08\/10-sth-i-06-schlet_croped.jpg 1015w, https:\/\/www.henkeschreieck.at\/wp-content\/uploads\/2015\/08\/10-sth-i-06-schlet_croped-300x171.jpg 300w\" sizes=\"(max-width: 1015px) 100vw, 1015px\" \/><\/li>\n                <li style=\"display: none; width: 100%;\" class=\"slide-2141 ms-image \" aria-roledescription=\"slide\" aria-label=\"slide-2141\"><img loading=\"lazy\" decoding=\"async\" width=\"1015\" height=\"580\" src=\"https:\/\/www.henkeschreieck.at\/wp-content\/uploads\/2015\/08\/12-sth-i-01-klom_croped.jpg\" class=\"slider-661 slide-2141\" alt=\"\" rel=\"\" title=\"\" srcset=\"https:\/\/www.henkeschreieck.at\/wp-content\/uploads\/2015\/08\/12-sth-i-01-klom_croped.jpg 1015w, https:\/\/www.henkeschreieck.at\/wp-content\/uploads\/2015\/08\/12-sth-i-01-klom_croped-300x171.jpg 300w\" sizes=\"(max-width: 1015px) 100vw, 1015px\" \/><\/li>\n                <li style=\"display: none; width: 100%;\" class=\"slide-2143 ms-image \" aria-roledescription=\"slide\" aria-label=\"slide-2143\"><img loading=\"lazy\" decoding=\"async\" width=\"1015\" height=\"580\" src=\"https:\/\/www.henkeschreieck.at\/wp-content\/uploads\/2015\/08\/13aund13b-sth_croped.jpg\" class=\"slider-661 slide-2143\" alt=\"\" rel=\"\" title=\"\" srcset=\"https:\/\/www.henkeschreieck.at\/wp-content\/uploads\/2015\/08\/13aund13b-sth_croped.jpg 1015w, https:\/\/www.henkeschreieck.at\/wp-content\/uploads\/2015\/08\/13aund13b-sth_croped-300x171.jpg 300w\" sizes=\"(max-width: 1015px) 100vw, 1015px\" \/><\/li>\n                <li style=\"display: none; width: 100%;\" class=\"slide-2125 ms-image \" aria-roledescription=\"slide\" aria-label=\"slide-2125\"><img loading=\"lazy\" decoding=\"async\" width=\"1015\" height=\"580\" src=\"https:\/\/www.henkeschreieck.at\/wp-content\/uploads\/2015\/08\/011.jpg\" class=\"slider-661 slide-2125\" alt=\"\" rel=\"\" title=\"\" srcset=\"https:\/\/www.henkeschreieck.at\/wp-content\/uploads\/2015\/08\/011.jpg 1015w, https:\/\/www.henkeschreieck.at\/wp-content\/uploads\/2015\/08\/011-300x171.jpg 300w\" sizes=\"(max-width: 1015px) 100vw, 1015px\" \/><\/li>\n                <li style=\"display: none; width: 100%;\" class=\"slide-2128 ms-image \" aria-roledescription=\"slide\" aria-label=\"slide-2128\"><img loading=\"lazy\" decoding=\"async\" width=\"1015\" height=\"580\" src=\"https:\/\/www.henkeschreieck.at\/wp-content\/uploads\/2015\/08\/022.jpg\" class=\"slider-661 slide-2128\" alt=\"\" rel=\"\" title=\"\" srcset=\"https:\/\/www.henkeschreieck.at\/wp-content\/uploads\/2015\/08\/022.jpg 1015w, https:\/\/www.henkeschreieck.at\/wp-content\/uploads\/2015\/08\/022-300x171.jpg 300w\" sizes=\"(max-width: 1015px) 100vw, 1015px\" \/><\/li>\n                <li style=\"display: none; width: 100%;\" class=\"slide-2130 ms-image \" aria-roledescription=\"slide\" aria-label=\"slide-2130\"><img loading=\"lazy\" decoding=\"async\" width=\"1015\" height=\"580\" src=\"https:\/\/www.henkeschreieck.at\/wp-content\/uploads\/2015\/08\/034.jpg\" class=\"slider-661 slide-2130\" alt=\"\" rel=\"\" title=\"\" srcset=\"https:\/\/www.henkeschreieck.at\/wp-content\/uploads\/2015\/08\/034.jpg 1015w, https:\/\/www.henkeschreieck.at\/wp-content\/uploads\/2015\/08\/034-300x171.jpg 300w\" sizes=\"(max-width: 1015px) 100vw, 1015px\" \/><\/li>\n                <li style=\"display: none; width: 100%;\" class=\"slide-2124 ms-image \" aria-roledescription=\"slide\" aria-label=\"slide-2124\"><img loading=\"lazy\" decoding=\"async\" width=\"1015\" height=\"580\" src=\"https:\/\/www.henkeschreieck.at\/wp-content\/uploads\/2015\/08\/01-sth-Allg-00_Luftbild_4_red2_croped.jpg\" class=\"slider-661 slide-2124\" alt=\"\" rel=\"\" title=\"\" srcset=\"https:\/\/www.henkeschreieck.at\/wp-content\/uploads\/2015\/08\/01-sth-Allg-00_Luftbild_4_red2_croped.jpg 1015w, https:\/\/www.henkeschreieck.at\/wp-content\/uploads\/2015\/08\/01-sth-Allg-00_Luftbild_4_red2_croped-300x171.jpg 300w\" sizes=\"(max-width: 1015px) 100vw, 1015px\" \/><\/li>\n                <li style=\"display: none; width: 100%;\" class=\"slide-2127 ms-image \" aria-roledescription=\"slide\" aria-label=\"slide-2127\"><img loading=\"lazy\" decoding=\"async\" width=\"1015\" height=\"580\" src=\"https:\/\/www.henkeschreieck.at\/wp-content\/uploads\/2015\/08\/02-sth-Allg-tccsite_red1_UNI_croped.jpg\" class=\"slider-661 slide-2127\" alt=\"\" rel=\"\" title=\"\" srcset=\"https:\/\/www.henkeschreieck.at\/wp-content\/uploads\/2015\/08\/02-sth-Allg-tccsite_red1_UNI_croped.jpg 1015w, https:\/\/www.henkeschreieck.at\/wp-content\/uploads\/2015\/08\/02-sth-Allg-tccsite_red1_UNI_croped-300x171.jpg 300w\" sizes=\"(max-width: 1015px) 100vw, 1015px\" \/><\/li>\n                <li style=\"display: none; width: 100%;\" class=\"slide-2144 ms-image \" aria-roledescription=\"slide\" aria-label=\"slide-2144\"><img loading=\"lazy\" decoding=\"async\" width=\"1015\" height=\"580\" src=\"https:\/\/www.henkeschreieck.at\/wp-content\/uploads\/2015\/08\/31-tcc-Allg-00_A3_seite1A_mail_croped.jpg\" class=\"slider-661 slide-2144\" alt=\"\" rel=\"\" title=\"\" srcset=\"https:\/\/www.henkeschreieck.at\/wp-content\/uploads\/2015\/08\/31-tcc-Allg-00_A3_seite1A_mail_croped.jpg 1015w, https:\/\/www.henkeschreieck.at\/wp-content\/uploads\/2015\/08\/31-tcc-Allg-00_A3_seite1A_mail_croped-300x171.jpg 300w\" sizes=\"(max-width: 1015px) 100vw, 1015px\" \/><\/li>\n                <li style=\"display: none; width: 100%;\" class=\"slide-2134 ms-image \" aria-roledescription=\"slide\" aria-label=\"slide-2134\"><img loading=\"lazy\" decoding=\"async\" width=\"1015\" height=\"580\" src=\"https:\/\/www.henkeschreieck.at\/wp-content\/uploads\/2015\/08\/062.jpg\" class=\"slider-661 slide-2134\" alt=\"\" rel=\"\" title=\"\" srcset=\"https:\/\/www.henkeschreieck.at\/wp-content\/uploads\/2015\/08\/062.jpg 1015w, https:\/\/www.henkeschreieck.at\/wp-content\/uploads\/2015\/08\/062-300x171.jpg 300w\" sizes=\"(max-width: 1015px) 100vw, 1015px\" \/><\/li>\n                <li style=\"display: none; width: 100%;\" class=\"slide-2133 ms-image \" aria-roledescription=\"slide\" aria-label=\"slide-2133\"><img loading=\"lazy\" decoding=\"async\" width=\"1015\" height=\"580\" src=\"https:\/\/www.henkeschreieck.at\/wp-content\/uploads\/2015\/08\/05.jpg\" class=\"slider-661 slide-2133\" alt=\"\" rel=\"\" title=\"\" srcset=\"https:\/\/www.henkeschreieck.at\/wp-content\/uploads\/2015\/08\/05.jpg 1015w, https:\/\/www.henkeschreieck.at\/wp-content\/uploads\/2015\/08\/05-300x171.jpg 300w\" sizes=\"(max-width: 1015px) 100vw, 1015px\" \/><\/li>\n                <li style=\"display: none; width: 100%;\" class=\"slide-2142 ms-image \" aria-roledescription=\"slide\" aria-label=\"slide-2142\"><img loading=\"lazy\" decoding=\"async\" width=\"1015\" height=\"580\" src=\"https:\/\/www.henkeschreieck.at\/wp-content\/uploads\/2015\/08\/131.jpg\" class=\"slider-661 slide-2142\" alt=\"\" rel=\"\" title=\"\" srcset=\"https:\/\/www.henkeschreieck.at\/wp-content\/uploads\/2015\/08\/131.jpg 1015w, https:\/\/www.henkeschreieck.at\/wp-content\/uploads\/2015\/08\/131-300x171.jpg 300w\" sizes=\"(max-width: 1015px) 100vw, 1015px\" \/><\/li>\n                <li style=\"display: none; width: 100%;\" class=\"slide-2135 ms-image \" aria-roledescription=\"slide\" aria-label=\"slide-2135\"><img loading=\"lazy\" decoding=\"async\" width=\"1015\" height=\"580\" src=\"https:\/\/www.henkeschreieck.at\/wp-content\/uploads\/2015\/08\/071.jpg\" class=\"slider-661 slide-2135\" alt=\"\" rel=\"\" title=\"\" srcset=\"https:\/\/www.henkeschreieck.at\/wp-content\/uploads\/2015\/08\/071.jpg 1015w, https:\/\/www.henkeschreieck.at\/wp-content\/uploads\/2015\/08\/071-300x171.jpg 300w\" sizes=\"(max-width: 1015px) 100vw, 1015px\" \/><\/li>\n                <li style=\"display: none; width: 100%;\" class=\"slide-2139 ms-image \" aria-roledescription=\"slide\" aria-label=\"slide-2139\"><img loading=\"lazy\" decoding=\"async\" width=\"1015\" height=\"580\" src=\"https:\/\/www.henkeschreieck.at\/wp-content\/uploads\/2015\/08\/09.jpg\" class=\"slider-661 slide-2139\" alt=\"\" rel=\"\" title=\"\" srcset=\"https:\/\/www.henkeschreieck.at\/wp-content\/uploads\/2015\/08\/09.jpg 1015w, https:\/\/www.henkeschreieck.at\/wp-content\/uploads\/2015\/08\/09-300x171.jpg 300w\" sizes=\"(max-width: 1015px) 100vw, 1015px\" \/><\/li>\n                <li style=\"display: none; width: 100%;\" class=\"slide-2145 ms-image \" aria-roledescription=\"slide\" aria-label=\"slide-2145\"><img loading=\"lazy\" decoding=\"async\" width=\"1015\" height=\"580\" src=\"https:\/\/www.henkeschreieck.at\/wp-content\/uploads\/2015\/08\/40-tcc-a-22-henk_croped.jpg\" class=\"slider-661 slide-2145\" alt=\"\" rel=\"\" title=\"\" srcset=\"https:\/\/www.henkeschreieck.at\/wp-content\/uploads\/2015\/08\/40-tcc-a-22-henk_croped.jpg 1015w, https:\/\/www.henkeschreieck.at\/wp-content\/uploads\/2015\/08\/40-tcc-a-22-henk_croped-300x171.jpg 300w\" sizes=\"(max-width: 1015px) 100vw, 1015px\" \/><\/li>\n                <li style=\"display: none; width: 100%;\" class=\"slide-2146 ms-image \" aria-roledescription=\"slide\" aria-label=\"slide-2146\"><img loading=\"lazy\" decoding=\"async\" width=\"1015\" height=\"580\" src=\"https:\/\/www.henkeschreieck.at\/wp-content\/uploads\/2015\/08\/41-aundb_crope.jpg\" class=\"slider-661 slide-2146\" alt=\"\" rel=\"\" title=\"\" srcset=\"https:\/\/www.henkeschreieck.at\/wp-content\/uploads\/2015\/08\/41-aundb_crope.jpg 1015w, https:\/\/www.henkeschreieck.at\/wp-content\/uploads\/2015\/08\/41-aundb_crope-300x171.jpg 300w\" sizes=\"(max-width: 1015px) 100vw, 1015px\" \/><\/li>\n                <li style=\"display: none; width: 100%;\" class=\"slide-2137 ms-image \" aria-roledescription=\"slide\" aria-label=\"slide-2137\"><img loading=\"lazy\" decoding=\"async\" width=\"1015\" height=\"580\" src=\"https:\/\/www.henkeschreieck.at\/wp-content\/uploads\/2015\/08\/08.jpg\" class=\"slider-661 slide-2137\" alt=\"\" rel=\"\" title=\"\" srcset=\"https:\/\/www.henkeschreieck.at\/wp-content\/uploads\/2015\/08\/08.jpg 1015w, https:\/\/www.henkeschreieck.at\/wp-content\/uploads\/2015\/08\/08-300x171.jpg 300w\" sizes=\"(max-width: 1015px) 100vw, 1015px\" \/><\/li>\n                <li style=\"display: none; width: 100%;\" class=\"slide-2147 ms-image \" aria-roledescription=\"slide\" aria-label=\"slide-2147\"><img loading=\"lazy\" decoding=\"async\" width=\"1015\" height=\"580\" src=\"https:\/\/www.henkeschreieck.at\/wp-content\/uploads\/2015\/08\/43-tcc-a-23-henk_croped.jpg\" class=\"slider-661 slide-2147\" alt=\"\" rel=\"\" title=\"\" srcset=\"https:\/\/www.henkeschreieck.at\/wp-content\/uploads\/2015\/08\/43-tcc-a-23-henk_croped.jpg 1015w, https:\/\/www.henkeschreieck.at\/wp-content\/uploads\/2015\/08\/43-tcc-a-23-henk_croped-300x171.jpg 300w\" sizes=\"(max-width: 1015px) 100vw, 1015px\" \/><\/li>\n                <li style=\"display: none; width: 100%;\" class=\"slide-2148 ms-image \" aria-roledescription=\"slide\" aria-label=\"slide-2148\"><img loading=\"lazy\" decoding=\"async\" width=\"1015\" height=\"580\" src=\"https:\/\/www.henkeschreieck.at\/wp-content\/uploads\/2015\/08\/45aund45b_croped.jpg\" class=\"slider-661 slide-2148\" alt=\"\" rel=\"\" title=\"\" srcset=\"https:\/\/www.henkeschreieck.at\/wp-content\/uploads\/2015\/08\/45aund45b_croped.jpg 1015w, https:\/\/www.henkeschreieck.at\/wp-content\/uploads\/2015\/08\/45aund45b_croped-300x171.jpg 300w\" sizes=\"(max-width: 1015px) 100vw, 1015px\" \/><\/li>\n                <li style=\"display: none; width: 100%;\" class=\"slide-2149 ms-image \" aria-roledescription=\"slide\" aria-label=\"slide-2149\"><img loading=\"lazy\" decoding=\"async\" width=\"1015\" height=\"580\" src=\"https:\/\/www.henkeschreieck.at\/wp-content\/uploads\/2015\/08\/46-schnitt_a-a_croped.jpg\" class=\"slider-661 slide-2149\" alt=\"\" rel=\"\" title=\"\" srcset=\"https:\/\/www.henkeschreieck.at\/wp-content\/uploads\/2015\/08\/46-schnitt_a-a_croped.jpg 1015w, https:\/\/www.henkeschreieck.at\/wp-content\/uploads\/2015\/08\/46-schnitt_a-a_croped-300x171.jpg 300w\" sizes=\"(max-width: 1015px) 100vw, 1015px\" \/><\/li>\n                <li style=\"display: none; width: 100%;\" class=\"slide-2151 ms-image \" aria-roledescription=\"slide\" aria-label=\"slide-2151\"><img loading=\"lazy\" decoding=\"async\" width=\"1015\" height=\"580\" src=\"https:\/\/www.henkeschreieck.at\/wp-content\/uploads\/2015\/08\/50-tcc_eg_oM_Variante-Gelb_croped.jpg\" class=\"slider-661 slide-2151\" alt=\"\" rel=\"\" title=\"\" srcset=\"https:\/\/www.henkeschreieck.at\/wp-content\/uploads\/2015\/08\/50-tcc_eg_oM_Variante-Gelb_croped.jpg 1015w, https:\/\/www.henkeschreieck.at\/wp-content\/uploads\/2015\/08\/50-tcc_eg_oM_Variante-Gelb_croped-300x171.jpg 300w\" sizes=\"(max-width: 1015px) 100vw, 1015px\" \/><\/li>\n                <li style=\"display: none; width: 100%;\" class=\"slide-2150 ms-image \" aria-roledescription=\"slide\" aria-label=\"slide-2150\"><img loading=\"lazy\" decoding=\"async\" width=\"1015\" height=\"580\" src=\"https:\/\/www.henkeschreieck.at\/wp-content\/uploads\/2015\/08\/48-tcc_2_og_oM_croped.jpg\" class=\"slider-661 slide-2150\" alt=\"\" rel=\"\" title=\"\" srcset=\"https:\/\/www.henkeschreieck.at\/wp-content\/uploads\/2015\/08\/48-tcc_2_og_oM_croped.jpg 1015w, https:\/\/www.henkeschreieck.at\/wp-content\/uploads\/2015\/08\/48-tcc_2_og_oM_croped-300x171.jpg 300w\" sizes=\"(max-width: 1015px) 100vw, 1015px\" \/><\/li>\n            <\/ul>\n        <\/div>\n        \n    <\/div>\n<\/div><br \/>\n<div id=\"links-link-459\" class=\"sh-link links-link sh-hide\"><a href=\"#\" onclick=\"showhide_toggle('links', 459, '\u2192 Beschreibung', 'Beschreibung \u2190'); return false;\" aria-expanded=\"false\"><span id=\"links-toggle-459\">\u2192 Beschreibung<\/span><\/a><\/div><div id=\"links-content-459\" class=\"sh-content links-content sh-hide\" style=\"display: none;\"><\/p>\n<p><strong>EWZ &#8211; Eduard Walln\u00f6fer Zentrum f\u00fcr medizinische Innovation<\/strong><br \/>\nUMIT (Phase 1) und Studierendenheim (Phase 2)<br \/>\nBauherr: TCC Errichtungs- und Betriebs GmbH \/ TCC Studierendenheim GmbH<br \/>\nProjektteam: Ralf R\u00fcssel, Torsten Schult, Alenka Korenjak<br \/>\nWettbewerb: Feb 2002<br \/>\nBauzeit: 03\/2003 &#8211; 10\/2004<br \/>\nBGF: 17.994 m2 \/ 6.698 m2<br \/>\nBRI: 71.437 m3 \/ 24.961 m3<\/p>\n<p>Die Idee f\u00fcr den Entwurf beruht auf der Auseinandersetzung mit einem au\u00dfergew\u00f6hnlichen Kontext. Der Standort f\u00fcr die Privatuniversit\u00e4t befindet sich auf einem Parkgrundst\u00fcck in leichter Hanglage mit wertvollem altem Baumbestand am Rande der Altstadt von Hall.<br \/>\nDas st\u00e4dtebauliche Konzept definiert ein Geb\u00e4udeensemble, welches aus pr\u00e4zise gesetzten Solit\u00e4rbauk\u00f6rpern besteht. Die Stellung der einzelnen Geb\u00e4ude zueinander erzeugt zum einen urbane Dichte, zum anderen bleiben der landschaftliche Zusammenhang und die Topographie des Gel\u00e4ndes unver\u00e4ndert erhalten. Die Topographie bestimmt auch das r\u00e4umliche Konzept der einzelnen Geb\u00e4ude, die als Atriumh\u00e4user konzipiert sind. Die Struktur dieser Geb\u00e4ude bietet gleichzeitig maximale Flexibilit\u00e4t und r\u00e4umliches Erlebnis.<br \/>\nIn einer ersten Baustufe wurden die UMIT und das Studentenheim realisiert.<br \/>\nDas Erscheinungsbild des Universit\u00e4tsgeb\u00e4udes, ein Kubus von 60 x 60 m, ist gepr\u00e4gt von den geschosshohen Sonnenschutzlamellen aus gekanteten Lochblechen, die das gesamte Geb\u00e4ude umh\u00fcllen. Der abstrakte Kubus steht im bewussten Kontrast zur &#8222;Dramaturgie&#8220; der umgebenden Landschaft.<br \/>\nGezielte Einschnitte in den Bauk\u00f6rper definieren stra\u00dfen- und parkseitig gro\u00dfz\u00fcgig gedeckte Eingangsbereiche. Eine zwei-geschossige Aula verbindet das Stra\u00dfen- mit dem Parkniveau und bildet das r\u00e4umliche Zentrum des Universit\u00e4tsgeb\u00e4udes. Dieser halb\u00f6ffentliche Bereich, um den sich H\u00f6rs\u00e4le, Seminarr\u00e4ume, Bibliothek und die Cafeteria gruppieren, kann auch als Veranstaltungsraum genutzt werden.<br \/>\nAuf einem \u00e4hnlich r\u00e4umlichen Konzept basiert der Entwurf f\u00fcr das Studierendenheim. Die r\u00e4umliche Mitte dieses Geb\u00e4udes bildet ein offener Innenhof, um den sich Gemeinschaftsr\u00e4ume mit gro\u00dfz\u00fcgigen Freiterrassen gruppieren. Die einzelnen Zimmer mit jeweils eigener Sanit\u00e4rgruppe \u00f6ffnen sich ausschlie\u00dflich zum gro\u00dfartigen umgebenden Landschaftsraum.<br \/>\nIn der bereits in Planung befindlichen zweiten Baustufe wird das Competence Center an der Milser Stra\u00dfe errichtet. Im Sinne einer Corporate Identity bilden UMIT und CC typologisch und formal eine gestalterische Einheit. Durch die Realisierung des zweiten Bauk\u00f6rpers an der Milser Stra\u00dfe gelingt im Sinne des st\u00e4dtebaulichen Konzepts in loser Form der bauliche L\u00fcckenschluss zwischen der Haller Altstadt im Westen und dem \u00f6stlich gelegenen Siedlungsgebiet.<\/p>\n<p><\/div><br \/>\n<div id=\"links2-link-459\" class=\"sh-link links2-link sh-hide\"><a href=\"#\" onclick=\"showhide_toggle('links2', 459, '\u2192 Publikationen', 'Publikationen \u2190'); return false;\" aria-expanded=\"false\"><span id=\"links2-toggle-459\">\u2192 Publikationen<\/span><\/a><\/div><div id=\"links2-content-459\" class=\"sh-content links2-content sh-hide\" style=\"display: none;\"><\/p>\n<ul>\n<li><a href=\"http:\/\/www.henkeschreieck.at\/wp-content\/uploads\/2015\/08\/architektur-aktuell2.pdf\" target=\"_blank\">architektur.aktuell 2006<\/a><\/li>\n<li><a href=\"http:\/\/www.henkeschreieck.at\/wp-content\/uploads\/2015\/08\/presse2.pdf\" target=\"_blank\">Die Presse 2005<\/a><\/li>\n<\/ul>\n<p><\/div><\/p>\n","protected":false},"excerpt":{"rendered":"","protected":false},"author":1,"featured_media":0,"parent":455,"menu_order":2,"comment_status":"closed","ping_status":"open","template":"page-text.php","meta":{"_seopress_robots_primary_cat":"","_seopress_titles_title":"","_seopress_titles_desc":"","_seopress_robots_index":"","ocean_post_layout":"","ocean_both_sidebars_style":"","ocean_both_sidebars_content_width":0,"ocean_both_sidebars_sidebars_width":0,"ocean_sidebar":"","ocean_second_sidebar":"","ocean_disable_margins":"enable","ocean_add_body_class":"","ocean_shortcode_before_top_bar":"","ocean_shortcode_after_top_bar":"","ocean_shortcode_before_header":"","ocean_shortcode_after_header":"","ocean_has_shortcode":"","ocean_shortcode_after_title":"","ocean_shortcode_before_footer_widgets":"","ocean_shortcode_after_footer_widgets":"","ocean_shortcode_before_footer_bottom":"","ocean_shortcode_after_footer_bottom":"","ocean_display_top_bar":"default","ocean_display_header":"default","ocean_header_style":"","ocean_center_header_left_menu":"","ocean_custom_header_template":"","ocean_custom_logo":0,"ocean_custom_retina_logo":0,"ocean_custom_logo_max_width":0,"ocean_custom_logo_tablet_max_width":0,"ocean_custom_logo_mobile_max_width":0,"ocean_custom_logo_max_height":0,"ocean_custom_logo_tablet_max_height":0,"ocean_custom_logo_mobile_max_height":0,"ocean_header_custom_menu":"","ocean_menu_typo_font_family":"","ocean_menu_typo_font_subset":"","ocean_menu_typo_font_size":0,"ocean_menu_typo_font_size_tablet":0,"ocean_menu_typo_font_size_mobile":0,"ocean_menu_typo_font_size_unit":"px","ocean_menu_typo_font_weight":"","ocean_menu_typo_font_weight_tablet":"","ocean_menu_typo_font_weight_mobile":"","ocean_menu_typo_transform":"","ocean_menu_typo_transform_tablet":"","ocean_menu_typo_transform_mobile":"","ocean_menu_typo_line_height":0,"ocean_menu_typo_line_height_tablet":0,"ocean_menu_typo_line_height_mobile":0,"ocean_menu_typo_line_height_unit":"","ocean_menu_typo_spacing":0,"ocean_menu_typo_spacing_tablet":0,"ocean_menu_typo_spacing_mobile":0,"ocean_menu_typo_spacing_unit":"","ocean_menu_link_color":"","ocean_menu_link_color_hover":"","ocean_menu_link_color_active":"","ocean_menu_link_background":"","ocean_menu_link_hover_background":"","ocean_menu_link_active_background":"","ocean_menu_social_links_bg":"","ocean_menu_social_hover_links_bg":"","ocean_menu_social_links_color":"","ocean_menu_social_hover_links_color":"","ocean_disable_title":"default","ocean_disable_heading":"default","ocean_post_title":"","ocean_post_subheading":"","ocean_post_title_style":"","ocean_post_title_background_color":"","ocean_post_title_background":0,"ocean_post_title_bg_image_position":"","ocean_post_title_bg_image_attachment":"","ocean_post_title_bg_image_repeat":"","ocean_post_title_bg_image_size":"","ocean_post_title_height":0,"ocean_post_title_bg_overlay":0.5,"ocean_post_title_bg_overlay_color":"","ocean_disable_breadcrumbs":"default","ocean_breadcrumbs_color":"","ocean_breadcrumbs_separator_color":"","ocean_breadcrumbs_links_color":"","ocean_breadcrumbs_links_hover_color":"","ocean_display_footer_widgets":"default","ocean_display_footer_bottom":"default","ocean_custom_footer_template":"","footnotes":""},"_links":{"self":[{"href":"https:\/\/www.henkeschreieck.at\/index.php\/wp-json\/wp\/v2\/pages\/459"}],"collection":[{"href":"https:\/\/www.henkeschreieck.at\/index.php\/wp-json\/wp\/v2\/pages"}],"about":[{"href":"https:\/\/www.henkeschreieck.at\/index.php\/wp-json\/wp\/v2\/types\/page"}],"author":[{"embeddable":true,"href":"https:\/\/www.henkeschreieck.at\/index.php\/wp-json\/wp\/v2\/users\/1"}],"replies":[{"embeddable":true,"href":"https:\/\/www.henkeschreieck.at\/index.php\/wp-json\/wp\/v2\/comments?post=459"}],"version-history":[{"count":0,"href":"https:\/\/www.henkeschreieck.at\/index.php\/wp-json\/wp\/v2\/pages\/459\/revisions"}],"up":[{"embeddable":true,"href":"https:\/\/www.henkeschreieck.at\/index.php\/wp-json\/wp\/v2\/pages\/455"}],"wp:attachment":[{"href":"https:\/\/www.henkeschreieck.at\/index.php\/wp-json\/wp\/v2\/media?parent=459"}],"curies":[{"name":"wp","href":"https:\/\/api.w.org\/{rel}","templated":true}]}}