{"id":432,"date":"2015-03-24T17:37:01","date_gmt":"2015-03-24T17:37:01","guid":{"rendered":"http:\/\/www.henkeschreieck.at\/?page_id=432"},"modified":"2016-04-21T09:36:15","modified_gmt":"2016-04-21T09:36:15","slug":"haus-g","status":"publish","type":"page","link":"https:\/\/www.henkeschreieck.at\/index.php\/projects\/wohnen-2\/haus-g\/","title":{"rendered":"Haus G"},"content":{"rendered":"<p><div id=\"metaslider-id-731\" style=\"width: 100%;\" class=\"ml-slider-3-62-0 metaslider metaslider-flex metaslider-731 ml-slider ms-theme-default\" role=\"region\" aria-roledescription=\"Slideshow\" aria-label=\"Haus G\">\n    <div id=\"metaslider_container_731\">\n        <div id=\"metaslider_731\" class=\"flexslider\">\n            <ul aria-live=\"polite\" class=\"slides\">\n                <li style=\"display: block; width: 100%;\" class=\"slide-1068 ms-image \" aria-roledescription=\"slide\" aria-label=\"slide-1068\"><img loading=\"lazy\" decoding=\"async\" width=\"1015\" height=\"580\" src=\"https:\/\/www.henkeschreieck.at\/wp-content\/uploads\/2015\/04\/0412.jpg\" class=\"slider-731 slide-1068\" alt=\"\" rel=\"\" title=\"\" srcset=\"https:\/\/www.henkeschreieck.at\/wp-content\/uploads\/2015\/04\/0412.jpg 1015w, https:\/\/www.henkeschreieck.at\/wp-content\/uploads\/2015\/04\/0412-300x171.jpg 300w\" sizes=\"(max-width: 1015px) 100vw, 1015px\" \/><\/li>\n                <li style=\"display: none; width: 100%;\" class=\"slide-2008 ms-image \" aria-roledescription=\"slide\" aria-label=\"slide-2008\"><img loading=\"lazy\" decoding=\"async\" width=\"1015\" height=\"580\" src=\"https:\/\/www.henkeschreieck.at\/wp-content\/uploads\/2015\/08\/05_13166-b_40x50_spil-korrig-henke_croped.jpg\" class=\"slider-731 slide-2008\" alt=\"\" rel=\"\" title=\"\" srcset=\"https:\/\/www.henkeschreieck.at\/wp-content\/uploads\/2015\/08\/05_13166-b_40x50_spil-korrig-henke_croped.jpg 1015w, https:\/\/www.henkeschreieck.at\/wp-content\/uploads\/2015\/08\/05_13166-b_40x50_spil-korrig-henke_croped-300x171.jpg 300w\" sizes=\"(max-width: 1015px) 100vw, 1015px\" \/><\/li>\n                <li style=\"display: none; width: 100%;\" class=\"slide-2009 ms-image \" aria-roledescription=\"slide\" aria-label=\"slide-2009\"><img loading=\"lazy\" decoding=\"async\" width=\"1015\" height=\"580\" src=\"https:\/\/www.henkeschreieck.at\/wp-content\/uploads\/2015\/08\/06-spil_13167-a_croped.jpg\" class=\"slider-731 slide-2009\" alt=\"\" rel=\"\" title=\"\" srcset=\"https:\/\/www.henkeschreieck.at\/wp-content\/uploads\/2015\/08\/06-spil_13167-a_croped.jpg 1015w, https:\/\/www.henkeschreieck.at\/wp-content\/uploads\/2015\/08\/06-spil_13167-a_croped-300x171.jpg 300w\" sizes=\"(max-width: 1015px) 100vw, 1015px\" \/><\/li>\n                <li style=\"display: none; width: 100%;\" class=\"slide-1079 ms-image \" aria-roledescription=\"slide\" aria-label=\"slide-1079\"><img loading=\"lazy\" decoding=\"async\" width=\"1015\" height=\"580\" src=\"https:\/\/www.henkeschreieck.at\/wp-content\/uploads\/2015\/04\/152.jpg\" class=\"slider-731 slide-1079\" alt=\"\" rel=\"\" title=\"\" srcset=\"https:\/\/www.henkeschreieck.at\/wp-content\/uploads\/2015\/04\/152.jpg 1015w, https:\/\/www.henkeschreieck.at\/wp-content\/uploads\/2015\/04\/152-300x171.jpg 300w\" sizes=\"(max-width: 1015px) 100vw, 1015px\" \/><\/li>\n                <li style=\"display: none; width: 100%;\" class=\"slide-1072 ms-image \" aria-roledescription=\"slide\" aria-label=\"slide-1072\"><img loading=\"lazy\" decoding=\"async\" width=\"1015\" height=\"580\" src=\"https:\/\/www.henkeschreieck.at\/wp-content\/uploads\/2015\/04\/0810.jpg\" class=\"slider-731 slide-1072\" alt=\"\" rel=\"\" title=\"\" srcset=\"https:\/\/www.henkeschreieck.at\/wp-content\/uploads\/2015\/04\/0810.jpg 1015w, https:\/\/www.henkeschreieck.at\/wp-content\/uploads\/2015\/04\/0810-300x171.jpg 300w\" sizes=\"(max-width: 1015px) 100vw, 1015px\" \/><\/li>\n                <li style=\"display: none; width: 100%;\" class=\"slide-1073 ms-image \" aria-roledescription=\"slide\" aria-label=\"slide-1073\"><img loading=\"lazy\" decoding=\"async\" width=\"1015\" height=\"580\" src=\"https:\/\/www.henkeschreieck.at\/wp-content\/uploads\/2015\/04\/099.jpg\" class=\"slider-731 slide-1073\" alt=\"\" rel=\"\" title=\"\" srcset=\"https:\/\/www.henkeschreieck.at\/wp-content\/uploads\/2015\/04\/099.jpg 1015w, https:\/\/www.henkeschreieck.at\/wp-content\/uploads\/2015\/04\/099-300x171.jpg 300w\" sizes=\"(max-width: 1015px) 100vw, 1015px\" \/><\/li>\n                <li style=\"display: none; width: 100%;\" class=\"slide-1071 ms-image \" aria-roledescription=\"slide\" aria-label=\"slide-1071\"><img loading=\"lazy\" decoding=\"async\" width=\"1015\" height=\"580\" src=\"https:\/\/www.henkeschreieck.at\/wp-content\/uploads\/2015\/04\/0711.jpg\" class=\"slider-731 slide-1071\" alt=\"\" rel=\"\" title=\"\" srcset=\"https:\/\/www.henkeschreieck.at\/wp-content\/uploads\/2015\/04\/0711.jpg 1015w, https:\/\/www.henkeschreieck.at\/wp-content\/uploads\/2015\/04\/0711-300x171.jpg 300w\" sizes=\"(max-width: 1015px) 100vw, 1015px\" \/><\/li>\n                <li style=\"display: none; width: 100%;\" class=\"slide-2010 ms-image \" aria-roledescription=\"slide\" aria-label=\"slide-2010\"><img loading=\"lazy\" decoding=\"async\" width=\"1015\" height=\"580\" src=\"https:\/\/www.henkeschreieck.at\/wp-content\/uploads\/2015\/08\/07-b-spil_13167-d_croped.jpg\" class=\"slider-731 slide-2010\" alt=\"\" rel=\"\" title=\"\" srcset=\"https:\/\/www.henkeschreieck.at\/wp-content\/uploads\/2015\/08\/07-b-spil_13167-d_croped.jpg 1015w, https:\/\/www.henkeschreieck.at\/wp-content\/uploads\/2015\/08\/07-b-spil_13167-d_croped-300x171.jpg 300w\" sizes=\"(max-width: 1015px) 100vw, 1015px\" \/><\/li>\n                <li style=\"display: none; width: 100%;\" class=\"slide-1075 ms-image \" aria-roledescription=\"slide\" aria-label=\"slide-1075\"><img loading=\"lazy\" decoding=\"async\" width=\"1015\" height=\"580\" src=\"https:\/\/www.henkeschreieck.at\/wp-content\/uploads\/2015\/04\/117.jpg\" class=\"slider-731 slide-1075\" alt=\"\" rel=\"\" title=\"\" srcset=\"https:\/\/www.henkeschreieck.at\/wp-content\/uploads\/2015\/04\/117.jpg 1015w, https:\/\/www.henkeschreieck.at\/wp-content\/uploads\/2015\/04\/117-300x171.jpg 300w\" sizes=\"(max-width: 1015px) 100vw, 1015px\" \/><\/li>\n                <li style=\"display: none; width: 100%;\" class=\"slide-1076 ms-image \" aria-roledescription=\"slide\" aria-label=\"slide-1076\"><img loading=\"lazy\" decoding=\"async\" width=\"1015\" height=\"580\" src=\"https:\/\/www.henkeschreieck.at\/wp-content\/uploads\/2015\/04\/124.jpg\" class=\"slider-731 slide-1076\" alt=\"\" rel=\"\" title=\"\" srcset=\"https:\/\/www.henkeschreieck.at\/wp-content\/uploads\/2015\/04\/124.jpg 1015w, https:\/\/www.henkeschreieck.at\/wp-content\/uploads\/2015\/04\/124-300x171.jpg 300w\" sizes=\"(max-width: 1015px) 100vw, 1015px\" \/><\/li>\n                <li style=\"display: none; width: 100%;\" class=\"slide-2011 ms-image \" aria-roledescription=\"slide\" aria-label=\"slide-2011\"><img loading=\"lazy\" decoding=\"async\" width=\"1015\" height=\"580\" src=\"https:\/\/www.henkeschreieck.at\/wp-content\/uploads\/2015\/08\/12-spil_13170-d_croped.jpg\" class=\"slider-731 slide-2011\" alt=\"\" rel=\"\" title=\"\" srcset=\"https:\/\/www.henkeschreieck.at\/wp-content\/uploads\/2015\/08\/12-spil_13170-d_croped.jpg 1015w, https:\/\/www.henkeschreieck.at\/wp-content\/uploads\/2015\/08\/12-spil_13170-d_croped-300x171.jpg 300w\" sizes=\"(max-width: 1015px) 100vw, 1015px\" \/><\/li>\n                <li style=\"display: none; width: 100%;\" class=\"slide-1065 ms-image \" aria-roledescription=\"slide\" aria-label=\"slide-1065\"><img loading=\"lazy\" decoding=\"async\" width=\"1015\" height=\"580\" src=\"https:\/\/www.henkeschreieck.at\/wp-content\/uploads\/2015\/04\/0111.jpg\" class=\"slider-731 slide-1065\" alt=\"\" rel=\"\" title=\"\" srcset=\"https:\/\/www.henkeschreieck.at\/wp-content\/uploads\/2015\/04\/0111.jpg 1015w, https:\/\/www.henkeschreieck.at\/wp-content\/uploads\/2015\/04\/0111-300x171.jpg 300w\" sizes=\"(max-width: 1015px) 100vw, 1015px\" \/><\/li>\n                <li style=\"display: none; width: 100%;\" class=\"slide-1066 ms-image \" aria-roledescription=\"slide\" aria-label=\"slide-1066\"><img loading=\"lazy\" decoding=\"async\" width=\"1015\" height=\"580\" src=\"https:\/\/www.henkeschreieck.at\/wp-content\/uploads\/2015\/04\/0212.jpg\" class=\"slider-731 slide-1066\" alt=\"\" rel=\"\" title=\"\" srcset=\"https:\/\/www.henkeschreieck.at\/wp-content\/uploads\/2015\/04\/0212.jpg 1015w, https:\/\/www.henkeschreieck.at\/wp-content\/uploads\/2015\/04\/0212-300x171.jpg 300w\" sizes=\"(max-width: 1015px) 100vw, 1015px\" \/><\/li>\n                <li style=\"display: none; width: 100%;\" class=\"slide-1067 ms-image \" aria-roledescription=\"slide\" aria-label=\"slide-1067\"><img loading=\"lazy\" decoding=\"async\" width=\"1015\" height=\"580\" src=\"https:\/\/www.henkeschreieck.at\/wp-content\/uploads\/2015\/04\/0311.jpg\" class=\"slider-731 slide-1067\" alt=\"\" rel=\"\" title=\"\" srcset=\"https:\/\/www.henkeschreieck.at\/wp-content\/uploads\/2015\/04\/0311.jpg 1015w, https:\/\/www.henkeschreieck.at\/wp-content\/uploads\/2015\/04\/0311-300x171.jpg 300w\" sizes=\"(max-width: 1015px) 100vw, 1015px\" \/><\/li>\n            <\/ul>\n        <\/div>\n        \n    <\/div>\n<\/div><br \/>\n<div id=\"links3-link-432\" class=\"sh-link links3-link sh-hide\"><a href=\"#\" onclick=\"showhide_toggle('links3', 432, '\u2192 Facts', 'Facts \u2190'); return false;\" aria-expanded=\"false\"><span id=\"links3-toggle-432\">\u2192 Facts<\/span><\/a><\/div><div id=\"links3-content-432\" class=\"sh-content links3-content sh-hide\" style=\"display: none;\"><\/p>\n<table style=\"width: 50%; margin-right: 2px; border: none; border-spacing: 10px; font-size: 1.0em;\">\n<thead>\n<tr>\n<td><\/td>\n<td><strong><\/strong><\/td>\n<\/tr>\n<\/thead>\n<tbody>\n<tr style=\"border-bottom: thin solid #333; vertical-align: top;\">\n<td>Fertigstellung<\/td>\n<td>02.2012<\/td>\n<\/tr>\n<tr style=\"border-bottom: thin solid #333; vertical-align: top;\">\n<td>Land<\/td>\n<td>\u00d6sterreich<\/td>\n<\/tr>\n<tr style=\"border-bottom: thin solid #333; vertical-align: top;\">\n<td>Ort<\/td>\n<td>Buchschachen im Burgenland<\/td>\n<\/tr>\n<tr style=\"border-bottom: thin solid #333; vertical-align: top;\">\n<td>BGF<\/td>\n<td>236 m2<\/td>\n<\/tr>\n<tr style=\"border-bottom: thin solid #333; vertical-align: top;\">\n<td>Architektur<\/td>\n<td>Henke Schreieck Architekten<br \/>\nDieter Henke I Marta Schreieck<\/td>\n<\/tr>\n<tr style=\"border-bottom: thin solid #333; vertical-align: top;\">\n<td>Projektleiter<\/td>\n<td>Dieter Henke<\/td>\n<\/tr>\n<tr style=\"border-bottom: thin solid #333; vertical-align: top;\">\n<td>MitarbeiterInnen<\/td>\n<td>Margarida Amial<\/td>\n<\/tr>\n<tr style=\"border-bottom: thin solid #333; vertical-align: top;\">\n<td>Statik<\/td>\n<td>gmeiner I haferl zivilingenieure zt gmbh<\/td>\n<\/tr>\n<tr style=\"border-bottom: thin solid #333; vertical-align: top;\">\n<td>Fotos<\/td>\n<td>Margherita Spillutini<br \/>\nDieter Henke<\/td>\n<\/tr>\n<\/tbody>\n<\/table>\n<p><\/div><br \/>\n<div id=\"links-link-432\" class=\"sh-link links-link sh-hide\"><a href=\"#\" onclick=\"showhide_toggle('links', 432, '\u2192 Beschreibung', 'Beschreibung \u2190'); return false;\" aria-expanded=\"false\"><span id=\"links-toggle-432\">\u2192 Beschreibung<\/span><\/a><\/div><div id=\"links-content-432\" class=\"sh-content links-content sh-hide\" style=\"display: none;\"><\/p>\n<p><strong>DE<\/strong> ORT \u2013 Buchschachen, Markt Allhau, S\u00fcdburgenland<br \/>\nStreusiedlung, an der Ortsstra\u00dfe lose aneinandergereihte Wohn- und Bauernh\u00e4user, Scheunen, Pferdekoppeln, blumenbestandene Obstbaumwiesen bis zum Stra\u00dfenrand. Was auff\u00e4llt: kein Kreisverkehr, keine Ortsversch\u00f6nerung<br \/>\nBAUPLATZ \u2013 Die Lage des Grundst\u00fcckes am Rande des kleinen Ortes ist durch eine \u00fcberw\u00e4ltigende Aussicht in Kulturlandschaft der auslaufenden Ostalpen gekennzeichnet.<br \/>\nLAGE DES HAUSES<br \/>\nUnter Ber\u00fccksichtigung der charakteristischen Streuobstreihe wurde das Haus bewusst leicht unterhalb des H\u00fcgels des langgestreckten Flurstreifens positioniert, um das Haus auf selbstverst\u00e4ndliche Weise in die Landschaft zu integrieren, ohne den Ort durch unn\u00f6tige Repr\u00e4sentanz zu bedr\u00e4ngen.<br \/>\nKONZEPT \u2013 Eine 50 cm starke Sichtbetonwand unterschiedlicher H\u00f6he \u201estanzt\u201c auf abstrakte Weise das orthogonale Geviert des Hauses aus dem Acker. Zwei in das Rechteck wechselseitig eingeschriebene H\u00f6fe unterschiedlicher Atmosph\u00e4re definieren den Wohnbereich. Am Schnittpunkt der beiden H\u00f6fe ist die als inneres R\u00fcckgrat konzipierte l\u00e4ngsdurchlaufende Betonscheibe unterbrochen und bildet jeweils die R\u00fcckwand der beiden H\u00f6fe. Eine in die Wand integrierte Schiebet\u00fcre aus geb\u00fcrsteter Eiche reguliert die unterschiedlichen Raumzusammenh\u00e4nge, von durchl\u00e4ssig offen bis zu intimeren Raumbereichen mit stark differenziertem Au\u00dfenraumbezug.<br \/>\nDie allseitig weit auskragende, begr\u00fcnte Dachplatte aus Beton intensiviert zus\u00e4tzlich den Innen- Au\u00dfenraumbezug und schafft witterungsgesch\u00fctzte Aufenthaltsbereiche im Freien und dient als nat\u00fcrlicher Sonnenschutz im Sommer.<br \/>\nMATERIAL \u2013 Wand, Boden, Decke: Sichtbeton; Fenster, T\u00fcren: ge\u00f6lte Eiche; Einbaum\u00f6bel: lasierte Holzwerkstoffplatten (MDF)<br \/>\nDie homogene, puristische Materialisierung des Hauses schafft einerseits eine sinnliche Raumatmosph\u00e4re und bildet andererseits in ihrer Zur\u00fcckgenommenheit den Hintergrund f\u00fcr die intensive Wahrnehmung der Landschaft in den wechselnden Stadien der Natur mit ihren unter-schiedlichen Licht-, Wetter- und Farbstimmungen.<\/p>\n<p><\/div><br \/>\n<div id=\"links2-link-432\" class=\"sh-link links2-link sh-hide\"><a href=\"#\" onclick=\"showhide_toggle('links2', 432, '\u2192 Publikationen', 'Publikationen \u2190'); return false;\" aria-expanded=\"false\"><span id=\"links2-toggle-432\">\u2192 Publikationen<\/span><\/a><\/div><div id=\"links2-content-432\" class=\"sh-content links2-content sh-hide\" style=\"display: none;\"><\/p>\n<ul>\n<li><a href=\"http:\/\/www.henkeschreieck.at\/wp-content\/uploads\/2015\/05\/architektur-aktuell-henke-und-schreieck-EFH-Buchschachen.pdf\" target=\"_blank\">architektur.aktuell 2014<\/a><\/li>\n<li><a href=\"http:\/\/www.henkeschreieck.at\/wp-content\/uploads\/2015\/05\/224-227_In-die-Landschaft-geschnitten-Callwey-Verlag.pdf\" target=\"_blank\">In die Landschaft geschnitten<\/a><\/li>\n<\/ul>\n<p><\/div><\/p>\n","protected":false},"excerpt":{"rendered":"","protected":false},"author":1,"featured_media":0,"parent":355,"menu_order":2,"comment_status":"closed","ping_status":"open","template":"page-text.php","meta":{"_seopress_robots_primary_cat":"","_seopress_titles_title":"","_seopress_titles_desc":"","_seopress_robots_index":"","ocean_post_layout":"","ocean_both_sidebars_style":"","ocean_both_sidebars_content_width":0,"ocean_both_sidebars_sidebars_width":0,"ocean_sidebar":"","ocean_second_sidebar":"","ocean_disable_margins":"enable","ocean_add_body_class":"","ocean_shortcode_before_top_bar":"","ocean_shortcode_after_top_bar":"","ocean_shortcode_before_header":"","ocean_shortcode_after_header":"","ocean_has_shortcode":"","ocean_shortcode_after_title":"","ocean_shortcode_before_footer_widgets":"","ocean_shortcode_after_footer_widgets":"","ocean_shortcode_before_footer_bottom":"","ocean_shortcode_after_footer_bottom":"","ocean_display_top_bar":"default","ocean_display_header":"default","ocean_header_style":"","ocean_center_header_left_menu":"","ocean_custom_header_template":"","ocean_custom_logo":0,"ocean_custom_retina_logo":0,"ocean_custom_logo_max_width":0,"ocean_custom_logo_tablet_max_width":0,"ocean_custom_logo_mobile_max_width":0,"ocean_custom_logo_max_height":0,"ocean_custom_logo_tablet_max_height":0,"ocean_custom_logo_mobile_max_height":0,"ocean_header_custom_menu":"","ocean_menu_typo_font_family":"","ocean_menu_typo_font_subset":"","ocean_menu_typo_font_size":0,"ocean_menu_typo_font_size_tablet":0,"ocean_menu_typo_font_size_mobile":0,"ocean_menu_typo_font_size_unit":"px","ocean_menu_typo_font_weight":"","ocean_menu_typo_font_weight_tablet":"","ocean_menu_typo_font_weight_mobile":"","ocean_menu_typo_transform":"","ocean_menu_typo_transform_tablet":"","ocean_menu_typo_transform_mobile":"","ocean_menu_typo_line_height":0,"ocean_menu_typo_line_height_tablet":0,"ocean_menu_typo_line_height_mobile":0,"ocean_menu_typo_line_height_unit":"","ocean_menu_typo_spacing":0,"ocean_menu_typo_spacing_tablet":0,"ocean_menu_typo_spacing_mobile":0,"ocean_menu_typo_spacing_unit":"","ocean_menu_link_color":"","ocean_menu_link_color_hover":"","ocean_menu_link_color_active":"","ocean_menu_link_background":"","ocean_menu_link_hover_background":"","ocean_menu_link_active_background":"","ocean_menu_social_links_bg":"","ocean_menu_social_hover_links_bg":"","ocean_menu_social_links_color":"","ocean_menu_social_hover_links_color":"","ocean_disable_title":"default","ocean_disable_heading":"default","ocean_post_title":"","ocean_post_subheading":"","ocean_post_title_style":"","ocean_post_title_background_color":"","ocean_post_title_background":0,"ocean_post_title_bg_image_position":"","ocean_post_title_bg_image_attachment":"","ocean_post_title_bg_image_repeat":"","ocean_post_title_bg_image_size":"","ocean_post_title_height":0,"ocean_post_title_bg_overlay":0.5,"ocean_post_title_bg_overlay_color":"","ocean_disable_breadcrumbs":"default","ocean_breadcrumbs_color":"","ocean_breadcrumbs_separator_color":"","ocean_breadcrumbs_links_color":"","ocean_breadcrumbs_links_hover_color":"","ocean_display_footer_widgets":"default","ocean_display_footer_bottom":"default","ocean_custom_footer_template":"","footnotes":""},"_links":{"self":[{"href":"https:\/\/www.henkeschreieck.at\/index.php\/wp-json\/wp\/v2\/pages\/432"}],"collection":[{"href":"https:\/\/www.henkeschreieck.at\/index.php\/wp-json\/wp\/v2\/pages"}],"about":[{"href":"https:\/\/www.henkeschreieck.at\/index.php\/wp-json\/wp\/v2\/types\/page"}],"author":[{"embeddable":true,"href":"https:\/\/www.henkeschreieck.at\/index.php\/wp-json\/wp\/v2\/users\/1"}],"replies":[{"embeddable":true,"href":"https:\/\/www.henkeschreieck.at\/index.php\/wp-json\/wp\/v2\/comments?post=432"}],"version-history":[{"count":0,"href":"https:\/\/www.henkeschreieck.at\/index.php\/wp-json\/wp\/v2\/pages\/432\/revisions"}],"up":[{"embeddable":true,"href":"https:\/\/www.henkeschreieck.at\/index.php\/wp-json\/wp\/v2\/pages\/355"}],"wp:attachment":[{"href":"https:\/\/www.henkeschreieck.at\/index.php\/wp-json\/wp\/v2\/media?parent=432"}],"curies":[{"name":"wp","href":"https:\/\/api.w.org\/{rel}","templated":true}]}}