{"id":430,"date":"2015-03-24T17:36:37","date_gmt":"2015-03-24T17:36:37","guid":{"rendered":"http:\/\/www.henkeschreieck.at\/?page_id=430"},"modified":"2016-04-04T13:58:50","modified_gmt":"2016-04-04T13:58:50","slug":"haus-b","status":"publish","type":"page","link":"https:\/\/www.henkeschreieck.at\/index.php\/projects\/wohnen-2\/haus-b\/","title":{"rendered":"Haus B"},"content":{"rendered":"<p><div id=\"metaslider-id-1123\" style=\"width: 100%;\" class=\"ml-slider-3-62-0 metaslider metaslider-flex metaslider-1123 ml-slider ms-theme-default\" role=\"region\" aria-roledescription=\"Slideshow\" aria-label=\"Boos\">\n    <div id=\"metaslider_container_1123\">\n        <div id=\"metaslider_1123\" class=\"flexslider\">\n            <ul aria-live=\"polite\" class=\"slides\">\n                <li style=\"display: block; width: 100%;\" class=\"slide-2014 ms-image \" aria-roledescription=\"slide\" aria-label=\"slide-2014\"><img loading=\"lazy\" decoding=\"async\" width=\"1015\" height=\"580\" src=\"https:\/\/www.henkeschreieck.at\/wp-content\/uploads\/2015\/08\/01-boos-a-01-spil_croped.jpg\" class=\"slider-1123 slide-2014\" alt=\"\" rel=\"\" title=\"\" srcset=\"https:\/\/www.henkeschreieck.at\/wp-content\/uploads\/2015\/08\/01-boos-a-01-spil_croped.jpg 1015w, https:\/\/www.henkeschreieck.at\/wp-content\/uploads\/2015\/08\/01-boos-a-01-spil_croped-300x171.jpg 300w\" sizes=\"(max-width: 1015px) 100vw, 1015px\" \/><\/li>\n                <li style=\"display: none; width: 100%;\" class=\"slide-2016 ms-image \" aria-roledescription=\"slide\" aria-label=\"slide-2016\"><img loading=\"lazy\" decoding=\"async\" width=\"1015\" height=\"580\" src=\"https:\/\/www.henkeschreieck.at\/wp-content\/uploads\/2015\/08\/02_croped.jpg\" class=\"slider-1123 slide-2016\" alt=\"\" rel=\"\" title=\"\" srcset=\"https:\/\/www.henkeschreieck.at\/wp-content\/uploads\/2015\/08\/02_croped.jpg 1015w, https:\/\/www.henkeschreieck.at\/wp-content\/uploads\/2015\/08\/02_croped-300x171.jpg 300w\" sizes=\"(max-width: 1015px) 100vw, 1015px\" \/><\/li>\n                <li style=\"display: none; width: 100%;\" class=\"slide-2015 ms-image \" aria-roledescription=\"slide\" aria-label=\"slide-2015\"><img loading=\"lazy\" decoding=\"async\" width=\"1015\" height=\"580\" src=\"https:\/\/www.henkeschreieck.at\/wp-content\/uploads\/2015\/08\/02.jpg\" class=\"slider-1123 slide-2015\" alt=\"\" rel=\"\" title=\"\" srcset=\"https:\/\/www.henkeschreieck.at\/wp-content\/uploads\/2015\/08\/02.jpg 1015w, https:\/\/www.henkeschreieck.at\/wp-content\/uploads\/2015\/08\/02-300x171.jpg 300w\" sizes=\"(max-width: 1015px) 100vw, 1015px\" \/><\/li>\n                <li style=\"display: none; width: 100%;\" class=\"slide-2017 ms-image \" aria-roledescription=\"slide\" aria-label=\"slide-2017\"><img loading=\"lazy\" decoding=\"async\" width=\"1015\" height=\"580\" src=\"https:\/\/www.henkeschreieck.at\/wp-content\/uploads\/2015\/08\/031.jpg\" class=\"slider-1123 slide-2017\" alt=\"\" rel=\"\" title=\"\" srcset=\"https:\/\/www.henkeschreieck.at\/wp-content\/uploads\/2015\/08\/031.jpg 1015w, https:\/\/www.henkeschreieck.at\/wp-content\/uploads\/2015\/08\/031-300x171.jpg 300w\" sizes=\"(max-width: 1015px) 100vw, 1015px\" \/><\/li>\n                <li style=\"display: none; width: 100%;\" class=\"slide-2020 ms-image \" aria-roledescription=\"slide\" aria-label=\"slide-2020\"><img loading=\"lazy\" decoding=\"async\" width=\"1015\" height=\"580\" src=\"https:\/\/www.henkeschreieck.at\/wp-content\/uploads\/2015\/08\/07.jpg\" class=\"slider-1123 slide-2020\" alt=\"\" rel=\"\" title=\"\" srcset=\"https:\/\/www.henkeschreieck.at\/wp-content\/uploads\/2015\/08\/07.jpg 1015w, https:\/\/www.henkeschreieck.at\/wp-content\/uploads\/2015\/08\/07-300x171.jpg 300w\" sizes=\"(max-width: 1015px) 100vw, 1015px\" \/><\/li>\n                <li style=\"display: none; width: 100%;\" class=\"slide-2019 ms-image \" aria-roledescription=\"slide\" aria-label=\"slide-2019\"><img loading=\"lazy\" decoding=\"async\" width=\"1015\" height=\"580\" src=\"https:\/\/www.henkeschreieck.at\/wp-content\/uploads\/2015\/08\/6aund6b_croped.jpg\" class=\"slider-1123 slide-2019\" alt=\"\" rel=\"\" title=\"\" srcset=\"https:\/\/www.henkeschreieck.at\/wp-content\/uploads\/2015\/08\/6aund6b_croped.jpg 1015w, https:\/\/www.henkeschreieck.at\/wp-content\/uploads\/2015\/08\/6aund6b_croped-300x171.jpg 300w\" sizes=\"(max-width: 1015px) 100vw, 1015px\" \/><\/li>\n                <li style=\"display: none; width: 100%;\" class=\"slide-2018 ms-image \" aria-roledescription=\"slide\" aria-label=\"slide-2018\"><img loading=\"lazy\" decoding=\"async\" width=\"1015\" height=\"580\" src=\"https:\/\/www.henkeschreieck.at\/wp-content\/uploads\/2015\/08\/06.jpg\" class=\"slider-1123 slide-2018\" alt=\"\" rel=\"\" title=\"\" srcset=\"https:\/\/www.henkeschreieck.at\/wp-content\/uploads\/2015\/08\/06.jpg 1015w, https:\/\/www.henkeschreieck.at\/wp-content\/uploads\/2015\/08\/06-300x171.jpg 300w\" sizes=\"(max-width: 1015px) 100vw, 1015px\" \/><\/li>\n            <\/ul>\n        <\/div>\n        \n    <\/div>\n<\/div><br \/>\n<div id=\"links-link-430\" class=\"sh-link links-link sh-hide\"><a href=\"#\" onclick=\"showhide_toggle('links', 430, '\u2192 Facts', 'Facts \u2190'); return false;\" aria-expanded=\"false\"><span id=\"links-toggle-430\">\u2192 Facts<\/span><\/a><\/div><div id=\"links-content-430\" class=\"sh-content links-content sh-hide\" style=\"display: none;\"><\/p>\n<table style=\"width: 50%; margin-right: 2px; border: none; border-spacing: 10px; font-size: 1.0em;\">\n<thead>\n<tr>\n<td><\/td>\n<td><strong><\/strong><\/td>\n<\/tr>\n<\/thead>\n<tbody>\n<tr style=\"border-bottom: thin solid #333; vertical-align: top;\">\n<td>Fertigstellung<\/td>\n<td>1997<\/td>\n<\/tr>\n<tr style=\"border-bottom: thin solid #333; vertical-align: top;\">\n<td>Land<\/td>\n<td>\u00d6sterreich<\/td>\n<\/tr>\n<tr style=\"border-bottom: thin solid #333; vertical-align: top;\">\n<td>Ort<\/td>\n<td>1170 Wien<\/td>\n<\/tr>\n<tr style=\"border-bottom: thin solid #333; vertical-align: top;\">\n<td>NGF<\/td>\n<td>240 m2<\/td>\n<\/tr>\n<tr style=\"border-bottom: thin solid #333; vertical-align: top;\">\n<td>Architektur<\/td>\n<td>Henke Schreieck Architekten<br \/>\nDieter Henke I Marta Schreieck<\/td>\n<\/tr>\n<tr style=\"border-bottom: thin solid #333; vertical-align: top;\">\n<td>MitarbeiterInnen<\/td>\n<td>Limin Chen<\/td>\n<\/tr>\n<tr style=\"border-bottom: thin solid #333; vertical-align: top;\">\n<td>Statik<\/td>\n<td>gmeiner I haferl zivilingenieure zt gmbh<\/td>\n<\/tr>\n<tr style=\"border-bottom: thin solid #333; vertical-align: top;\">\n<td>Fotos<\/td>\n<td>Margherita Spiluttini<br \/>\nDieter Henke<\/td>\n<\/tr>\n<\/tbody>\n<\/table>\n<p><\/div><br \/>\n<div id=\"links4-link-430\" class=\"sh-link links4-link sh-hide\"><a href=\"#\" onclick=\"showhide_toggle('links4', 430, '\u2192 Beschreibung', 'Beschreibung \u2190'); return false;\" aria-expanded=\"false\"><span id=\"links4-toggle-430\">\u2192 Beschreibung<\/span><\/a><\/div><div id=\"links4-content-430\" class=\"sh-content links4-content sh-hide\" style=\"display: none;\"><\/p>\n<p><strong>DE<\/strong> Das Haus liegt in einen durchgr\u00fcnten Siedlungsgebiet im Westen von Wien am Rande zum Wienerwald. Die Lage des Hauses in der Mitte einer schmalen Hangparzelle war durch den Bebauungsplan vorgegeben.Diese anf\u00e4ngliche Einschr\u00e4nkung f\u00fchrte zur bewussten dualen Disposition des Hauses:<br \/>\nDem \u201eerdverbundenen\u201c hangseitigen Wohnraum mit \u00dcbergang zum naturbelassenen \u2013<br \/>\nmit Obstb\u00e4umen bestandenen Garten \u2013 steht der stadtseitig exponierte Teil des Hauses mit terrassierten Vorfeld gegen\u00fcber.Die Konzeption des Hauses basiert auf einem ebenerdigen Pavillon der \u00fcber eine Gel\u00e4ndest\u00fctzmauer weit auskragt und unter dem die R\u00e4ume der Kinder als selbst\u00e4ndige Box eingeschoben sind.Man begeht das Haus seitlich und wird entlang der St\u00fctzmauer in das Haus hinein bzw. durchgef\u00fchrt. \u00dcber eine Treppe gelangt man in das als Einraum angelegte Obergeschoss, welches durch das l\u00e4ngsverlaufende Schrankelement und die querliegende Treppe in einzelne miteinander kommunizierende Wohnbereiche mit jeweils stark unterschiedlichen Aussenraumbezug geteilt wird.<\/p>\n<p><strong>EN<\/strong> The house is located in a green settlement area in the west of Vienna at the edge of the Vienna Woods. The location of the house at the centre of a small sloping site was required by the master plan.<br \/>\nThis initial restriction lead to the consciously dual disposition of the house.<br \/>\nThe \u201eearthbound\u201c living area towards the slope, with a passage to the natural orchard, is opposed by the section of the house with a terrace area in front which is oriented towards the city.<br \/>\nThe concept of the house is based on a pavilion at ground level which overhangs an earth supporting wall. Beyond this level, the children\u2019s\u2018 rooms are slotted in as an independent box.<br \/>\nThe house is accessed from the side, the entrance leads along the supporting wall into and through the house. A stairway leads to the upper floor, which is designed as one room and which is divided lengthways by a cupboard element and transversely by a stairway leading into individual living areas which communicate with each other and which relate towards the outside to varying degrees.<\/p>\n<p><\/div><br \/>\n<div id=\"links2-link-430\" class=\"sh-link links2-link sh-hide\"><a href=\"#\" onclick=\"showhide_toggle('links2', 430, '\u2192 Publikationen', 'Publikationen \u2190'); return false;\" aria-expanded=\"false\"><span id=\"links2-toggle-430\">\u2192 Publikationen<\/span><\/a><\/div><div id=\"links2-content-430\" class=\"sh-content links2-content sh-hide\" style=\"display: none;\"><\/p>\n<ul>\n<li><a href=\"http:\/\/www.henkeschreieck.at\/wp-content\/uploads\/2015\/05\/architektur-aktuell.pdf\" target=\"_blank\">architektur.aktuell 1998<\/a><\/li>\n<li><a href=\"http:\/\/www.henkeschreieck.at\/wp-content\/uploads\/2015\/05\/detail.pdf\" target=\"_blank\">DETAIL 1999<\/a><\/li>\n<li><a href=\"http:\/\/www.henkeschreieck.at\/wp-content\/uploads\/2015\/05\/home.pdf\" target=\"_blank\">Home 1999<\/a><\/li>\n<\/ul>\n<p><\/div><br \/>\n<div id=\"links3-link-430\" class=\"sh-link links3-link sh-hide\"><a href=\"#\" onclick=\"showhide_toggle('links3', 430, '\u2192 Download Project', 'Download Project \u2190'); return false;\" aria-expanded=\"false\"><span id=\"links3-toggle-430\">\u2192 Download Project<\/span><\/a><\/div><div id=\"links3-content-430\" class=\"sh-content links3-content sh-hide\" style=\"display: none;\"><\/p>\n<ul>\n<li><a href=\"http:\/\/www.henkeschreieck.at\/wp-content\/uploads\/2015\/05\/Boos.pdf\" target=\"_blank\">Haus Boos<\/a><\/li>\n<\/ul>\n<p><\/div><\/p>\n","protected":false},"excerpt":{"rendered":"","protected":false},"author":1,"featured_media":0,"parent":355,"menu_order":1,"comment_status":"closed","ping_status":"open","template":"page-text.php","meta":{"_seopress_robots_primary_cat":"","_seopress_titles_title":"","_seopress_titles_desc":"","_seopress_robots_index":"","ocean_post_layout":"","ocean_both_sidebars_style":"","ocean_both_sidebars_content_width":0,"ocean_both_sidebars_sidebars_width":0,"ocean_sidebar":"","ocean_second_sidebar":"","ocean_disable_margins":"enable","ocean_add_body_class":"","ocean_shortcode_before_top_bar":"","ocean_shortcode_after_top_bar":"","ocean_shortcode_before_header":"","ocean_shortcode_after_header":"","ocean_has_shortcode":"","ocean_shortcode_after_title":"","ocean_shortcode_before_footer_widgets":"","ocean_shortcode_after_footer_widgets":"","ocean_shortcode_before_footer_bottom":"","ocean_shortcode_after_footer_bottom":"","ocean_display_top_bar":"default","ocean_display_header":"default","ocean_header_style":"","ocean_center_header_left_menu":"","ocean_custom_header_template":"","ocean_custom_logo":0,"ocean_custom_retina_logo":0,"ocean_custom_logo_max_width":0,"ocean_custom_logo_tablet_max_width":0,"ocean_custom_logo_mobile_max_width":0,"ocean_custom_logo_max_height":0,"ocean_custom_logo_tablet_max_height":0,"ocean_custom_logo_mobile_max_height":0,"ocean_header_custom_menu":"","ocean_menu_typo_font_family":"","ocean_menu_typo_font_subset":"","ocean_menu_typo_font_size":0,"ocean_menu_typo_font_size_tablet":0,"ocean_menu_typo_font_size_mobile":0,"ocean_menu_typo_font_size_unit":"px","ocean_menu_typo_font_weight":"","ocean_menu_typo_font_weight_tablet":"","ocean_menu_typo_font_weight_mobile":"","ocean_menu_typo_transform":"","ocean_menu_typo_transform_tablet":"","ocean_menu_typo_transform_mobile":"","ocean_menu_typo_line_height":0,"ocean_menu_typo_line_height_tablet":0,"ocean_menu_typo_line_height_mobile":0,"ocean_menu_typo_line_height_unit":"","ocean_menu_typo_spacing":0,"ocean_menu_typo_spacing_tablet":0,"ocean_menu_typo_spacing_mobile":0,"ocean_menu_typo_spacing_unit":"","ocean_menu_link_color":"","ocean_menu_link_color_hover":"","ocean_menu_link_color_active":"","ocean_menu_link_background":"","ocean_menu_link_hover_background":"","ocean_menu_link_active_background":"","ocean_menu_social_links_bg":"","ocean_menu_social_hover_links_bg":"","ocean_menu_social_links_color":"","ocean_menu_social_hover_links_color":"","ocean_disable_title":"default","ocean_disable_heading":"default","ocean_post_title":"","ocean_post_subheading":"","ocean_post_title_style":"","ocean_post_title_background_color":"","ocean_post_title_background":0,"ocean_post_title_bg_image_position":"","ocean_post_title_bg_image_attachment":"","ocean_post_title_bg_image_repeat":"","ocean_post_title_bg_image_size":"","ocean_post_title_height":0,"ocean_post_title_bg_overlay":0.5,"ocean_post_title_bg_overlay_color":"","ocean_disable_breadcrumbs":"default","ocean_breadcrumbs_color":"","ocean_breadcrumbs_separator_color":"","ocean_breadcrumbs_links_color":"","ocean_breadcrumbs_links_hover_color":"","ocean_display_footer_widgets":"default","ocean_display_footer_bottom":"default","ocean_custom_footer_template":"","footnotes":""},"_links":{"self":[{"href":"https:\/\/www.henkeschreieck.at\/index.php\/wp-json\/wp\/v2\/pages\/430"}],"collection":[{"href":"https:\/\/www.henkeschreieck.at\/index.php\/wp-json\/wp\/v2\/pages"}],"about":[{"href":"https:\/\/www.henkeschreieck.at\/index.php\/wp-json\/wp\/v2\/types\/page"}],"author":[{"embeddable":true,"href":"https:\/\/www.henkeschreieck.at\/index.php\/wp-json\/wp\/v2\/users\/1"}],"replies":[{"embeddable":true,"href":"https:\/\/www.henkeschreieck.at\/index.php\/wp-json\/wp\/v2\/comments?post=430"}],"version-history":[{"count":0,"href":"https:\/\/www.henkeschreieck.at\/index.php\/wp-json\/wp\/v2\/pages\/430\/revisions"}],"up":[{"embeddable":true,"href":"https:\/\/www.henkeschreieck.at\/index.php\/wp-json\/wp\/v2\/pages\/355"}],"wp:attachment":[{"href":"https:\/\/www.henkeschreieck.at\/index.php\/wp-json\/wp\/v2\/media?parent=430"}],"curies":[{"name":"wp","href":"https:\/\/api.w.org\/{rel}","templated":true}]}}