{"id":428,"date":"2015-03-24T17:33:58","date_gmt":"2015-03-24T17:33:58","guid":{"rendered":"http:\/\/www.henkeschreieck.at\/?page_id=428"},"modified":"2015-09-01T12:31:14","modified_gmt":"2015-09-01T12:31:14","slug":"wien-mitte","status":"publish","type":"page","link":"https:\/\/www.henkeschreieck.at\/index.php\/projects\/mixed-use\/wien-mitte\/","title":{"rendered":"Wien Mitte"},"content":{"rendered":"<p><div id=\"metaslider-id-1243\" style=\"width: 100%;\" class=\"ml-slider-3-62-0 metaslider metaslider-flex metaslider-1243 ml-slider ms-theme-default\" role=\"region\" aria-roledescription=\"Slideshow\" aria-label=\"Wien Mitte\">\n    <div id=\"metaslider_container_1243\">\n        <div id=\"metaslider_1243\" class=\"flexslider\">\n            <ul aria-live=\"polite\" class=\"slides\">\n                <li style=\"display: block; width: 100%;\" class=\"slide-1240 ms-image \" aria-roledescription=\"slide\" aria-label=\"slide-1240\"><img loading=\"lazy\" decoding=\"async\" width=\"1015\" height=\"580\" src=\"https:\/\/www.henkeschreieck.at\/wp-content\/uploads\/2015\/04\/0425.jpg\" class=\"slider-1243 slide-1240\" alt=\"\" rel=\"\" title=\"\" srcset=\"https:\/\/www.henkeschreieck.at\/wp-content\/uploads\/2015\/04\/0425.jpg 1015w, https:\/\/www.henkeschreieck.at\/wp-content\/uploads\/2015\/04\/0425-300x171.jpg 300w\" sizes=\"(max-width: 1015px) 100vw, 1015px\" \/><\/li>\n                <li style=\"display: none; width: 100%;\" class=\"slide-1239 ms-image \" aria-roledescription=\"slide\" aria-label=\"slide-1239\"><img loading=\"lazy\" decoding=\"async\" width=\"1015\" height=\"580\" src=\"https:\/\/www.henkeschreieck.at\/wp-content\/uploads\/2015\/04\/0324.jpg\" class=\"slider-1243 slide-1239\" alt=\"\" rel=\"\" title=\"\" srcset=\"https:\/\/www.henkeschreieck.at\/wp-content\/uploads\/2015\/04\/0324.jpg 1015w, https:\/\/www.henkeschreieck.at\/wp-content\/uploads\/2015\/04\/0324-300x171.jpg 300w\" sizes=\"(max-width: 1015px) 100vw, 1015px\" \/><\/li>\n                <li style=\"display: none; width: 100%;\" class=\"slide-1237 ms-image \" aria-roledescription=\"slide\" aria-label=\"slide-1237\"><img loading=\"lazy\" decoding=\"async\" width=\"1015\" height=\"580\" src=\"https:\/\/www.henkeschreieck.at\/wp-content\/uploads\/2015\/04\/0126.jpg\" class=\"slider-1243 slide-1237\" alt=\"\" rel=\"\" title=\"\" srcset=\"https:\/\/www.henkeschreieck.at\/wp-content\/uploads\/2015\/04\/0126.jpg 1015w, https:\/\/www.henkeschreieck.at\/wp-content\/uploads\/2015\/04\/0126-300x171.jpg 300w\" sizes=\"(max-width: 1015px) 100vw, 1015px\" \/><\/li>\n                <li style=\"display: none; width: 100%;\" class=\"slide-1238 ms-image \" aria-roledescription=\"slide\" aria-label=\"slide-1238\"><img loading=\"lazy\" decoding=\"async\" width=\"1015\" height=\"580\" src=\"https:\/\/www.henkeschreieck.at\/wp-content\/uploads\/2015\/04\/0226.jpg\" class=\"slider-1243 slide-1238\" alt=\"\" rel=\"\" title=\"\" srcset=\"https:\/\/www.henkeschreieck.at\/wp-content\/uploads\/2015\/04\/0226.jpg 1015w, https:\/\/www.henkeschreieck.at\/wp-content\/uploads\/2015\/04\/0226-300x171.jpg 300w\" sizes=\"(max-width: 1015px) 100vw, 1015px\" \/><\/li>\n                <li style=\"display: none; width: 100%;\" class=\"slide-1242 ms-image \" aria-roledescription=\"slide\" aria-label=\"slide-1242\"><img loading=\"lazy\" decoding=\"async\" width=\"1015\" height=\"580\" src=\"https:\/\/www.henkeschreieck.at\/wp-content\/uploads\/2015\/04\/0622.jpg\" class=\"slider-1243 slide-1242\" alt=\"\" rel=\"\" title=\"\" srcset=\"https:\/\/www.henkeschreieck.at\/wp-content\/uploads\/2015\/04\/0622.jpg 1015w, https:\/\/www.henkeschreieck.at\/wp-content\/uploads\/2015\/04\/0622-300x171.jpg 300w\" sizes=\"(max-width: 1015px) 100vw, 1015px\" \/><\/li>\n                <li style=\"display: none; width: 100%;\" class=\"slide-1241 ms-image \" aria-roledescription=\"slide\" aria-label=\"slide-1241\"><img loading=\"lazy\" decoding=\"async\" width=\"1015\" height=\"580\" src=\"https:\/\/www.henkeschreieck.at\/wp-content\/uploads\/2015\/04\/0524.jpg\" class=\"slider-1243 slide-1241\" alt=\"\" rel=\"\" title=\"\" srcset=\"https:\/\/www.henkeschreieck.at\/wp-content\/uploads\/2015\/04\/0524.jpg 1015w, https:\/\/www.henkeschreieck.at\/wp-content\/uploads\/2015\/04\/0524-300x171.jpg 300w\" sizes=\"(max-width: 1015px) 100vw, 1015px\" \/><\/li>\n            <\/ul>\n        <\/div>\n        \n    <\/div>\n<\/div><br \/>\n<div id=\"links-link-428\" class=\"sh-link links-link sh-hide\"><a href=\"#\" onclick=\"showhide_toggle('links', 428, '\u2192 Beschreibung', 'Beschreibung \u2190'); return false;\" aria-expanded=\"false\"><span id=\"links-toggle-428\">\u2192 Beschreibung<\/span><\/a><\/div><div id=\"links-content-428\" class=\"sh-content links-content sh-hide\" style=\"display: none;\"><\/p>\n<p><strong>St\u00e4dtebaulicher Wettbewerb Wien Mitte + \u00fcberarbeitung<\/strong><br \/>\nBauherr: Stadt Wien &#8211; MA 21A<br \/>\nProjektteam \/ MitarbeiterInnen:<br \/>\nDI Alenka Korenjak, DI Gavin Rae, DI Ralf R\u00fcssel, DI Torsten Schult<br \/>\nWettbewerb: Oktober 2003<br \/>\nBauzeit: Erstellung Masterplan<br \/>\nBGF: 126.765 m2<br \/>\nBRI: 569.803,95 m3 <\/p>\n<p>WIEN MITTE ist der gr\u00f6\u00dfte \u00f6ffentliche Verkehrsknoten im Zentrum von Wien. F\u00fcr dieses Areal hat es in den letzten Jahrzehnten verschiedene Bebauungsvorschl\u00e4ge gegeben. Zuletzt ein Hochhausprojekt mit 4 T\u00fcrmen mit einer H\u00f6he von 80 bis 100 m. Dieses Projekt wurde sehr kontroversiell diskutiert, da es ein sehr starker Eingriff in das historische Stadtbild war. Wien drohte sogar die Aberkennung des Weltkulturerbestatus.<br \/>\nSo wurde das Projekt gestoppt und von der Stadt neuerlich ein international geladener Wettbewerb ausgeschrieben, den wir gewinnen konnten. Aufgabe war, eine Alternative zum Hochhausprojekt mit ann\u00e4hernd gleicher Dichte. Die gro\u00dfe Schwierigkeit lag in der eingeschr\u00e4nkten \u00fcberbaubarkeit des Grundst\u00fcckes, da unterirdisch die Trassen der U-Bahn und Schnellbahn verlaufen.<br \/>\nUnser Konzept beruht auf einer U-f\u00f6rmigen Randbebauung mit Kerngeb\u00e4ude. Die m\u00f6gliche Gr\u00fcndungslinie \/ Fundierungslinie definiert die Form des Kerngeb\u00e4udes.<br \/>\nDie Randbebauung orientiert sich an der H\u00f6he der umgebenden Bebauung.<br \/>\nDas Kerngeb\u00e4ude mit Hotelturm vermittelt h\u00f6henm\u00e4\u00dfig zwischen der Randbebauung und dem bereits bestehenden 80 m hohen City Tower.<br \/>\nDie EG-Zone ist sehr durchl\u00e4ssig gestaltet, um die wesentlichen Verbindungen zum umgebenden Stra\u00dfennetz und zum U-Bahn-Abgang sicherzustellen.<br \/>\nBei der \u00fcberarbeitung des Projekts f\u00fcr den Masterplan haben wir zwar weitgehend alle Bed\u00fcrfnisse des Investors ber\u00fccksichtigt. Nur einem f\u00fcr den Investor wesentlichen Punkt &#8211; das gesamte EG mit einer Shopping mall zu \u00fcberbauen &#8211; konnten wir nat\u00fcrlich nicht zustimmen.<br \/>\nEs standen also rein \u00f6konomisch vermarktungstechnische Argumente des Investors unseren st\u00e4dtebaulichen \u00fcberlegungen \u2013 einer offenen durchl\u00e4ssigen EG-Zone \u2013 gegen\u00fcber.<br \/>\nWir haben auf unserem Standpunkt beharrt. Dieses Beharren f\u00fchrt wahrscheinlich dazu, dass das Projekt ohne uns geplant wird. Wie sich die Stadtpolitik letztlich verhalten wird, die dem Investor nahegelegt hat, uns als Planer zu engagieren, wird sich in Zukunft zeigen. <\/p>\n<p><\/div><br \/>\n<div id=\"links2-link-428\" class=\"sh-link links2-link sh-hide\"><a href=\"#\" onclick=\"showhide_toggle('links2', 428, '\u2192 Publikationen', 'Publikationen \u2190'); return false;\" aria-expanded=\"false\"><span id=\"links2-toggle-428\">\u2192 Publikationen<\/span><\/a><\/div><div id=\"links2-content-428\" class=\"sh-content links2-content sh-hide\" style=\"display: none;\"><\/p>\n<ul>\n<li><a href=\"http:\/\/www.henkeschreieck.at\/wp-content\/uploads\/2015\/03\/presse.pdf\" target=\"_blank\">Die Presse 2003<\/a><\/li>\n<li><a href=\"http:\/\/www.henkeschreieck.at\/wp-content\/uploads\/2015\/03\/standard.pdf\" target=\"_blank\">DER STANDARD 2003<\/a><\/li>\n<li><a href=\"http:\/\/www.henkeschreieck.at\/wp-content\/uploads\/2015\/03\/standard2.pdf\" target=\"_blank\">DER STANDARD 2003<\/a><\/li>\n<li><a href=\"http:\/\/www.henkeschreieck.at\/wp-content\/uploads\/2015\/03\/falter.pdf\" target=\"_blank\">FALTER 2003<\/a><\/li>\n<\/ul>\n<p><\/div><\/p>\n","protected":false},"excerpt":{"rendered":"","protected":false},"author":1,"featured_media":0,"parent":418,"menu_order":5,"comment_status":"closed","ping_status":"closed","template":"page-text.php","meta":{"_seopress_robots_primary_cat":"","_seopress_titles_title":"","_seopress_titles_desc":"","_seopress_robots_index":"","ocean_post_layout":"","ocean_both_sidebars_style":"","ocean_both_sidebars_content_width":0,"ocean_both_sidebars_sidebars_width":0,"ocean_sidebar":"","ocean_second_sidebar":"","ocean_disable_margins":"enable","ocean_add_body_class":"","ocean_shortcode_before_top_bar":"","ocean_shortcode_after_top_bar":"","ocean_shortcode_before_header":"","ocean_shortcode_after_header":"","ocean_has_shortcode":"","ocean_shortcode_after_title":"","ocean_shortcode_before_footer_widgets":"","ocean_shortcode_after_footer_widgets":"","ocean_shortcode_before_footer_bottom":"","ocean_shortcode_after_footer_bottom":"","ocean_display_top_bar":"default","ocean_display_header":"default","ocean_header_style":"","ocean_center_header_left_menu":"","ocean_custom_header_template":"","ocean_custom_logo":0,"ocean_custom_retina_logo":0,"ocean_custom_logo_max_width":0,"ocean_custom_logo_tablet_max_width":0,"ocean_custom_logo_mobile_max_width":0,"ocean_custom_logo_max_height":0,"ocean_custom_logo_tablet_max_height":0,"ocean_custom_logo_mobile_max_height":0,"ocean_header_custom_menu":"","ocean_menu_typo_font_family":"","ocean_menu_typo_font_subset":"","ocean_menu_typo_font_size":0,"ocean_menu_typo_font_size_tablet":0,"ocean_menu_typo_font_size_mobile":0,"ocean_menu_typo_font_size_unit":"px","ocean_menu_typo_font_weight":"","ocean_menu_typo_font_weight_tablet":"","ocean_menu_typo_font_weight_mobile":"","ocean_menu_typo_transform":"","ocean_menu_typo_transform_tablet":"","ocean_menu_typo_transform_mobile":"","ocean_menu_typo_line_height":0,"ocean_menu_typo_line_height_tablet":0,"ocean_menu_typo_line_height_mobile":0,"ocean_menu_typo_line_height_unit":"","ocean_menu_typo_spacing":0,"ocean_menu_typo_spacing_tablet":0,"ocean_menu_typo_spacing_mobile":0,"ocean_menu_typo_spacing_unit":"","ocean_menu_link_color":"","ocean_menu_link_color_hover":"","ocean_menu_link_color_active":"","ocean_menu_link_background":"","ocean_menu_link_hover_background":"","ocean_menu_link_active_background":"","ocean_menu_social_links_bg":"","ocean_menu_social_hover_links_bg":"","ocean_menu_social_links_color":"","ocean_menu_social_hover_links_color":"","ocean_disable_title":"default","ocean_disable_heading":"default","ocean_post_title":"","ocean_post_subheading":"","ocean_post_title_style":"","ocean_post_title_background_color":"","ocean_post_title_background":0,"ocean_post_title_bg_image_position":"","ocean_post_title_bg_image_attachment":"","ocean_post_title_bg_image_repeat":"","ocean_post_title_bg_image_size":"","ocean_post_title_height":0,"ocean_post_title_bg_overlay":0.5,"ocean_post_title_bg_overlay_color":"","ocean_disable_breadcrumbs":"default","ocean_breadcrumbs_color":"","ocean_breadcrumbs_separator_color":"","ocean_breadcrumbs_links_color":"","ocean_breadcrumbs_links_hover_color":"","ocean_display_footer_widgets":"default","ocean_display_footer_bottom":"default","ocean_custom_footer_template":"","footnotes":""},"_links":{"self":[{"href":"https:\/\/www.henkeschreieck.at\/index.php\/wp-json\/wp\/v2\/pages\/428"}],"collection":[{"href":"https:\/\/www.henkeschreieck.at\/index.php\/wp-json\/wp\/v2\/pages"}],"about":[{"href":"https:\/\/www.henkeschreieck.at\/index.php\/wp-json\/wp\/v2\/types\/page"}],"author":[{"embeddable":true,"href":"https:\/\/www.henkeschreieck.at\/index.php\/wp-json\/wp\/v2\/users\/1"}],"replies":[{"embeddable":true,"href":"https:\/\/www.henkeschreieck.at\/index.php\/wp-json\/wp\/v2\/comments?post=428"}],"version-history":[{"count":0,"href":"https:\/\/www.henkeschreieck.at\/index.php\/wp-json\/wp\/v2\/pages\/428\/revisions"}],"up":[{"embeddable":true,"href":"https:\/\/www.henkeschreieck.at\/index.php\/wp-json\/wp\/v2\/pages\/418"}],"wp:attachment":[{"href":"https:\/\/www.henkeschreieck.at\/index.php\/wp-json\/wp\/v2\/media?parent=428"}],"curies":[{"name":"wp","href":"https:\/\/api.w.org\/{rel}","templated":true}]}}