{"id":392,"date":"2015-03-17T17:00:20","date_gmt":"2015-03-17T17:00:20","guid":{"rendered":"http:\/\/www.henkeschreieck.at\/?page_id=392"},"modified":"2022-01-26T10:38:12","modified_gmt":"2022-01-26T10:38:12","slug":"partner","status":"publish","type":"page","link":"https:\/\/www.henkeschreieck.at\/index.php\/office\/partner\/","title":{"rendered":"Partner"},"content":{"rendered":"<p><strong>Fotografie<\/strong><\/p>\n<p>Ana Barros <a href=\"https:\/\/anabarros.studio\/\" target=\"_blank\" rel=\"noopener\">\u2192 www.anabarros.studio<\/a><br \/>\nChristian Pichlkastner <a href=\"https:\/\/www.pichlkastner.at\/\" target=\"_blank\" rel=\"noopener\">\u2192 www.pichlkastner.at<\/a><br \/>\nMarkus Bstieler <a href=\"http:\/\/www.markusbstieler.at\/\" target=\"_blank\" rel=\"noopener\">\u2192 www.markusbstieler.at<\/a><br \/>\nMischa Erben <a href=\"http:\/\/www.erben.at\/\" target=\"_blank\" rel=\"noopener\">\u2192 www.erben.at<\/a><br \/>\nBruno Klomfar <a href=\"http:\/\/www.klomfar.com\/\" target=\"_blank\" rel=\"noopener\">\u2192 www.klomfar.com<\/a><br \/>\nRoland Kraus <a href=\"http:\/\/www.rolandkrauss.at\/\" target=\"_blank\" rel=\"noopener\">\u2192 www.rolandkrauss.at<\/a><br \/>\nPaul Ott <a href=\"http:\/\/www.paul-ott.at\/\" target=\"_blank\" rel=\"noopener\">\u2192 www.paul-ott.at<\/a><br \/>\nHeinz Schm\u00f6lzer <a href=\"http:\/\/www.heinzschmoelzer.at\/\" target=\"_blank\" rel=\"noopener\">\u2192 www.heinzschmoelzer.at<\/a><br \/>\nMargherita Spiluttini <a href=\"http:\/\/www.spiluttini.com\/\" target=\"_blank\" rel=\"noopener\">\u2192 www.spiluttini.com<\/a><br \/>\nRolf Sturm <a href=\"http:\/\/www.sturmbilder.de\/\" target=\"_blank\" rel=\"noopener\">\u2192 www.sturmbilder.de<\/a><\/p>\n<p><strong>Visualisierung<\/strong><\/p>\n<p>Wolfgang Beyer <a href=\"http:\/\/www.beyer.co.at\/\" target=\"_blank\" rel=\"noopener\">\u2192 www.beyer.co.at<\/a><br \/>\nBOA b\u00fcro f\u00fcr offensive aleatorik <a href=\"http:\/\/www.boanet.at\/\" target=\"_blank\" rel=\"noopener\">\u2192 www.boanet.at<\/a><br \/>\nOLN office le nomade <a href=\"http:\/\/www.oln.at\/\" target=\"_blank\" rel=\"noopener\">\u2192 www.oln.at<\/a><br \/>\nVDX <a href=\"http:\/\/www.vdx.at\/\" target=\"_blank\" rel=\"noopener\">\u2192 www.vdx.at<\/a><br \/>\nZOOM <a href=\"http:\/\/www.zoomvp.at\/\" target=\"_blank\" rel=\"noopener\">\u2192 www.zoomvp.at<\/a><\/p>\n<p><strong>Statik<\/strong><\/p>\n<p>Gmeiner|Haferl Zivilingenieure ZT GmbH <a href=\"http:\/\/www.gmeiner-haferl.com\/\" target=\"_blank\" rel=\"noopener\">\u2192 www.gmeiner-haferl.com<\/a><\/p>\n<p><strong>Bauphysik<\/strong><\/p>\n<p>DI Walter Prause <a href=\"http:\/\/www.prause.co.at\/\" target=\"_blank\" rel=\"noopener\">\u2192 www.prause.co.at<\/a><br \/>\nIntegrated Consulting Group <a href=\"http:\/\/www.ic-group.org\/\" target=\"_blank\" rel=\"noopener\">\u2192 www.ic-group.org<\/a><\/p>\n<p><strong>Haustechnik<\/strong><\/p>\n<p>(HKLS) TB ZFG-Projekt GmbH <a href=\"http:\/\/www.zfg.at\/\" target=\"_blank\" rel=\"noopener\">\u2192 www.zfg.at<\/a><br \/>\n(Elektro) TB Eipeldauer + Partner GmbH <a href=\"http:\/\/www.eipeldauer.com\/\" target=\"_blank\" rel=\"noopener\">\u2192 www.eipeldauer.com<\/a><\/p>\n<p><strong>Beschriftung, Leitsysteme, Orientierung<\/strong><\/p>\n<p>Mag. art. Ingeborg Kumpfm\u00fcller <a href=\"http:\/\/www.ingeborgkumpfmueller.at\/\" target=\"_blank\" rel=\"noopener\">\u2192 www.ingeborgkumpfmueller.at<\/a><\/p>\n<p><strong>Au\u00dfenraumgestaltung<\/strong><\/p>\n<p>Atelier Aub\u00f6ck + K\u00e1r\u00e1sz <a href=\"http:\/\/www.auboeck-karasz.at\/\" target=\"_blank\" rel=\"noopener\">\u2192 www.auboeck-karasz.at<\/a><\/p>\n<p><strong>Modellbau<\/strong><\/p>\n<p>Br\u00fcll Modellbau <a href=\"http:\/\/www.bruellmodellbau.at\/\" target=\"_blank\" rel=\"noopener\">\u2192 www.bruellmodellbau.at<\/a><\/p>\n","protected":false},"excerpt":{"rendered":"<p>Fotografie Ana Barros \u2192 www.anabarros.studio Christian Pichlkastner \u2192 www.pichlkastner.at Markus Bstieler \u2192 www.markusbstieler.at Mischa Erben \u2192 www.erben.at Bruno Klomfar \u2192 www.klomfar.com Roland Kraus \u2192 www.rolandkrauss.at Paul Ott \u2192 www.paul-ott.at Heinz Schm\u00f6lzer \u2192 www.heinzschmoelzer.at Margherita Spiluttini \u2192 www.spiluttini.com Rolf Sturm \u2192 www.sturmbilder.de Visualisierung Wolfgang Beyer \u2192 www.beyer.co.at BOA b\u00fcro f\u00fcr offensive aleatorik \u2192 www.boanet.at OLN office [&hellip;]<\/p>\n","protected":false},"author":3,"featured_media":0,"parent":25,"menu_order":4,"comment_status":"closed","ping_status":"closed","template":"","meta":{"_seopress_robots_primary_cat":"","_seopress_titles_title":"","_seopress_titles_desc":"","_seopress_robots_index":"","ocean_post_layout":"","ocean_both_sidebars_style":"","ocean_both_sidebars_content_width":0,"ocean_both_sidebars_sidebars_width":0,"ocean_sidebar":"","ocean_second_sidebar":"","ocean_disable_margins":"enable","ocean_add_body_class":"","ocean_shortcode_before_top_bar":"","ocean_shortcode_after_top_bar":"","ocean_shortcode_before_header":"","ocean_shortcode_after_header":"","ocean_has_shortcode":"","ocean_shortcode_after_title":"","ocean_shortcode_before_footer_widgets":"","ocean_shortcode_after_footer_widgets":"","ocean_shortcode_before_footer_bottom":"","ocean_shortcode_after_footer_bottom":"","ocean_display_top_bar":"default","ocean_display_header":"default","ocean_header_style":"","ocean_center_header_left_menu":"","ocean_custom_header_template":"","ocean_custom_logo":0,"ocean_custom_retina_logo":0,"ocean_custom_logo_max_width":0,"ocean_custom_logo_tablet_max_width":0,"ocean_custom_logo_mobile_max_width":0,"ocean_custom_logo_max_height":0,"ocean_custom_logo_tablet_max_height":0,"ocean_custom_logo_mobile_max_height":0,"ocean_header_custom_menu":"","ocean_menu_typo_font_family":"","ocean_menu_typo_font_subset":"","ocean_menu_typo_font_size":0,"ocean_menu_typo_font_size_tablet":0,"ocean_menu_typo_font_size_mobile":0,"ocean_menu_typo_font_size_unit":"px","ocean_menu_typo_font_weight":"","ocean_menu_typo_font_weight_tablet":"","ocean_menu_typo_font_weight_mobile":"","ocean_menu_typo_transform":"","ocean_menu_typo_transform_tablet":"","ocean_menu_typo_transform_mobile":"","ocean_menu_typo_line_height":0,"ocean_menu_typo_line_height_tablet":0,"ocean_menu_typo_line_height_mobile":0,"ocean_menu_typo_line_height_unit":"","ocean_menu_typo_spacing":0,"ocean_menu_typo_spacing_tablet":0,"ocean_menu_typo_spacing_mobile":0,"ocean_menu_typo_spacing_unit":"","ocean_menu_link_color":"","ocean_menu_link_color_hover":"","ocean_menu_link_color_active":"","ocean_menu_link_background":"","ocean_menu_link_hover_background":"","ocean_menu_link_active_background":"","ocean_menu_social_links_bg":"","ocean_menu_social_hover_links_bg":"","ocean_menu_social_links_color":"","ocean_menu_social_hover_links_color":"","ocean_disable_title":"default","ocean_disable_heading":"default","ocean_post_title":"","ocean_post_subheading":"","ocean_post_title_style":"","ocean_post_title_background_color":"","ocean_post_title_background":0,"ocean_post_title_bg_image_position":"","ocean_post_title_bg_image_attachment":"","ocean_post_title_bg_image_repeat":"","ocean_post_title_bg_image_size":"","ocean_post_title_height":0,"ocean_post_title_bg_overlay":0.5,"ocean_post_title_bg_overlay_color":"","ocean_disable_breadcrumbs":"default","ocean_breadcrumbs_color":"","ocean_breadcrumbs_separator_color":"","ocean_breadcrumbs_links_color":"","ocean_breadcrumbs_links_hover_color":"","ocean_display_footer_widgets":"default","ocean_display_footer_bottom":"default","ocean_custom_footer_template":"","footnotes":""},"_links":{"self":[{"href":"https:\/\/www.henkeschreieck.at\/index.php\/wp-json\/wp\/v2\/pages\/392"}],"collection":[{"href":"https:\/\/www.henkeschreieck.at\/index.php\/wp-json\/wp\/v2\/pages"}],"about":[{"href":"https:\/\/www.henkeschreieck.at\/index.php\/wp-json\/wp\/v2\/types\/page"}],"author":[{"embeddable":true,"href":"https:\/\/www.henkeschreieck.at\/index.php\/wp-json\/wp\/v2\/users\/3"}],"replies":[{"embeddable":true,"href":"https:\/\/www.henkeschreieck.at\/index.php\/wp-json\/wp\/v2\/comments?post=392"}],"version-history":[{"count":0,"href":"https:\/\/www.henkeschreieck.at\/index.php\/wp-json\/wp\/v2\/pages\/392\/revisions"}],"up":[{"embeddable":true,"href":"https:\/\/www.henkeschreieck.at\/index.php\/wp-json\/wp\/v2\/pages\/25"}],"wp:attachment":[{"href":"https:\/\/www.henkeschreieck.at\/index.php\/wp-json\/wp\/v2\/media?parent=392"}],"curies":[{"name":"wp","href":"https:\/\/api.w.org\/{rel}","templated":true}]}}