{"id":326,"date":"2015-03-16T19:00:24","date_gmt":"2015-03-16T19:00:24","guid":{"rendered":"http:\/\/www.henkeschreieck.at\/?page_id=326"},"modified":"2015-05-21T13:29:29","modified_gmt":"2015-05-21T13:29:29","slug":"steinergasse","status":"publish","type":"page","link":"https:\/\/www.henkeschreieck.at\/index.php\/projects\/wohnen-2\/steinergasse\/","title":{"rendered":"Steinergasse"},"content":{"rendered":"<p><div id=\"metaslider-id-1111\" style=\"width: 100%;\" class=\"ml-slider-3-62-0 metaslider metaslider-flex metaslider-1111 ml-slider ms-theme-default\" role=\"region\" aria-roledescription=\"Slideshow\" aria-label=\"Steinergasse\">\n    <div id=\"metaslider_container_1111\">\n        <div id=\"metaslider_1111\" class=\"flexslider\">\n            <ul aria-live=\"polite\" class=\"slides\">\n                <li style=\"display: block; width: 100%;\" class=\"slide-2556 ms-image \" aria-roledescription=\"slide\" aria-label=\"slide-2556\"><img loading=\"lazy\" decoding=\"async\" width=\"1015\" height=\"580\" src=\"https:\/\/www.henkeschreieck.at\/wp-content\/uploads\/2015\/08\/01-stein-modell-02-croped.jpg\" class=\"slider-1111 slide-2556\" alt=\"\" rel=\"\" title=\"\" srcset=\"https:\/\/www.henkeschreieck.at\/wp-content\/uploads\/2015\/08\/01-stein-modell-02-croped.jpg 1015w, https:\/\/www.henkeschreieck.at\/wp-content\/uploads\/2015\/08\/01-stein-modell-02-croped-300x171.jpg 300w\" sizes=\"(max-width: 1015px) 100vw, 1015px\" \/><\/li>\n                <li style=\"display: none; width: 100%;\" class=\"slide-2557 ms-image \" aria-roledescription=\"slide\" aria-label=\"slide-2557\"><img loading=\"lazy\" decoding=\"async\" width=\"1015\" height=\"580\" src=\"https:\/\/www.henkeschreieck.at\/wp-content\/uploads\/2015\/08\/02-stein-a-12-henk-croped.jpg\" class=\"slider-1111 slide-2557\" alt=\"\" rel=\"\" title=\"\" srcset=\"https:\/\/www.henkeschreieck.at\/wp-content\/uploads\/2015\/08\/02-stein-a-12-henk-croped.jpg 1015w, https:\/\/www.henkeschreieck.at\/wp-content\/uploads\/2015\/08\/02-stein-a-12-henk-croped-300x171.jpg 300w\" sizes=\"(max-width: 1015px) 100vw, 1015px\" \/><\/li>\n                <li style=\"display: none; width: 100%;\" class=\"slide-2558 ms-image \" aria-roledescription=\"slide\" aria-label=\"slide-2558\"><img loading=\"lazy\" decoding=\"async\" width=\"1015\" height=\"580\" src=\"https:\/\/www.henkeschreieck.at\/wp-content\/uploads\/2015\/08\/03-stein-a-08-klom-croped.jpg\" class=\"slider-1111 slide-2558\" alt=\"\" rel=\"\" title=\"\" srcset=\"https:\/\/www.henkeschreieck.at\/wp-content\/uploads\/2015\/08\/03-stein-a-08-klom-croped.jpg 1015w, https:\/\/www.henkeschreieck.at\/wp-content\/uploads\/2015\/08\/03-stein-a-08-klom-croped-300x171.jpg 300w\" sizes=\"(max-width: 1015px) 100vw, 1015px\" \/><\/li>\n                <li style=\"display: none; width: 100%;\" class=\"slide-2559 ms-image \" aria-roledescription=\"slide\" aria-label=\"slide-2559\"><img loading=\"lazy\" decoding=\"async\" width=\"1015\" height=\"580\" src=\"https:\/\/www.henkeschreieck.at\/wp-content\/uploads\/2015\/08\/04-croped1.jpg\" class=\"slider-1111 slide-2559\" alt=\"\" rel=\"\" title=\"\" srcset=\"https:\/\/www.henkeschreieck.at\/wp-content\/uploads\/2015\/08\/04-croped1.jpg 1015w, https:\/\/www.henkeschreieck.at\/wp-content\/uploads\/2015\/08\/04-croped1-300x171.jpg 300w\" sizes=\"(max-width: 1015px) 100vw, 1015px\" \/><\/li>\n                <li style=\"display: none; width: 100%;\" class=\"slide-2560 ms-image \" aria-roledescription=\"slide\" aria-label=\"slide-2560\"><img loading=\"lazy\" decoding=\"async\" width=\"1015\" height=\"580\" src=\"https:\/\/www.henkeschreieck.at\/wp-content\/uploads\/2015\/08\/05-Montage-croped.jpg\" class=\"slider-1111 slide-2560\" alt=\"\" rel=\"\" title=\"\" srcset=\"https:\/\/www.henkeschreieck.at\/wp-content\/uploads\/2015\/08\/05-Montage-croped.jpg 1015w, https:\/\/www.henkeschreieck.at\/wp-content\/uploads\/2015\/08\/05-Montage-croped-300x171.jpg 300w\" sizes=\"(max-width: 1015px) 100vw, 1015px\" \/><\/li>\n            <\/ul>\n        <\/div>\n        \n    <\/div>\n<\/div><br \/>\n<div id=\"links-link-326\" class=\"sh-link links-link sh-hide\"><a href=\"#\" onclick=\"showhide_toggle('links', 326, '\u2192 Beschreibung', 'Beschreibung \u2190'); return false;\" aria-expanded=\"false\"><span id=\"links-toggle-326\">\u2192 Beschreibung<\/span><\/a><\/div><div id=\"links-content-326\" class=\"sh-content links-content sh-hide\" style=\"display: none;\"><\/p>\n<p>  <strong> Wohnbau Steinergasse, Wien 1230<\/strong><br \/>\n    Bauherr: Magistrat der Stadt Wien &#8211; MA 24<br \/>\n    Projektteam: Chen Limin, Helmut Pointner<br \/>\n    Gutachten: August 1994<br \/>\n    Bauzeit: 04\/1997 &#8211; 03\/1999<\/p>\n<p>    Wohnbau betrifft den unmittelbarsten Lebensraum der Menschen und ist somit die wichtigste und verantwortungsvollste Bauaufgabe. Er muss auf die Bed\u00fcrfnisse der unterschiedlichen Lebensformen reagieren und Antworten auf die gesellschaftlichen Entwicklungen und Ver\u00e4nderungen geben k\u00f6nnen. Dabei ist die Betrachtung des Umfeldes von gleicher Bedeutung wie die r\u00e4umliche Qualit\u00e4t der \u00bbEigenen vier W\u00e4nde\u00ab.<br \/>\n    (Zitat zum gef\u00f6rderten Wohnbau in Wien und zur Wohnbau-Philosophie)<br \/>\n    Henke und Schreieck Architekten<\/p>\n<p><\/div><\/p>\n","protected":false},"excerpt":{"rendered":"","protected":false},"author":1,"featured_media":0,"parent":355,"menu_order":8,"comment_status":"closed","ping_status":"closed","template":"page-text.php","meta":{"_seopress_robots_primary_cat":"","_seopress_titles_title":"","_seopress_titles_desc":"","_seopress_robots_index":"","ocean_post_layout":"","ocean_both_sidebars_style":"","ocean_both_sidebars_content_width":0,"ocean_both_sidebars_sidebars_width":0,"ocean_sidebar":"","ocean_second_sidebar":"","ocean_disable_margins":"enable","ocean_add_body_class":"","ocean_shortcode_before_top_bar":"","ocean_shortcode_after_top_bar":"","ocean_shortcode_before_header":"","ocean_shortcode_after_header":"","ocean_has_shortcode":"","ocean_shortcode_after_title":"","ocean_shortcode_before_footer_widgets":"","ocean_shortcode_after_footer_widgets":"","ocean_shortcode_before_footer_bottom":"","ocean_shortcode_after_footer_bottom":"","ocean_display_top_bar":"default","ocean_display_header":"default","ocean_header_style":"","ocean_center_header_left_menu":"","ocean_custom_header_template":"","ocean_custom_logo":0,"ocean_custom_retina_logo":0,"ocean_custom_logo_max_width":0,"ocean_custom_logo_tablet_max_width":0,"ocean_custom_logo_mobile_max_width":0,"ocean_custom_logo_max_height":0,"ocean_custom_logo_tablet_max_height":0,"ocean_custom_logo_mobile_max_height":0,"ocean_header_custom_menu":"","ocean_menu_typo_font_family":"","ocean_menu_typo_font_subset":"","ocean_menu_typo_font_size":0,"ocean_menu_typo_font_size_tablet":0,"ocean_menu_typo_font_size_mobile":0,"ocean_menu_typo_font_size_unit":"px","ocean_menu_typo_font_weight":"","ocean_menu_typo_font_weight_tablet":"","ocean_menu_typo_font_weight_mobile":"","ocean_menu_typo_transform":"","ocean_menu_typo_transform_tablet":"","ocean_menu_typo_transform_mobile":"","ocean_menu_typo_line_height":0,"ocean_menu_typo_line_height_tablet":0,"ocean_menu_typo_line_height_mobile":0,"ocean_menu_typo_line_height_unit":"","ocean_menu_typo_spacing":0,"ocean_menu_typo_spacing_tablet":0,"ocean_menu_typo_spacing_mobile":0,"ocean_menu_typo_spacing_unit":"","ocean_menu_link_color":"","ocean_menu_link_color_hover":"","ocean_menu_link_color_active":"","ocean_menu_link_background":"","ocean_menu_link_hover_background":"","ocean_menu_link_active_background":"","ocean_menu_social_links_bg":"","ocean_menu_social_hover_links_bg":"","ocean_menu_social_links_color":"","ocean_menu_social_hover_links_color":"","ocean_disable_title":"default","ocean_disable_heading":"default","ocean_post_title":"","ocean_post_subheading":"","ocean_post_title_style":"","ocean_post_title_background_color":"","ocean_post_title_background":0,"ocean_post_title_bg_image_position":"","ocean_post_title_bg_image_attachment":"","ocean_post_title_bg_image_repeat":"","ocean_post_title_bg_image_size":"","ocean_post_title_height":0,"ocean_post_title_bg_overlay":0.5,"ocean_post_title_bg_overlay_color":"","ocean_disable_breadcrumbs":"default","ocean_breadcrumbs_color":"","ocean_breadcrumbs_separator_color":"","ocean_breadcrumbs_links_color":"","ocean_breadcrumbs_links_hover_color":"","ocean_display_footer_widgets":"default","ocean_display_footer_bottom":"default","ocean_custom_footer_template":"","footnotes":""},"_links":{"self":[{"href":"https:\/\/www.henkeschreieck.at\/index.php\/wp-json\/wp\/v2\/pages\/326"}],"collection":[{"href":"https:\/\/www.henkeschreieck.at\/index.php\/wp-json\/wp\/v2\/pages"}],"about":[{"href":"https:\/\/www.henkeschreieck.at\/index.php\/wp-json\/wp\/v2\/types\/page"}],"author":[{"embeddable":true,"href":"https:\/\/www.henkeschreieck.at\/index.php\/wp-json\/wp\/v2\/users\/1"}],"replies":[{"embeddable":true,"href":"https:\/\/www.henkeschreieck.at\/index.php\/wp-json\/wp\/v2\/comments?post=326"}],"version-history":[{"count":0,"href":"https:\/\/www.henkeschreieck.at\/index.php\/wp-json\/wp\/v2\/pages\/326\/revisions"}],"up":[{"embeddable":true,"href":"https:\/\/www.henkeschreieck.at\/index.php\/wp-json\/wp\/v2\/pages\/355"}],"wp:attachment":[{"href":"https:\/\/www.henkeschreieck.at\/index.php\/wp-json\/wp\/v2\/media?parent=326"}],"curies":[{"name":"wp","href":"https:\/\/api.w.org\/{rel}","templated":true}]}}