{"id":3093,"date":"2018-06-03T18:49:45","date_gmt":"2018-06-03T18:49:45","guid":{"rendered":"http:\/\/www.henkeschreieck.at\/?page_id=3093"},"modified":"2022-02-17T17:06:14","modified_gmt":"2022-02-17T17:06:14","slug":"biennale-3","status":"publish","type":"page","link":"https:\/\/www.henkeschreieck.at\/index.php\/projects\/biennale-3\/","title":{"rendered":"Biennale"},"content":{"rendered":"<p><div id=\"metaslider-id-3081\" style=\"width: 100%;\" class=\"ml-slider-3-62-0 metaslider metaslider-flex metaslider-3081 ml-slider ms-theme-default\" role=\"region\" aria-roledescription=\"Slideshow\" aria-label=\"Biennale\">\n    <div id=\"metaslider_container_3081\">\n        <div id=\"metaslider_3081\" class=\"flexslider\">\n            <ul aria-live=\"polite\" class=\"slides\">\n                <li style=\"display: block; width: 100%;\" class=\"slide-3128 ms-image \" aria-roledescription=\"slide\" aria-label=\"slide-3128\"><img loading=\"lazy\" decoding=\"async\" width=\"1015\" height=\"580\" src=\"https:\/\/www.henkeschreieck.at\/wp-content\/uploads\/2018\/06\/MG_6584_c.jpg\" class=\"slider-3081 slide-3128\" alt=\"\" rel=\"\" title=\"\" srcset=\"https:\/\/www.henkeschreieck.at\/wp-content\/uploads\/2018\/06\/MG_6584_c.jpg 1015w, https:\/\/www.henkeschreieck.at\/wp-content\/uploads\/2018\/06\/MG_6584_c-300x171.jpg 300w, https:\/\/www.henkeschreieck.at\/wp-content\/uploads\/2018\/06\/MG_6584_c-768x439.jpg 768w\" sizes=\"(max-width: 1015px) 100vw, 1015px\" \/><\/li>\n                <li style=\"display: none; width: 100%;\" class=\"slide-3129 ms-image \" aria-roledescription=\"slide\" aria-label=\"slide-3129\"><img loading=\"lazy\" decoding=\"async\" width=\"1015\" height=\"580\" src=\"https:\/\/www.henkeschreieck.at\/wp-content\/uploads\/2018\/06\/01-Biennale_Pavillon_c.jpg\" class=\"slider-3081 slide-3129\" alt=\"\" rel=\"\" title=\"\" srcset=\"https:\/\/www.henkeschreieck.at\/wp-content\/uploads\/2018\/06\/01-Biennale_Pavillon_c.jpg 1015w, https:\/\/www.henkeschreieck.at\/wp-content\/uploads\/2018\/06\/01-Biennale_Pavillon_c-300x171.jpg 300w, https:\/\/www.henkeschreieck.at\/wp-content\/uploads\/2018\/06\/01-Biennale_Pavillon_c-768x439.jpg 768w\" sizes=\"(max-width: 1015px) 100vw, 1015px\" \/><\/li>\n                <li style=\"display: none; width: 100%;\" class=\"slide-3127 ms-image \" aria-roledescription=\"slide\" aria-label=\"slide-3127\"><img loading=\"lazy\" decoding=\"async\" width=\"1015\" height=\"580\" src=\"https:\/\/www.henkeschreieck.at\/wp-content\/uploads\/2018\/06\/MG_6494_c.jpg\" class=\"slider-3081 slide-3127\" alt=\"\" rel=\"\" title=\"\" srcset=\"https:\/\/www.henkeschreieck.at\/wp-content\/uploads\/2018\/06\/MG_6494_c.jpg 1015w, https:\/\/www.henkeschreieck.at\/wp-content\/uploads\/2018\/06\/MG_6494_c-300x171.jpg 300w, https:\/\/www.henkeschreieck.at\/wp-content\/uploads\/2018\/06\/MG_6494_c-768x439.jpg 768w\" sizes=\"(max-width: 1015px) 100vw, 1015px\" \/><\/li>\n                <li style=\"display: none; width: 100%;\" class=\"slide-3136 ms-image \" aria-roledescription=\"slide\" aria-label=\"slide-3136\"><img loading=\"lazy\" decoding=\"async\" width=\"1015\" height=\"580\" src=\"https:\/\/www.henkeschreieck.at\/wp-content\/uploads\/2018\/06\/IMG_6005_c.jpg\" class=\"slider-3081 slide-3136\" alt=\"\" rel=\"\" title=\"\" srcset=\"https:\/\/www.henkeschreieck.at\/wp-content\/uploads\/2018\/06\/IMG_6005_c.jpg 1015w, https:\/\/www.henkeschreieck.at\/wp-content\/uploads\/2018\/06\/IMG_6005_c-300x171.jpg 300w, https:\/\/www.henkeschreieck.at\/wp-content\/uploads\/2018\/06\/IMG_6005_c-768x439.jpg 768w\" sizes=\"(max-width: 1015px) 100vw, 1015px\" \/><\/li>\n                <li style=\"display: none; width: 100%;\" class=\"slide-3137 ms-image \" aria-roledescription=\"slide\" aria-label=\"slide-3137\"><img loading=\"lazy\" decoding=\"async\" width=\"1015\" height=\"580\" src=\"https:\/\/www.henkeschreieck.at\/wp-content\/uploads\/2018\/06\/laac-biennale-2018-04_c.jpg\" class=\"slider-3081 slide-3137\" alt=\"\" rel=\"\" title=\"\" srcset=\"https:\/\/www.henkeschreieck.at\/wp-content\/uploads\/2018\/06\/laac-biennale-2018-04_c.jpg 1015w, https:\/\/www.henkeschreieck.at\/wp-content\/uploads\/2018\/06\/laac-biennale-2018-04_c-300x171.jpg 300w, https:\/\/www.henkeschreieck.at\/wp-content\/uploads\/2018\/06\/laac-biennale-2018-04_c-768x439.jpg 768w\" sizes=\"(max-width: 1015px) 100vw, 1015px\" \/><\/li>\n                <li style=\"display: none; width: 100%;\" class=\"slide-3132 ms-image \" aria-roledescription=\"slide\" aria-label=\"slide-3132\"><img loading=\"lazy\" decoding=\"async\" width=\"1015\" height=\"580\" src=\"https:\/\/www.henkeschreieck.at\/wp-content\/uploads\/2018\/06\/Foto-\u00a9-AnnABlaU-DSC_7502_c.jpg\" class=\"slider-3081 slide-3132\" alt=\"\" rel=\"\" title=\"\" srcset=\"https:\/\/www.henkeschreieck.at\/wp-content\/uploads\/2018\/06\/Foto-\u00a9-AnnABlaU-DSC_7502_c.jpg 1015w, https:\/\/www.henkeschreieck.at\/wp-content\/uploads\/2018\/06\/Foto-\u00a9-AnnABlaU-DSC_7502_c-300x171.jpg 300w, https:\/\/www.henkeschreieck.at\/wp-content\/uploads\/2018\/06\/Foto-\u00a9-AnnABlaU-DSC_7502_c-768x439.jpg 768w\" sizes=\"(max-width: 1015px) 100vw, 1015px\" \/><\/li>\n                <li style=\"display: none; width: 100%;\" class=\"slide-3139 ms-image \" aria-roledescription=\"slide\" aria-label=\"slide-3139\"><img loading=\"lazy\" decoding=\"async\" width=\"1015\" height=\"580\" src=\"https:\/\/www.henkeschreieck.at\/wp-content\/uploads\/2018\/06\/laac-hencke-schreieck-biennale-2018-25_c.jpg\" class=\"slider-3081 slide-3139\" alt=\"\" rel=\"\" title=\"\" srcset=\"https:\/\/www.henkeschreieck.at\/wp-content\/uploads\/2018\/06\/laac-hencke-schreieck-biennale-2018-25_c.jpg 1015w, https:\/\/www.henkeschreieck.at\/wp-content\/uploads\/2018\/06\/laac-hencke-schreieck-biennale-2018-25_c-300x171.jpg 300w, https:\/\/www.henkeschreieck.at\/wp-content\/uploads\/2018\/06\/laac-hencke-schreieck-biennale-2018-25_c-768x439.jpg 768w\" sizes=\"(max-width: 1015px) 100vw, 1015px\" \/><\/li>\n                <li style=\"display: none; width: 100%;\" class=\"slide-3126 ms-image \" aria-roledescription=\"slide\" aria-label=\"slide-3126\"><img loading=\"lazy\" decoding=\"async\" width=\"1015\" height=\"580\" src=\"https:\/\/www.henkeschreieck.at\/wp-content\/uploads\/2018\/06\/MG_6443_c.jpg\" class=\"slider-3081 slide-3126\" alt=\"\" rel=\"\" title=\"\" srcset=\"https:\/\/www.henkeschreieck.at\/wp-content\/uploads\/2018\/06\/MG_6443_c.jpg 1015w, https:\/\/www.henkeschreieck.at\/wp-content\/uploads\/2018\/06\/MG_6443_c-300x171.jpg 300w, https:\/\/www.henkeschreieck.at\/wp-content\/uploads\/2018\/06\/MG_6443_c-768x439.jpg 768w\" sizes=\"(max-width: 1015px) 100vw, 1015px\" \/><\/li>\n                <li style=\"display: none; width: 100%;\" class=\"slide-3133 ms-image \" aria-roledescription=\"slide\" aria-label=\"slide-3133\"><img loading=\"lazy\" decoding=\"async\" width=\"1015\" height=\"580\" src=\"https:\/\/www.henkeschreieck.at\/wp-content\/uploads\/2018\/06\/Hubert-Marz_MG_6268_corr_c.jpg\" class=\"slider-3081 slide-3133\" alt=\"\" rel=\"\" title=\"\" srcset=\"https:\/\/www.henkeschreieck.at\/wp-content\/uploads\/2018\/06\/Hubert-Marz_MG_6268_corr_c.jpg 1015w, https:\/\/www.henkeschreieck.at\/wp-content\/uploads\/2018\/06\/Hubert-Marz_MG_6268_corr_c-300x171.jpg 300w, https:\/\/www.henkeschreieck.at\/wp-content\/uploads\/2018\/06\/Hubert-Marz_MG_6268_corr_c-768x439.jpg 768w\" sizes=\"(max-width: 1015px) 100vw, 1015px\" \/><\/li>\n                <li style=\"display: none; width: 100%;\" class=\"slide-3138 ms-image \" aria-roledescription=\"slide\" aria-label=\"slide-3138\"><img loading=\"lazy\" decoding=\"async\" width=\"1015\" height=\"580\" src=\"https:\/\/www.henkeschreieck.at\/wp-content\/uploads\/2018\/06\/laac-biennale-2018-05_c.jpg\" class=\"slider-3081 slide-3138\" alt=\"\" rel=\"\" title=\"\" srcset=\"https:\/\/www.henkeschreieck.at\/wp-content\/uploads\/2018\/06\/laac-biennale-2018-05_c.jpg 1015w, https:\/\/www.henkeschreieck.at\/wp-content\/uploads\/2018\/06\/laac-biennale-2018-05_c-300x171.jpg 300w, https:\/\/www.henkeschreieck.at\/wp-content\/uploads\/2018\/06\/laac-biennale-2018-05_c-768x439.jpg 768w\" sizes=\"(max-width: 1015px) 100vw, 1015px\" \/><\/li>\n                <li style=\"display: none; width: 100%;\" class=\"slide-3134 ms-image \" aria-roledescription=\"slide\" aria-label=\"slide-3134\"><img loading=\"lazy\" decoding=\"async\" width=\"1015\" height=\"580\" src=\"https:\/\/www.henkeschreieck.at\/wp-content\/uploads\/2018\/06\/IMG_5720_c.jpg\" class=\"slider-3081 slide-3134\" alt=\"\" rel=\"\" title=\"\" srcset=\"https:\/\/www.henkeschreieck.at\/wp-content\/uploads\/2018\/06\/IMG_5720_c.jpg 1015w, https:\/\/www.henkeschreieck.at\/wp-content\/uploads\/2018\/06\/IMG_5720_c-300x171.jpg 300w, https:\/\/www.henkeschreieck.at\/wp-content\/uploads\/2018\/06\/IMG_5720_c-768x439.jpg 768w\" sizes=\"(max-width: 1015px) 100vw, 1015px\" \/><\/li>\n                <li style=\"display: none; width: 100%;\" class=\"slide-3130 ms-image \" aria-roledescription=\"slide\" aria-label=\"slide-3130\"><img loading=\"lazy\" decoding=\"async\" width=\"1015\" height=\"580\" src=\"https:\/\/www.henkeschreieck.at\/wp-content\/uploads\/2018\/06\/7_thoughtsformmatter_exhibitionview_henke_schreieck_c.jpg\" class=\"slider-3081 slide-3130\" alt=\"\" rel=\"\" title=\"\" srcset=\"https:\/\/www.henkeschreieck.at\/wp-content\/uploads\/2018\/06\/7_thoughtsformmatter_exhibitionview_henke_schreieck_c.jpg 1015w, https:\/\/www.henkeschreieck.at\/wp-content\/uploads\/2018\/06\/7_thoughtsformmatter_exhibitionview_henke_schreieck_c-300x171.jpg 300w, https:\/\/www.henkeschreieck.at\/wp-content\/uploads\/2018\/06\/7_thoughtsformmatter_exhibitionview_henke_schreieck_c-768x439.jpg 768w\" sizes=\"(max-width: 1015px) 100vw, 1015px\" \/><\/li>\n                <li style=\"display: none; width: 100%;\" class=\"slide-3135 ms-image \" aria-roledescription=\"slide\" aria-label=\"slide-3135\"><img loading=\"lazy\" decoding=\"async\" width=\"1015\" height=\"580\" src=\"https:\/\/www.henkeschreieck.at\/wp-content\/uploads\/2018\/06\/IMG_5994_c.jpg\" class=\"slider-3081 slide-3135\" alt=\"\" rel=\"\" title=\"\" srcset=\"https:\/\/www.henkeschreieck.at\/wp-content\/uploads\/2018\/06\/IMG_5994_c.jpg 1015w, https:\/\/www.henkeschreieck.at\/wp-content\/uploads\/2018\/06\/IMG_5994_c-300x171.jpg 300w, https:\/\/www.henkeschreieck.at\/wp-content\/uploads\/2018\/06\/IMG_5994_c-768x439.jpg 768w\" sizes=\"(max-width: 1015px) 100vw, 1015px\" \/><\/li>\n                <li style=\"display: none; width: 100%;\" class=\"slide-3131 ms-image \" aria-roledescription=\"slide\" aria-label=\"slide-3131\"><img loading=\"lazy\" decoding=\"async\" width=\"1015\" height=\"580\" src=\"https:\/\/www.henkeschreieck.at\/wp-content\/uploads\/2018\/06\/DSC09830_c.jpg\" class=\"slider-3081 slide-3131\" alt=\"\" rel=\"\" title=\"\" srcset=\"https:\/\/www.henkeschreieck.at\/wp-content\/uploads\/2018\/06\/DSC09830_c.jpg 1015w, https:\/\/www.henkeschreieck.at\/wp-content\/uploads\/2018\/06\/DSC09830_c-300x171.jpg 300w, https:\/\/www.henkeschreieck.at\/wp-content\/uploads\/2018\/06\/DSC09830_c-768x439.jpg 768w\" sizes=\"(max-width: 1015px) 100vw, 1015px\" \/><\/li>\n                <li style=\"display: none; width: 100%;\" class=\"slide-3125 ms-image \" aria-roledescription=\"slide\" aria-label=\"slide-3125\"><img loading=\"lazy\" decoding=\"async\" width=\"1015\" height=\"580\" src=\"https:\/\/www.henkeschreieck.at\/wp-content\/uploads\/2018\/06\/MG_6176_c.jpg\" class=\"slider-3081 slide-3125\" alt=\"\" rel=\"\" title=\"\" srcset=\"https:\/\/www.henkeschreieck.at\/wp-content\/uploads\/2018\/06\/MG_6176_c.jpg 1015w, https:\/\/www.henkeschreieck.at\/wp-content\/uploads\/2018\/06\/MG_6176_c-300x171.jpg 300w, https:\/\/www.henkeschreieck.at\/wp-content\/uploads\/2018\/06\/MG_6176_c-768x439.jpg 768w\" sizes=\"(max-width: 1015px) 100vw, 1015px\" \/><\/li>\n                <li style=\"display: none; width: 100%;\" class=\"slide-3170 ms-image \" aria-roledescription=\"slide\" aria-label=\"slide-3170\"><img loading=\"lazy\" decoding=\"async\" width=\"1803\" height=\"1275\" src=\"https:\/\/www.henkeschreieck.at\/wp-content\/uploads\/2018\/11\/Thoughts-Form-Matter1.jpg\" class=\"slider-3081 slide-3170\" alt=\"\" rel=\"\" title=\"Thoughts Form Matter1\" srcset=\"https:\/\/www.henkeschreieck.at\/wp-content\/uploads\/2018\/11\/Thoughts-Form-Matter1.jpg 1803w, https:\/\/www.henkeschreieck.at\/wp-content\/uploads\/2018\/11\/Thoughts-Form-Matter1-300x212.jpg 300w, https:\/\/www.henkeschreieck.at\/wp-content\/uploads\/2018\/11\/Thoughts-Form-Matter1-768x543.jpg 768w, https:\/\/www.henkeschreieck.at\/wp-content\/uploads\/2018\/11\/Thoughts-Form-Matter1-1024x724.jpg 1024w\" sizes=\"(max-width: 1803px) 100vw, 1803px\" \/><\/li>\n            <\/ul>\n        <\/div>\n        \n    <\/div>\n<\/div><br \/><div id=\"links3-link-3093\" class=\"sh-link links3-link sh-hide\"><a href=\"#\" onclick=\"showhide_toggle('links3', 3093, '\u2192 Facts', 'Facts \u2190'); return false;\" aria-expanded=\"false\"><span id=\"links3-toggle-3093\">\u2192 Facts<\/span><\/a><\/div><div id=\"links3-content-3093\" class=\"sh-content links3-content sh-hide\" style=\"display: none;\"><\/p>\n<p>Visuelle Kommunikation \/ Visual Communication<\/p>\n<p>Peter Felder und Maria Mascher-Felder \/ Felder Grafikdesign<\/p>\n<p>Weitere Infos unter \u2192 www.labiennale2018.at<\/p>\n<table style=\"width: 50%; margin-right: 2px; border: none; border-spacing: 10px; font-size: 1.0em;\">\n<thead>\n<tr>\n<td>\u00a0<\/td>\n<td>\u00a0<\/td>\n<\/tr>\n<\/thead>\n<tbody>\n<tr style=\"border-bottom: thin solid #333; vertical-align: top;\">\n<td>Projektzeitraum<\/td>\n<td>11.2017-11.2018<\/td>\n<\/tr>\n<tr style=\"border-bottom: thin solid #333; vertical-align: top;\">\n<td>Standort<\/td>\n<td>Venedig, Italien<\/td>\n<\/tr>\n<tr style=\"border-bottom: thin solid #333; vertical-align: top;\">\n<td>Architektur<\/td>\n<td>Henke Schreieck Architekten<br \/>Dieter Henke I Marta Schreieck<\/td>\n<\/tr>\n<tr style=\"border-bottom: thin solid #333; vertical-align: top;\">\n<td>Mitarbeiter<\/td>\n<td>Dieter Henke, Marta Schreieck,<br \/>Bu\u011fra \u00c7eteci, Danijel Dukic, Conal Mc Kelvey<br \/>Gavin Rae, Bo Ye,<br \/>Martin Huber, Anna Rubin<\/td>\n<\/tr>\n<tr style=\"border-bottom: thin solid #333; vertical-align: top;\">\n<td>Projektpartner<\/td>\n<td>LAAC Architekten und Sagmeister Walsh<\/td>\n<\/tr>\n<tr style=\"border-bottom: thin solid #333; vertical-align: top;\">\n<td>Kommiss\u00e4rin | Kuratorin \/ Commissioner | Curator<\/td>\n<td>Verena Konrad<\/td>\n<\/tr>\n<tr style=\"border-bottom: thin solid #333; vertical-align: top;\">\n<td>Kuratorische Assistenz \/ Curatorial Assistence<\/td>\n<td>Wolfgang Simma-Wallinger<\/td>\n<td>\u00a0<\/td>\n<\/tr>\n<tr style=\"border-bottom: thin solid #333; vertical-align: top;\">\n<td>Produktionsleitung \/ Production Management<\/td>\n<td>Katharina Boesch, Christine Haupt-Stummer \/ section a.<\/td>\n<td>\u00a0<\/td>\n<\/tr>\n<tr>\n<td>Fotografen\/Photographers<\/td>\n<td>Martin Mischkulnig, Darko Todorovic<\/td>\n<td>\u00a0<\/td>\n<td>Presse und Sponsoring \/ Press and Sponsoring<\/td>\n<td>Susanne Haider, Sarah Hellwagner, art:phalanx<\/td>\n<td>\u00a0<\/td>\n<td>Statik \/ Structural Engeneer<\/td>\n<td>Gmeiner Haferl Zivilingenieure ZT GmbH (Henke Schreieck)<\/td>\n<td>\u00a0<\/td>\n<td>Lichtkonzept \/ Light Concept<\/td>\n<td>Manfred Draxl \/ conceptlicht.at in Zusammenarbeit mit Zumtobel Lighting GmbH<\/td>\n<td>\u00a0<\/td>\n<td>Aufbauteam Henke Schreieck \/ Construction Team Henke Schreieck<\/td>\n<td>Lichtraum:<\/td>\n<td>Anna Rubin, Ramal Tien, Ulrich Scuhr, Corrado Battori, Enrico Fabris<\/td>\n<td>\u00a0<\/td>\n<td>Konstruktion:<\/td>\n<td>Stefan Gatterer, Miroslav Hudec, Pavol Juhas, Manuel Kostner, Elias Moroder, Fabian Oberhofer, Oliver Prossliner, Mario Sacco, Kevin Schieder, Martin Senoner, Klaus Vieider, G\u00fcnther Runggatscher<\/td>\n<td>\u00a0<\/td>\n<td>Wandbeschichtung:<\/td>\n<td>Gerold Ulrich, Paolo Pepe, Massimo Pepe<\/td>\n<td>\u00a0<\/td>\n<td>Sponsors:<\/td>\n<td>Tischlerei Erlacher, Gmeiner Haferl, Conceptlicht<\/td>\n<td>\u00a0<\/td>\n<\/tr>\n<\/tbody>\n<\/table>\n<p><\/div><br \/><div id=\"links-link-3093\" class=\"sh-link links-link sh-hide\"><a href=\"#\" onclick=\"showhide_toggle('links', 3093, '\u2192 Beschreibung', 'Beschreibung \u2190'); return false;\" aria-expanded=\"false\"><span id=\"links-toggle-3093\">\u2192 Beschreibung<\/span><\/a><\/div><div id=\"links-content-3093\" class=\"sh-content links-content sh-hide\" style=\"display: none;\"><\/p>\n<p>Henke Schreieck, \u201eLayers of Atmosphere\u201c<br \/>Installation, 2018<\/p>\n<p>Dieter Henke und Marta Schreieck tauchen die beiden spiegelgleichen R\u00e4ume der vorderen Achse des Pavillons durch verschiedene Gestaltungselemente in zwei unterschiedliche Atmosph\u00e4ren. Ausgangspunkt f\u00fcr beide Objekte bilden die l\u00e4nglichen Oberlichter. Einmal wird der Raum mittig mit einer h\u00f6lzernen, begehbaren Raumskulptur besetzt. Einmal bleibt die Mitte des Raumes als Lichtatrium frei. Es sind Objekte, die auf den vorhandenen Raum und auch auf die spiegelnde Sph\u00e4re reagieren, den Raum in seiner strengen Symmetrie aufl\u00f6sen und mit einem fl\u00e4chenm\u00e4\u00dfig kleinen \u201eFu\u00dfabdruck\u201c auskommen. Der \u201ewestliche\u201c Raum ist ein Raum \u00fcber die Poesie der Konstruktion. Er ist besetzt von einem Holzrahmenwerk aus massiver Eiche. 6,75 x 6,75 x 1,85 m welches mit Martin Huber entwickelt wurde. Auf den ersten Blick ein simples Gestell. Auf den zweiten Blick irritiert die fehlende Durchg\u00e4ngigkeit der vertikalen und der H\u00f6henversatz der horizontalen St\u00e4be innerhalb des quadratischen Rahmenkonstrukts. Dies ergibt einerseits Leerr\u00e4ume, welche eine Spannung erzeugen, andererseits eine differenzierte Ma\u00dfst\u00e4blichkeit mit unterschiedlicher Raumdimension \u2013 einem Raumplan gleich. Das Objekt k\u00f6nnte als vergr\u00f6\u00dfertes M\u00f6bel gesehen werden, welches als Readymade in den Raum gestellt wird und als begehbare Skulptur erschlossen werden kann. Teilweise greifen Ebenen aus dem umschlie\u00dfenden Rahmen, wodurch der Innen- und Au\u00dfenraum des Pavillons erfahrbar wird. \u00dcber eine Br\u00fccke wird die g\u00e4nzlich andere Atmosph\u00e4re des \u201e\u00f6stlichen Raumes\u201c erschlossen. Die Br\u00fccke f\u00fchrt in den Lichtraum des Atriums, dessen W\u00e4nde aus diffusen Papierw\u00e4nden gebildet werden, die das Oberlicht rahmen. Die kontemplative Aura dieses Raumes wird gest\u00e4rkt durch die dunkle Beschichtung der umh\u00fcllenden W\u00e4nde. Der Lichtraum wurde von der in K\u00e4rnten lebenden Drachenbauerin Anna Rubin mitkonzipiert und realisiert. Papierschichten fassen das Licht, begleiten es in den Raum, umh\u00fcllen es. Die Au\u00dfenfl\u00e4chen sind aus mattem und \u201estillem\u201c Kozupapier materialisiert. Innen verlaufen Papierbahnen aus schimmerndem, knisterndem Gampi. Die Papierschichten bewegen sich, ber\u00fchren sich. Mit dem Luftzug und durch die Bewegung der Besucher\/innen entstehen immer neue Schattenspiele und Lichtstreifen auf bewegten Fl\u00e4chen. So stehen sich diese R\u00e4ume nicht gegens\u00e4tzlich gegen\u00fcber, sondern erg\u00e4nzen sich als Ost und West, Haut und Skelett, Papier und Holz, Licht und Konstruktion, Imagination und Kognition, Dichte und Leere.<br \/>Henke Schreieck deuten Freespace in ihrem Beitrag nicht blo\u00df als Au\u00dfenraum. Ihr Interesse gilt dem Raum an sich. Im Fokus ihrer Arbeit steht das Schaffen von Atmosph\u00e4re durch Material, Oberfl\u00e4che, Licht, Haptik, Ger\u00e4usche, durch Ger\u00fcche, Schatten und Bewegung und der Anspruch, r\u00e4umliche Qualit\u00e4ten sinnlich erfassbar und lesbar und damit als Gedanken greifbar zu machen. Der Gesamtraum erschlie\u00dft sich durch die ihm eingestellten Objekte.<\/p>\n<p>Verena Konrad, Mai 2018<\/p>\n<p>Gedanken zur Installation<br \/>\u201eLayers of Atmosphere\u201c von Henke Schreieck<\/p>\n<p>Venedig ist ein Ort, wo sich Kulturen begegnen; ein historisches Zentrum f\u00fcr den Austausch von Waren, Kunst und Ideen; ein Platz, wo sich Menschen aus aller Welt treffen, zu verschiedenen Anl\u00e4ssen \u2013 wie der Biennale. Auf deren Gel\u00e4nde stehen die L\u00e4nderpavillons, in denen die Idee von Nation als geschlossener Kulturraum weiterlebt. Auch der \u00d6sterreichpavillon aus der Zeit des St\u00e4ndestaates repr\u00e4sentiert nationale Selbstbehauptung in einer Formensprache der Abschlie\u00dfung.<br \/>Auf diese symbolische Polarit\u00e4t des Ortes antwortet die Rauminstallation von Henke\/Schreieck, indem sie die Dualit\u00e4t von (national) geschlossen\/(welt)offen im Spannungsverh\u00e4ltnis der durch strenge Symmetrie, Axialit\u00e4t und Monumentalit\u00e4t einengenden Pavillonarchitektur mit einer diesen Rahmen sprengenden asymmetrischen, leichten Konstruktion inszeniert. Dabei spielt die West-Ost-Dialektik eine leitende Rolle. Ausgehend von der Ausrichtung des zweiteiligen Pavillons ist der Orient in dieser Installation in verschiedenen Parametern pr\u00e4sent: materiell in der Verwendung von weichem Japanpapier in der Gestaltung des Ost-Raums, atmosph\u00e4risch aber die ganze Struktur durchdringend. Auch der konstruktivistische Aufbau aus Balken, Podesten und Treppen im West-Raum folgt keiner rationalen Planung, sondern erscheint in seiner dynamisch in beide Teile auskragenden Struktur r\u00e4tselhaft de-konstruktivistisch gebrochen. Konventionell dem Westen wie dem Osten zugeschriebene Merkmale wie rational\/mystisch, materiell\/spirituell, hell\/dunkel, fragmentarisch\/holistisch werden in dieser Installation nicht einander gegen\u00fcbergestellt, sondern dialektisch aufeinander bezogen, um einen solche Gegens\u00e4tze \u00fcbersteigenden dritten Raum zu schaffen.<br \/>Die Installation zeigt auch, dass Raum sich in der Erfahrung konstituiert, d.h. in Aktion und Kognition. Erst in der Begehung erschlie\u00dfen sich die sinnlichen Dimensionen des Raums. Im wechselnden Kontakt mit verschiedenen Formen und Materialien der Installation wird er aber nicht nur optisch, akustisch oder haptisch, sondern auch \u00fcbersinnlich als ein Ph\u00e4nomen des Dazwischen erfahrbar. Eine solche Erfahrung ist \u00e4sthetisch im urspr\u00fcnglichen Sinn des Wortes (d.h. sinnlich erkannt) und kann das Bewusstsein f\u00fcr die Qualit\u00e4t von R\u00e4umen sch\u00e4rfen.<br \/>Die Installation von Henke\/Schreieck hat das Potenzial, durch \u00e4sthetische Steigerung einen bewussteren Umgang mit R\u00e4umen anzusto\u00dfen. Und sie weist darauf hin, dass die Kommerzialisierung aller Lebensbereiche auch unsere R\u00e4ume einengt und dass dem etwas entgegenzusetzen ist, n\u00e4mlich \u201efreespace\u201c.<\/p>\n<p>Walter Ruprechter, April 2018<\/p>\n<p><\/div><br \/><div id=\"links2-link-3093\" class=\"sh-link links2-link sh-hide\"><a href=\"#\" onclick=\"showhide_toggle('links2', 3093, '\u2192 Publikationen', 'Publikationen \u2190'); return false;\" aria-expanded=\"false\"><span id=\"links2-toggle-3093\">\u2192 Publikationen<\/span><\/a><\/div><div id=\"links2-content-3093\" class=\"sh-content links2-content sh-hide\" style=\"display: none;\"><\/p>\n<ul>\n<li><a href=\"http:\/\/www.henkeschreieck.at\/wp-content\/uploads\/2018\/06\/Modulor_Publikation-Biennale_gesamt.pdf\">Modulor_Publikation Biennale_gesamt<\/a> \u00a0 <br \/><br \/><\/div><\/li>\n<\/ul>\n\n\n<p><\/p>\n","protected":false},"excerpt":{"rendered":"","protected":false},"author":4,"featured_media":0,"parent":15,"menu_order":0,"comment_status":"closed","ping_status":"closed","template":"","meta":{"_seopress_robots_primary_cat":"","_seopress_titles_title":"","_seopress_titles_desc":"","_seopress_robots_index":"","ocean_post_layout":"","ocean_both_sidebars_style":"","ocean_both_sidebars_content_width":0,"ocean_both_sidebars_sidebars_width":0,"ocean_sidebar":"0","ocean_second_sidebar":"0","ocean_disable_margins":"enable","ocean_add_body_class":"","ocean_shortcode_before_top_bar":"","ocean_shortcode_after_top_bar":"","ocean_shortcode_before_header":"","ocean_shortcode_after_header":"","ocean_has_shortcode":"","ocean_shortcode_after_title":"","ocean_shortcode_before_footer_widgets":"","ocean_shortcode_after_footer_widgets":"","ocean_shortcode_before_footer_bottom":"","ocean_shortcode_after_footer_bottom":"","ocean_display_top_bar":"default","ocean_display_header":"default","ocean_header_style":"","ocean_center_header_left_menu":"0","ocean_custom_header_template":"0","ocean_custom_logo":0,"ocean_custom_retina_logo":0,"ocean_custom_logo_max_width":0,"ocean_custom_logo_tablet_max_width":0,"ocean_custom_logo_mobile_max_width":0,"ocean_custom_logo_max_height":0,"ocean_custom_logo_tablet_max_height":0,"ocean_custom_logo_mobile_max_height":0,"ocean_header_custom_menu":"0","ocean_menu_typo_font_family":"0","ocean_menu_typo_font_subset":"","ocean_menu_typo_font_size":0,"ocean_menu_typo_font_size_tablet":0,"ocean_menu_typo_font_size_mobile":0,"ocean_menu_typo_font_size_unit":"px","ocean_menu_typo_font_weight":"","ocean_menu_typo_font_weight_tablet":"","ocean_menu_typo_font_weight_mobile":"","ocean_menu_typo_transform":"","ocean_menu_typo_transform_tablet":"","ocean_menu_typo_transform_mobile":"","ocean_menu_typo_line_height":0,"ocean_menu_typo_line_height_tablet":0,"ocean_menu_typo_line_height_mobile":0,"ocean_menu_typo_line_height_unit":"","ocean_menu_typo_spacing":0,"ocean_menu_typo_spacing_tablet":0,"ocean_menu_typo_spacing_mobile":0,"ocean_menu_typo_spacing_unit":"","ocean_menu_link_color":"","ocean_menu_link_color_hover":"","ocean_menu_link_color_active":"","ocean_menu_link_background":"","ocean_menu_link_hover_background":"","ocean_menu_link_active_background":"","ocean_menu_social_links_bg":"","ocean_menu_social_hover_links_bg":"","ocean_menu_social_links_color":"","ocean_menu_social_hover_links_color":"","ocean_disable_title":"default","ocean_disable_heading":"default","ocean_post_title":"","ocean_post_subheading":"","ocean_post_title_style":"","ocean_post_title_background_color":"","ocean_post_title_background":0,"ocean_post_title_bg_image_position":"","ocean_post_title_bg_image_attachment":"","ocean_post_title_bg_image_repeat":"","ocean_post_title_bg_image_size":"","ocean_post_title_height":0,"ocean_post_title_bg_overlay":0.5,"ocean_post_title_bg_overlay_color":"","ocean_disable_breadcrumbs":"default","ocean_breadcrumbs_color":"","ocean_breadcrumbs_separator_color":"","ocean_breadcrumbs_links_color":"","ocean_breadcrumbs_links_hover_color":"","ocean_display_footer_widgets":"default","ocean_display_footer_bottom":"default","ocean_custom_footer_template":"0","footnotes":""},"_links":{"self":[{"href":"https:\/\/www.henkeschreieck.at\/index.php\/wp-json\/wp\/v2\/pages\/3093"}],"collection":[{"href":"https:\/\/www.henkeschreieck.at\/index.php\/wp-json\/wp\/v2\/pages"}],"about":[{"href":"https:\/\/www.henkeschreieck.at\/index.php\/wp-json\/wp\/v2\/types\/page"}],"author":[{"embeddable":true,"href":"https:\/\/www.henkeschreieck.at\/index.php\/wp-json\/wp\/v2\/users\/4"}],"replies":[{"embeddable":true,"href":"https:\/\/www.henkeschreieck.at\/index.php\/wp-json\/wp\/v2\/comments?post=3093"}],"version-history":[{"count":0,"href":"https:\/\/www.henkeschreieck.at\/index.php\/wp-json\/wp\/v2\/pages\/3093\/revisions"}],"up":[{"embeddable":true,"href":"https:\/\/www.henkeschreieck.at\/index.php\/wp-json\/wp\/v2\/pages\/15"}],"wp:attachment":[{"href":"https:\/\/www.henkeschreieck.at\/index.php\/wp-json\/wp\/v2\/media?parent=3093"}],"curies":[{"name":"wp","href":"https:\/\/api.w.org\/{rel}","templated":true}]}}