{"id":1021,"date":"2015-04-21T08:52:54","date_gmt":"2015-04-21T08:52:54","guid":{"rendered":"http:\/\/www.henkeschreieck.at\/?page_id=1021"},"modified":"2022-02-15T10:56:08","modified_gmt":"2022-02-15T10:56:08","slug":"cv","status":"publish","type":"page","link":"https:\/\/www.henkeschreieck.at\/index.php\/office\/cv\/","title":{"rendered":"CV"},"content":{"rendered":"<p><strong>DIETER HENKE <\/strong><\/p>\n<p><strong>1952<\/strong> Geboren in K\u00f6ssen\/Tirol<br \/>\n<strong>1973-1980<\/strong> Architekturstudium an der Akademie der Bildenden K\u00fcnste in Wien &#8211; Meisterschule Prof. Dr. Roland Rainer<br \/>\n<strong>1981-1982<\/strong> Assistent am Institut f\u00fcr St\u00e4dtebau &#8211; Akademie der Bildenden K\u00fcnste<br \/>\n<strong>1982<\/strong> seit 1982 gemeinsames B\u00fcro mit Marta Schreieck<br \/>\n<strong>2006-2009<\/strong> Gestaltungsbeirat Steyr<br \/>\n<strong>2017-2020<\/strong> BMUK- Beirat f\u00fcr Architektur + Design<br \/>\n<strong>lfd.<\/strong> Juror bei Wettbewerben im In- und Ausland<\/p>\n<p><strong><strong>MARTA SCHREIECK<\/strong> <\/strong><\/p>\n<p><strong>1954<\/strong> Geboren in Innsbruck\/Tirol<br \/>\n<strong>1975\u20131981<\/strong> Architekturstudium an der Akademie der bildenden K\u00fcnste Wien,Prof. Roland Rainer und Prof. Timo Penttil\u00e4<br \/>\n<strong>1982<\/strong> seit 1982 gemeinsames B\u00fcro mit Dieter Henke<br \/>\n<strong>1993<\/strong> Lehrauftrag an der Fakult\u00e4t f\u00fcr Bauingenieurwesen und Architekturder Universit\u00e4t Innsbruck<br \/>\n<strong>1995<\/strong> Gastprofessur an der Akademie der bildenden K\u00fcnste Wien<br \/>\n<strong>1995-2013<\/strong> Gestaltungsbeirat Feldkirch, Linz, Salzburg, Regensburg, Karlsruhe, Graz<br \/>\n<strong>2004<\/strong> Kommiss\u00e4rin des \u00d6sterreichbeitrages der 9.Architekturbiennale in Venedig<br \/>\n<strong>2005-<\/strong> Mitglied Akademie der K\u00fcnste Berlin<br \/>\n<strong>2007-2017<\/strong> Pr\u00e4sidentin der Zentralvereinigung der Architekten \u00d6sterreichs<br \/>\n<strong>2009-2014<\/strong> BMUK \u2013 Beirat f\u00fcr Architektur + Design<br \/>\n<strong>2009-2013<\/strong> BIG Architektur Beirat<br \/>\n<strong>2011-2015<\/strong> Fachbeirat Graz<br \/>\n<strong>lfd.<\/strong> Jurorin bei Wettbewerben im In- und Ausland<\/p>\n<p><strong>GAVIN RAE <\/strong><\/p>\n<p><strong>1961<\/strong> Geboren in Edinburgh, Schottland<br \/>\n<strong>1980-1983<\/strong> Architekturstudium \u2013 University at Bristol<br \/>\n<strong>1984-1987 <\/strong>Architekturdiplom PCL &#8211; London<br \/>\n<strong>1994 <\/strong>seit 1994 t\u00e4tig f\u00fcr Henke Schreieck<\/p>\n","protected":false},"excerpt":{"rendered":"<p>DIETER HENKE 1952 Geboren in K\u00f6ssen\/Tirol 1973-1980 Architekturstudium an der Akademie der Bildenden K\u00fcnste in Wien &#8211; Meisterschule Prof. Dr. Roland Rainer 1981-1982 Assistent am Institut f\u00fcr St\u00e4dtebau &#8211; Akademie der Bildenden K\u00fcnste 1982 seit 1982 gemeinsames B\u00fcro mit Marta Schreieck 2006-2009 Gestaltungsbeirat Steyr 2017-2020 BMUK- Beirat f\u00fcr Architektur + Design lfd. Juror bei Wettbewerben [&hellip;]<\/p>\n","protected":false},"author":1,"featured_media":0,"parent":25,"menu_order":1,"comment_status":"closed","ping_status":"closed","template":"","meta":{"_seopress_robots_primary_cat":"","_seopress_titles_title":"","_seopress_titles_desc":"","_seopress_robots_index":"","ocean_post_layout":"","ocean_both_sidebars_style":"","ocean_both_sidebars_content_width":0,"ocean_both_sidebars_sidebars_width":0,"ocean_sidebar":"","ocean_second_sidebar":"","ocean_disable_margins":"enable","ocean_add_body_class":"","ocean_shortcode_before_top_bar":"","ocean_shortcode_after_top_bar":"","ocean_shortcode_before_header":"","ocean_shortcode_after_header":"","ocean_has_shortcode":"","ocean_shortcode_after_title":"","ocean_shortcode_before_footer_widgets":"","ocean_shortcode_after_footer_widgets":"","ocean_shortcode_before_footer_bottom":"","ocean_shortcode_after_footer_bottom":"","ocean_display_top_bar":"default","ocean_display_header":"default","ocean_header_style":"","ocean_center_header_left_menu":"","ocean_custom_header_template":"","ocean_custom_logo":0,"ocean_custom_retina_logo":0,"ocean_custom_logo_max_width":0,"ocean_custom_logo_tablet_max_width":0,"ocean_custom_logo_mobile_max_width":0,"ocean_custom_logo_max_height":0,"ocean_custom_logo_tablet_max_height":0,"ocean_custom_logo_mobile_max_height":0,"ocean_header_custom_menu":"","ocean_menu_typo_font_family":"","ocean_menu_typo_font_subset":"","ocean_menu_typo_font_size":0,"ocean_menu_typo_font_size_tablet":0,"ocean_menu_typo_font_size_mobile":0,"ocean_menu_typo_font_size_unit":"px","ocean_menu_typo_font_weight":"","ocean_menu_typo_font_weight_tablet":"","ocean_menu_typo_font_weight_mobile":"","ocean_menu_typo_transform":"","ocean_menu_typo_transform_tablet":"","ocean_menu_typo_transform_mobile":"","ocean_menu_typo_line_height":0,"ocean_menu_typo_line_height_tablet":0,"ocean_menu_typo_line_height_mobile":0,"ocean_menu_typo_line_height_unit":"","ocean_menu_typo_spacing":0,"ocean_menu_typo_spacing_tablet":0,"ocean_menu_typo_spacing_mobile":0,"ocean_menu_typo_spacing_unit":"","ocean_menu_link_color":"","ocean_menu_link_color_hover":"","ocean_menu_link_color_active":"","ocean_menu_link_background":"","ocean_menu_link_hover_background":"","ocean_menu_link_active_background":"","ocean_menu_social_links_bg":"","ocean_menu_social_hover_links_bg":"","ocean_menu_social_links_color":"","ocean_menu_social_hover_links_color":"","ocean_disable_title":"default","ocean_disable_heading":"default","ocean_post_title":"","ocean_post_subheading":"","ocean_post_title_style":"","ocean_post_title_background_color":"","ocean_post_title_background":0,"ocean_post_title_bg_image_position":"","ocean_post_title_bg_image_attachment":"","ocean_post_title_bg_image_repeat":"","ocean_post_title_bg_image_size":"","ocean_post_title_height":0,"ocean_post_title_bg_overlay":0.5,"ocean_post_title_bg_overlay_color":"","ocean_disable_breadcrumbs":"default","ocean_breadcrumbs_color":"","ocean_breadcrumbs_separator_color":"","ocean_breadcrumbs_links_color":"","ocean_breadcrumbs_links_hover_color":"","ocean_display_footer_widgets":"default","ocean_display_footer_bottom":"default","ocean_custom_footer_template":"","footnotes":""},"_links":{"self":[{"href":"https:\/\/www.henkeschreieck.at\/index.php\/wp-json\/wp\/v2\/pages\/1021"}],"collection":[{"href":"https:\/\/www.henkeschreieck.at\/index.php\/wp-json\/wp\/v2\/pages"}],"about":[{"href":"https:\/\/www.henkeschreieck.at\/index.php\/wp-json\/wp\/v2\/types\/page"}],"author":[{"embeddable":true,"href":"https:\/\/www.henkeschreieck.at\/index.php\/wp-json\/wp\/v2\/users\/1"}],"replies":[{"embeddable":true,"href":"https:\/\/www.henkeschreieck.at\/index.php\/wp-json\/wp\/v2\/comments?post=1021"}],"version-history":[{"count":0,"href":"https:\/\/www.henkeschreieck.at\/index.php\/wp-json\/wp\/v2\/pages\/1021\/revisions"}],"up":[{"embeddable":true,"href":"https:\/\/www.henkeschreieck.at\/index.php\/wp-json\/wp\/v2\/pages\/25"}],"wp:attachment":[{"href":"https:\/\/www.henkeschreieck.at\/index.php\/wp-json\/wp\/v2\/media?parent=1021"}],"curies":[{"name":"wp","href":"https:\/\/api.w.org\/{rel}","templated":true}]}}